{"id":6673,"date":"2024-12-29T08:03:21","date_gmt":"2024-12-29T08:03:21","guid":{"rendered":"https:\/\/parashopnarimel.com\/?post_type=product&#038;p=6673"},"modified":"2025-01-20T14:54:47","modified_gmt":"2025-01-20T14:54:47","slug":"hydro-boost-eau-micellaire-triple-action","status":"publish","type":"product","link":"https:\/\/parashopnarimel.com\/ar\/product\/hydro-boost-eau-micellaire-triple-action\/","title":{"rendered":"Hydro Boost\u00ae : Eau Micellaire Triple Action"},"content":{"rendered":"<p>Eau Micellaire Triple Action Hydro Boost\u00ae : une formule unique enrichie en Acide Hyaluronique et qui contient trois types de micelles, qui agissent en synergie pour une triple action :<br \/>\n\u2013 D\u00e9maquille le maquillage tenace, m\u00eame le mascara waterproof<br \/>\n\u2013 Elimine toutes les impuret\u00e9s et l\u2019exc\u00e8s de s\u00e9bum<br \/>\n\u2013 Booste l\u2019hydratation<br \/>\nPlus qu\u2019une eau nettoyante, l\u2019eau micellaire Triple Action Hydro Boost\u00ae hydrate \u00e9galement la peau.<br \/>\nSa formulation unique, \u00e0 l\u2019acide hyaluronique et sans glyc\u00e9rine, garantit une peau hydrat\u00e9e, sans fini collant.<br \/>\n94 % des femmes trouvent que leur peau est parfaitement nettoy\u00e9e*.<br \/>\nTest\u00e9e sous contr\u00f4le dermatologique et ophtalmologique<br \/>\nConvient aux peaux sensibles \u2013 Non com\u00e9dog\u00e8ne<br \/>\n*Auto-\u00e9valuation, 54 volontaires de 18 \u00e0 70 ans, apr\u00e8s une semaine d\u2019utilisation de l\u2019eau micellaire, deux fois par jour, 2016.<\/p>","protected":false},"excerpt":{"rendered":"<p>Neutrogena Hydro Boost Eau Micellaire Triple Action 400 ml est un soin \u00e0 la formule unique enrichie en Acide Hyaluronique et qui contient trois types de micelles, qui agissent en synergie pour une triple action :<br \/>\nD\u00e9maquille le maquillage tenace, m\u00eame le mascara waterproof ;<br \/>\nElimine toutes les impuret\u00e9s et l\u2019exc\u00e8s de s\u00e9bum ;<br \/>\nBooste l\u2019hydratation.<\/p>","protected":false},"featured_media":6760,"comment_status":"open","ping_status":"closed","template":"","meta":[],"product_brand":[],"product_cat":[96,2905],"product_tag":[],"class_list":{"0":"post-6673","1":"product","2":"type-product","3":"status-publish","4":"has-post-thumbnail","6":"product_cat-non-classe","7":"product_cat-lotion","9":"first","10":"instock","11":"shipping-taxable","12":"purchasable","13":"product-type-simple"},"_links":{"self":[{"href":"https:\/\/parashopnarimel.com\/ar\/wp-json\/wp\/v2\/product\/6673","targetHints":{"allow":["GET"]}}],"collection":[{"href":"https:\/\/parashopnarimel.com\/ar\/wp-json\/wp\/v2\/product"}],"about":[{"href":"https:\/\/parashopnarimel.com\/ar\/wp-json\/wp\/v2\/types\/product"}],"replies":[{"embeddable":true,"href":"https:\/\/parashopnarimel.com\/ar\/wp-json\/wp\/v2\/comments?post=6673"}],"version-history":[{"count":2,"href":"https:\/\/parashopnarimel.com\/ar\/wp-json\/wp\/v2\/product\/6673\/revisions"}],"predecessor-version":[{"id":8290,"href":"https:\/\/parashopnarimel.com\/ar\/wp-json\/wp\/v2\/product\/6673\/revisions\/8290"}],"wp:featuredmedia":[{"embeddable":true,"href":"https:\/\/parashopnarimel.com\/ar\/wp-json\/wp\/v2\/media\/6760"}],"wp:attachment":[{"href":"https:\/\/parashopnarimel.com\/ar\/wp-json\/wp\/v2\/media?parent=6673"}],"wp:term":[{"taxonomy":"product_brand","embeddable":true,"href":"https:\/\/parashopnarimel.com\/ar\/wp-json\/wp\/v2\/product_brand?post=6673"},{"taxonomy":"product_cat","embeddable":true,"href":"https:\/\/parashopnarimel.com\/ar\/wp-json\/wp\/v2\/product_cat?post=6673"},{"taxonomy":"product_tag","embeddable":true,"href":"https:\/\/parashopnarimel.com\/ar\/wp-json\/wp\/v2\/product_tag?post=6673"}],"curies":[{"name":"wp","href":"https:\/\/api.w.org\/{rel}","templated":true}]}}