{"id":6689,"date":"2024-12-29T08:03:44","date_gmt":"2024-12-29T08:03:44","guid":{"rendered":"https:\/\/parashopnarimel.com\/?post_type=product&#038;p=6689"},"modified":"2025-04-30T20:50:27","modified_gmt":"2025-04-30T20:50:27","slug":"aqua-gel-nettoyant-hydratant-hydro-boost","status":"publish","type":"product","link":"https:\/\/parashopnarimel.com\/ar\/product\/aqua-gel-nettoyant-hydratant-hydro-boost\/","title":{"rendered":"Aqua-Gel Nettoyant Hydratant \u2013 Hydro Boost"},"content":{"rendered":"<p>Un gel innovant &amp; l\u00e9ger ET qui s\u2019active au contact de l\u2019eau.<br \/>\nL\u2019accumulation de facteurs tels que les agressions ext\u00e9rieures ou une vie active rythm\u00e9e peut entra\u00eener une d\u00e9shydratation de la peau et une alt\u00e9ration de la barri\u00e8re cutan\u00e9e, le teint devient terne, brouill\u00e9.<br \/>\nGr\u00e2ce \u00e0 sa formule contenant un agent hydratant et de l\u2019acide hyaluronique le nettoyant aqua-gel Hydro Boost\u00ae booste l\u2019hydratation. Il nettoie la peau en douceur et d\u00e9salt\u00e8re la peau en profondeur.<br \/>\nPour Neutrogena\u00ae, l\u2019hydratation est la source d\u2019une peau \u00e9clatante de sant\u00e9.<br \/>\nCe gel innovant et l\u00e9ger s\u2019active au contact de l\u2019eau, pour d\u00e9loger impuret\u00e9s, traces de maquillage et exc\u00e8s de s\u00e9bum en ne laissant aucun r\u00e9sidu. Il ne se contente pas seulement de nettoyer, il d\u00e9salt\u00e8re aussi la peau et booste son hydratation.<br \/>\nLa formule renfermant la technologie nettoyante Neutrogena\u00ae BarrierCare\u00ae, un agent hydratant et de l\u2019acide hyaluronique, permet de booster le niveau d\u2019hydratation tout en aidant \u00e0 prot\u00e9ger la barri\u00e8re cutan\u00e9e.<br \/>\nNettoy\u00e9e la peau est fra\u00eeche, nette et souple au toucher<br \/>\nNon com\u00e9dog\u00e8ne.<\/p>","protected":false},"excerpt":{"rendered":"<p>Ce gel innovant et l\u00e9ger s\u2019active au contact de l\u2019eau, pour d\u00e9loger impuret\u00e9s, traces de maquillage et exc\u00e8s de s\u00e9bum en ne laissant aucun r\u00e9sidu. Il ne se contente pas seulement de nettoyer, il d\u00e9salt\u00e8re aussi la peau et booste son hydratation.<\/p>","protected":false},"featured_media":6764,"comment_status":"open","ping_status":"closed","template":"","meta":[],"product_brand":[],"product_cat":[96,22],"product_tag":[],"class_list":{"0":"post-6689","1":"product","2":"type-product","3":"status-publish","4":"has-post-thumbnail","6":"product_cat-non-classe","7":"product_cat-nettoyant","9":"first","10":"instock","11":"shipping-taxable","12":"purchasable","13":"product-type-simple"},"_links":{"self":[{"href":"https:\/\/parashopnarimel.com\/ar\/wp-json\/wp\/v2\/product\/6689","targetHints":{"allow":["GET"]}}],"collection":[{"href":"https:\/\/parashopnarimel.com\/ar\/wp-json\/wp\/v2\/product"}],"about":[{"href":"https:\/\/parashopnarimel.com\/ar\/wp-json\/wp\/v2\/types\/product"}],"replies":[{"embeddable":true,"href":"https:\/\/parashopnarimel.com\/ar\/wp-json\/wp\/v2\/comments?post=6689"}],"version-history":[{"count":2,"href":"https:\/\/parashopnarimel.com\/ar\/wp-json\/wp\/v2\/product\/6689\/revisions"}],"predecessor-version":[{"id":8289,"href":"https:\/\/parashopnarimel.com\/ar\/wp-json\/wp\/v2\/product\/6689\/revisions\/8289"}],"wp:featuredmedia":[{"embeddable":true,"href":"https:\/\/parashopnarimel.com\/ar\/wp-json\/wp\/v2\/media\/6764"}],"wp:attachment":[{"href":"https:\/\/parashopnarimel.com\/ar\/wp-json\/wp\/v2\/media?parent=6689"}],"wp:term":[{"taxonomy":"product_brand","embeddable":true,"href":"https:\/\/parashopnarimel.com\/ar\/wp-json\/wp\/v2\/product_brand?post=6689"},{"taxonomy":"product_cat","embeddable":true,"href":"https:\/\/parashopnarimel.com\/ar\/wp-json\/wp\/v2\/product_cat?post=6689"},{"taxonomy":"product_tag","embeddable":true,"href":"https:\/\/parashopnarimel.com\/ar\/wp-json\/wp\/v2\/product_tag?post=6689"}],"curies":[{"name":"wp","href":"https:\/\/api.w.org\/{rel}","templated":true}]}}