{"id":6712,"date":"2024-12-29T08:04:09","date_gmt":"2024-12-29T08:04:09","guid":{"rendered":"https:\/\/parashopnarimel.com\/?post_type=product&#038;p=6712"},"modified":"2025-01-20T14:54:20","modified_gmt":"2025-01-20T14:54:20","slug":"aqua-gel-hydratant-hydro-boost","status":"publish","type":"product","link":"https:\/\/parashopnarimel.com\/ar\/product\/aqua-gel-hydratant-hydro-boost\/","title":{"rendered":"Aqua-Gel Hydratant \u2013 Hydro Boost"},"content":{"rendered":"<p>Pour Neutrogena\u00ae, l\u2019hydratation est la source d\u2019une peau \u00e9clatante de sant\u00e9.<br \/>\nL\u2019aqua-gel Hydro Boost\u00ae est un soin hydratant unique qui allie la l\u00e9g\u00e8ret\u00e9 d\u2019une texture gel ET le pouvoir nourrissant longue dur\u00e9e d\u2019une cr\u00e8me. Il d\u00e9salt\u00e8re instantan\u00e9ment la peau et la maintient hydrat\u00e9e durant 24H.<br \/>\nSa formule renfermant un complexe unique avec de l\u2019acide hyaluronique, aide \u00e0 :<br \/>\n1. Ressourcer l\u2019\u00e9piderme par un booste d\u2019hydratation et retenir l\u2019eau en cr\u00e9ant une r\u00e9serve d\u2019hydratation.<br \/>\n2. Prot\u00e9ger la barri\u00e8re de la peau et hydrater en continu tout au long de la journ\u00e9e.<br \/>\nLa peau gorg\u00e9e d\u2019eau devient plus lisse, souple et visiblement r\u00e9g\u00e9n\u00e9r\u00e9e.<br \/>\nIndications:<br \/>\nPeaux normales \u00e0 s\u00e8ches.<br \/>\nNon gras. Non com\u00e9dog\u00e8ne. Adapt\u00e9 aux peaux sensibles.<\/p>","protected":false},"excerpt":{"rendered":"<p>L\u2019aqua-gel Hydro Boost\u00ae est un soin hydratant unique qui allie la l\u00e9g\u00e8ret\u00e9 d\u2019une texture gel ET le pouvoir nourrissant longue dur\u00e9e d\u2019une cr\u00e8me<\/p>","protected":false},"featured_media":6788,"comment_status":"open","ping_status":"closed","template":"","meta":[],"product_brand":[],"product_cat":[96,29],"product_tag":[],"class_list":{"0":"post-6712","1":"product","2":"type-product","3":"status-publish","4":"has-post-thumbnail","6":"product_cat-non-classe","7":"product_cat-creme","9":"first","10":"instock","11":"sale","12":"shipping-taxable","13":"purchasable","14":"product-type-simple"},"_links":{"self":[{"href":"https:\/\/parashopnarimel.com\/ar\/wp-json\/wp\/v2\/product\/6712","targetHints":{"allow":["GET"]}}],"collection":[{"href":"https:\/\/parashopnarimel.com\/ar\/wp-json\/wp\/v2\/product"}],"about":[{"href":"https:\/\/parashopnarimel.com\/ar\/wp-json\/wp\/v2\/types\/product"}],"replies":[{"embeddable":true,"href":"https:\/\/parashopnarimel.com\/ar\/wp-json\/wp\/v2\/comments?post=6712"}],"version-history":[{"count":2,"href":"https:\/\/parashopnarimel.com\/ar\/wp-json\/wp\/v2\/product\/6712\/revisions"}],"predecessor-version":[{"id":8288,"href":"https:\/\/parashopnarimel.com\/ar\/wp-json\/wp\/v2\/product\/6712\/revisions\/8288"}],"wp:featuredmedia":[{"embeddable":true,"href":"https:\/\/parashopnarimel.com\/ar\/wp-json\/wp\/v2\/media\/6788"}],"wp:attachment":[{"href":"https:\/\/parashopnarimel.com\/ar\/wp-json\/wp\/v2\/media?parent=6712"}],"wp:term":[{"taxonomy":"product_brand","embeddable":true,"href":"https:\/\/parashopnarimel.com\/ar\/wp-json\/wp\/v2\/product_brand?post=6712"},{"taxonomy":"product_cat","embeddable":true,"href":"https:\/\/parashopnarimel.com\/ar\/wp-json\/wp\/v2\/product_cat?post=6712"},{"taxonomy":"product_tag","embeddable":true,"href":"https:\/\/parashopnarimel.com\/ar\/wp-json\/wp\/v2\/product_tag?post=6712"}],"curies":[{"name":"wp","href":"https:\/\/api.w.org\/{rel}","templated":true}]}}