{"id":6713,"date":"2024-12-29T08:04:09","date_gmt":"2024-12-29T08:04:09","guid":{"rendered":"https:\/\/parashopnarimel.com\/?post_type=product&#038;p=6713"},"modified":"2025-01-20T14:54:08","modified_gmt":"2025-01-20T14:54:08","slug":"hydro-boost-soin-reveil-contour-des-yeux","status":"publish","type":"product","link":"https:\/\/parashopnarimel.com\/ar\/product\/hydro-boost-soin-reveil-contour-des-yeux\/","title":{"rendered":"Hydro Boost\u00ae : Soin R\u00e9veil Contour Des Yeux"},"content":{"rendered":"<p>Le Soin R\u00e9veil Contour des Yeux Hydro Boost\u00ae vous aide \u00e0 bien d\u00e9marrer votre journ\u00e9e avec une dose d\u2019hydratation intense qui ressource instantan\u00e9ment la zone du contour de l\u2019\u0153il gr\u00e2ce \u00e0 l\u2019acide hyaluronique, pour booster l\u2019hydratation et renforcer la barri\u00e8re cutan\u00e9e.<br \/>\nUn booste de fra\u00eecheur : sa texture gel l\u00e9g\u00e8re r\u00e9veille le regard et aide \u00e0 effacer les signes de fatigue. Elle p\u00e9n\u00e8tre instantan\u00e9ment.<br \/>\nRetient l\u2019hydratation pendant 24h pour garder une peau souple et un regard frais, jour apr\u00e8s jour.<br \/>\nTest\u00e9 sous contr\u00f4le dermatologique et ophtalmologique.<\/p>","protected":false},"excerpt":{"rendered":"<p>Enrichi en acide hyaluronique, le Soin R\u00e9veil Contour des Yeux Hydro Boost\u00ae vous aide \u00e0 bien d\u00e9marrer votre journ\u00e9e<\/p>","protected":false},"featured_media":6797,"comment_status":"open","ping_status":"closed","template":"","meta":[],"product_brand":[],"product_cat":[96,30],"product_tag":[],"class_list":{"0":"post-6713","1":"product","2":"type-product","3":"status-publish","4":"has-post-thumbnail","6":"product_cat-non-classe","7":"product_cat-soins-des-yeux","9":"first","10":"instock","11":"sale","12":"shipping-taxable","13":"purchasable","14":"product-type-simple"},"_links":{"self":[{"href":"https:\/\/parashopnarimel.com\/ar\/wp-json\/wp\/v2\/product\/6713","targetHints":{"allow":["GET"]}}],"collection":[{"href":"https:\/\/parashopnarimel.com\/ar\/wp-json\/wp\/v2\/product"}],"about":[{"href":"https:\/\/parashopnarimel.com\/ar\/wp-json\/wp\/v2\/types\/product"}],"replies":[{"embeddable":true,"href":"https:\/\/parashopnarimel.com\/ar\/wp-json\/wp\/v2\/comments?post=6713"}],"version-history":[{"count":2,"href":"https:\/\/parashopnarimel.com\/ar\/wp-json\/wp\/v2\/product\/6713\/revisions"}],"predecessor-version":[{"id":8287,"href":"https:\/\/parashopnarimel.com\/ar\/wp-json\/wp\/v2\/product\/6713\/revisions\/8287"}],"wp:featuredmedia":[{"embeddable":true,"href":"https:\/\/parashopnarimel.com\/ar\/wp-json\/wp\/v2\/media\/6797"}],"wp:attachment":[{"href":"https:\/\/parashopnarimel.com\/ar\/wp-json\/wp\/v2\/media?parent=6713"}],"wp:term":[{"taxonomy":"product_brand","embeddable":true,"href":"https:\/\/parashopnarimel.com\/ar\/wp-json\/wp\/v2\/product_brand?post=6713"},{"taxonomy":"product_cat","embeddable":true,"href":"https:\/\/parashopnarimel.com\/ar\/wp-json\/wp\/v2\/product_cat?post=6713"},{"taxonomy":"product_tag","embeddable":true,"href":"https:\/\/parashopnarimel.com\/ar\/wp-json\/wp\/v2\/product_tag?post=6713"}],"curies":[{"name":"wp","href":"https:\/\/api.w.org\/{rel}","templated":true}]}}