{"id":6879,"date":"2024-12-29T08:07:22","date_gmt":"2024-12-29T08:07:22","guid":{"rendered":"https:\/\/parashopnarimel.com\/?post_type=product&#038;p=6879"},"modified":"2025-01-20T14:53:55","modified_gmt":"2025-01-20T14:53:55","slug":"ecrinal-durcisseur-liquide-vitamine","status":"publish","type":"product","link":"https:\/\/parashopnarimel.com\/ar\/product\/ecrinal-durcisseur-liquide-vitamine\/","title":{"rendered":"Ecrinal Durcisseur Liquide Vitamin\u00e9"},"content":{"rendered":"<p>Ce vernis durcisseur vitamin\u00e9 de la marque Ecrinal est con\u00e7u pour r\u00e9parer, fortifier et prot\u00e9ger les ongles des mains et des pieds. Il est conseill\u00e9 pour \u00e9viter d\u2019avoir les ongles mous, d\u00e9doubl\u00e9s ou cassants. Comme la peau et les cheveux, les ongles peuvent \u00eatre fragilis\u00e9s par l\u2019environnement ext\u00e9rieur, la pollution et le vieillissement, c\u2019est pourquoi il convient d\u2019en prendre soin et de les prot\u00e9ger.<br \/>\nLe vernis durcisseur vitamin\u00e9 Ecrinal est totalement incolore et invisible (il peut convenir aussi bien \u00e0 une femme qu\u2019\u00e0 un homme). Il s\u2019applique directement sur un ongle non verni et prot\u00e8ge des agressions bact\u00e9riennes et fongiques.<br \/>\nLe vernis durcisseur vitamin\u00e9 favorise la repousse et la r\u00e9sistance de vos ongles. Il contient du silicium, du zinc, de la provitamine B5 et des Lipesters de soie. Tous ces ingr\u00e9dients sont connus pour am\u00e9liorer l\u2019\u00e9tat des phan\u00e8res.<br \/>\nIl p\u00e9n\u00e8tre et s\u00e8che rapidement. Il est non agressif et ne contient ni formol, ni tolu\u00e8ne.<br \/>\nLes ongles retrouvent tr\u00e8s vite de leur force et de leur vigueur.<br \/>\nSon flacon de 10 ml permet de l\u2019avoir toujours \u00e0 port\u00e9e de mains. Il se glisse facilement dans une trousse de toilette<\/p>","protected":false},"excerpt":{"rendered":"<p>Ecrinal Durcisseur Vitamin\u00e9 au Lipesters de Soie 10 ml r\u00e9pare, fortifie et prot\u00e8ge l\u2019ongle d\u00e9ficient contre les attaques microbiennes. Il favorise la croissance et la r\u00e9sistance de l\u2019ongle. Totalement invisible. Sa formule est non agressive. Sans formol, ni tolu\u00e8ne.<\/p>","protected":false},"featured_media":6954,"comment_status":"open","ping_status":"closed","template":"","meta":[],"product_brand":[],"product_cat":[2886,2914],"product_tag":[],"class_list":{"0":"post-6879","1":"product","2":"type-product","3":"status-publish","4":"has-post-thumbnail","6":"product_cat-soins-corps","7":"product_cat-soins-mains-et-pieds","9":"first","10":"instock","11":"shipping-taxable","12":"purchasable","13":"product-type-simple"},"_links":{"self":[{"href":"https:\/\/parashopnarimel.com\/ar\/wp-json\/wp\/v2\/product\/6879","targetHints":{"allow":["GET"]}}],"collection":[{"href":"https:\/\/parashopnarimel.com\/ar\/wp-json\/wp\/v2\/product"}],"about":[{"href":"https:\/\/parashopnarimel.com\/ar\/wp-json\/wp\/v2\/types\/product"}],"replies":[{"embeddable":true,"href":"https:\/\/parashopnarimel.com\/ar\/wp-json\/wp\/v2\/comments?post=6879"}],"version-history":[{"count":2,"href":"https:\/\/parashopnarimel.com\/ar\/wp-json\/wp\/v2\/product\/6879\/revisions"}],"predecessor-version":[{"id":8286,"href":"https:\/\/parashopnarimel.com\/ar\/wp-json\/wp\/v2\/product\/6879\/revisions\/8286"}],"wp:featuredmedia":[{"embeddable":true,"href":"https:\/\/parashopnarimel.com\/ar\/wp-json\/wp\/v2\/media\/6954"}],"wp:attachment":[{"href":"https:\/\/parashopnarimel.com\/ar\/wp-json\/wp\/v2\/media?parent=6879"}],"wp:term":[{"taxonomy":"product_brand","embeddable":true,"href":"https:\/\/parashopnarimel.com\/ar\/wp-json\/wp\/v2\/product_brand?post=6879"},{"taxonomy":"product_cat","embeddable":true,"href":"https:\/\/parashopnarimel.com\/ar\/wp-json\/wp\/v2\/product_cat?post=6879"},{"taxonomy":"product_tag","embeddable":true,"href":"https:\/\/parashopnarimel.com\/ar\/wp-json\/wp\/v2\/product_tag?post=6879"}],"curies":[{"name":"wp","href":"https:\/\/api.w.org\/{rel}","templated":true}]}}