{"id":6880,"date":"2024-12-29T08:07:22","date_gmt":"2024-12-29T08:07:22","guid":{"rendered":"https:\/\/parashopnarimel.com\/?post_type=product&#038;p=6880"},"modified":"2026-03-31T22:06:55","modified_gmt":"2026-03-31T22:06:55","slug":"mascara-noir-fortifiant-anp2-7ml-ecrinal","status":"publish","type":"product","link":"https:\/\/parashopnarimel.com\/ar\/product\/mascara-noir-fortifiant-anp2-7ml-ecrinal\/","title":{"rendered":"Mascara Noir Fortifiant Anp2+ 7Ml Ecrinal"},"content":{"rendered":"<p>Le Mascara Noir Fortifiant ECRINAL\u00ae maquille et fortifie les cils.<br \/>\nIl leur donne un volume remarquable et les allonge visiblement.<br \/>\nLeur croissance est en plus stimul\u00e9e gr\u00e2ce \u00e0 la Soie contenue dans sa formule.<br \/>\nLe d\u00e9maquillage de ce mascara est facile.<br \/>\nBonne s\u00e9curit\u00e9 oculaire.<br \/>\nBonne compatibilit\u00e9 avec les lentilles de contact.<\/p>","protected":false},"excerpt":{"rendered":"<p>Le Mascara Noir Fortifiant ECRINAL\u00ae maquille et fortifie les cils.<\/p>","protected":false},"featured_media":6956,"comment_status":"open","ping_status":"closed","template":"","meta":[],"product_brand":[],"product_cat":[96,2909,2895],"product_tag":[],"class_list":{"0":"post-6880","1":"product","2":"type-product","3":"status-publish","4":"has-post-thumbnail","6":"product_cat-non-classe","7":"product_cat-soins-des-cils-et-sourcils","8":"product_cat-yeux","10":"first","11":"outofstock","12":"shipping-taxable","13":"purchasable","14":"product-type-simple"},"_links":{"self":[{"href":"https:\/\/parashopnarimel.com\/ar\/wp-json\/wp\/v2\/product\/6880","targetHints":{"allow":["GET"]}}],"collection":[{"href":"https:\/\/parashopnarimel.com\/ar\/wp-json\/wp\/v2\/product"}],"about":[{"href":"https:\/\/parashopnarimel.com\/ar\/wp-json\/wp\/v2\/types\/product"}],"replies":[{"embeddable":true,"href":"https:\/\/parashopnarimel.com\/ar\/wp-json\/wp\/v2\/comments?post=6880"}],"version-history":[{"count":1,"href":"https:\/\/parashopnarimel.com\/ar\/wp-json\/wp\/v2\/product\/6880\/revisions"}],"predecessor-version":[{"id":6957,"href":"https:\/\/parashopnarimel.com\/ar\/wp-json\/wp\/v2\/product\/6880\/revisions\/6957"}],"wp:featuredmedia":[{"embeddable":true,"href":"https:\/\/parashopnarimel.com\/ar\/wp-json\/wp\/v2\/media\/6956"}],"wp:attachment":[{"href":"https:\/\/parashopnarimel.com\/ar\/wp-json\/wp\/v2\/media?parent=6880"}],"wp:term":[{"taxonomy":"product_brand","embeddable":true,"href":"https:\/\/parashopnarimel.com\/ar\/wp-json\/wp\/v2\/product_brand?post=6880"},{"taxonomy":"product_cat","embeddable":true,"href":"https:\/\/parashopnarimel.com\/ar\/wp-json\/wp\/v2\/product_cat?post=6880"},{"taxonomy":"product_tag","embeddable":true,"href":"https:\/\/parashopnarimel.com\/ar\/wp-json\/wp\/v2\/product_tag?post=6880"}],"curies":[{"name":"wp","href":"https:\/\/api.w.org\/{rel}","templated":true}]}}