{"id":6881,"date":"2024-12-29T08:07:22","date_gmt":"2024-12-29T08:07:22","guid":{"rendered":"https:\/\/parashopnarimel.com\/?post_type=product&#038;p=6881"},"modified":"2025-01-05T17:36:14","modified_gmt":"2025-01-05T17:36:14","slug":"complement-alimentaire-pour-ongles-amp-cheveux","status":"publish","type":"product","link":"https:\/\/parashopnarimel.com\/ar\/product\/complement-alimentaire-pour-ongles-amp-cheveux\/","title":{"rendered":"Complement Alimentaire Pour Ongles &amp;Amp; Cheveux"},"content":{"rendered":"<p>Le Compl\u00e9ment Alimentaire ECRINAL\u00ae fournit les \u00e9l\u00e9ments nutritionnels indispensables \u00e0 la beaut\u00e9 et la vigueur des ongles et cheveux.<\/p>","protected":false},"excerpt":{"rendered":"<p>Ongles mous, cassants, fragiles,<br \/>\nCheveux fins, affaiblis, an\u00e9mi\u00e9s<\/p>","protected":false},"featured_media":6965,"comment_status":"open","ping_status":"closed","template":"","meta":[],"product_brand":[],"product_cat":[96],"product_tag":[],"class_list":{"0":"post-6881","1":"product","2":"type-product","3":"status-publish","4":"has-post-thumbnail","6":"product_cat-non-classe","8":"first","9":"instock","10":"shipping-taxable","11":"purchasable","12":"product-type-simple"},"_links":{"self":[{"href":"https:\/\/parashopnarimel.com\/ar\/wp-json\/wp\/v2\/product\/6881","targetHints":{"allow":["GET"]}}],"collection":[{"href":"https:\/\/parashopnarimel.com\/ar\/wp-json\/wp\/v2\/product"}],"about":[{"href":"https:\/\/parashopnarimel.com\/ar\/wp-json\/wp\/v2\/types\/product"}],"replies":[{"embeddable":true,"href":"https:\/\/parashopnarimel.com\/ar\/wp-json\/wp\/v2\/comments?post=6881"}],"version-history":[{"count":1,"href":"https:\/\/parashopnarimel.com\/ar\/wp-json\/wp\/v2\/product\/6881\/revisions"}],"predecessor-version":[{"id":6966,"href":"https:\/\/parashopnarimel.com\/ar\/wp-json\/wp\/v2\/product\/6881\/revisions\/6966"}],"wp:featuredmedia":[{"embeddable":true,"href":"https:\/\/parashopnarimel.com\/ar\/wp-json\/wp\/v2\/media\/6965"}],"wp:attachment":[{"href":"https:\/\/parashopnarimel.com\/ar\/wp-json\/wp\/v2\/media?parent=6881"}],"wp:term":[{"taxonomy":"product_brand","embeddable":true,"href":"https:\/\/parashopnarimel.com\/ar\/wp-json\/wp\/v2\/product_brand?post=6881"},{"taxonomy":"product_cat","embeddable":true,"href":"https:\/\/parashopnarimel.com\/ar\/wp-json\/wp\/v2\/product_cat?post=6881"},{"taxonomy":"product_tag","embeddable":true,"href":"https:\/\/parashopnarimel.com\/ar\/wp-json\/wp\/v2\/product_tag?post=6881"}],"curies":[{"name":"wp","href":"https:\/\/api.w.org\/{rel}","templated":true}]}}