{"id":6882,"date":"2024-12-29T08:07:22","date_gmt":"2024-12-29T08:07:22","guid":{"rendered":"https:\/\/parashopnarimel.com\/?post_type=product&#038;p=6882"},"modified":"2025-01-19T10:20:07","modified_gmt":"2025-01-19T10:20:07","slug":"ecrinal-ampoules-anti-chute-anp2-8x5ml-8amp","status":"publish","type":"product","link":"https:\/\/parashopnarimel.com\/ar\/product\/ecrinal-ampoules-anti-chute-anp2-8x5ml-8amp\/","title":{"rendered":"Ecrinal Ampoules Anti-Chute Anp2+ (8X5Ml) 8Amp"},"content":{"rendered":"<p>Vous voulez avoir une chevelure saine et soign\u00e9e ? Si vous faites partie de ceux qui souffrent chaque jour de la chute excessive de vos cheveux, vous avez les cheveux secs ou n\u00e9glig\u00e9s, essayez les ampoules anti-chute d\u2019Ecrinal. R\u00e9sultats optimaux instantan\u00e9s !<br \/>\nLes ampoules anti-chute ANP2+ d\u2019Ecrinal sont un s\u00e9rum \u00e0 base d\u2019ANP2+ qui aide \u00e0 r\u00e9parer et \u00e0 renforcer les cheveux pour qu\u2019ils ne tombent pas ou ne s\u2019affaiblissent pas. Convient \u00e0 tous les types de cheveux mais surtout aux cheveux fragiles, secs et affaiblis par l\u2019exposition au soleil.<br \/>\n*Un traitement de trois mois est recommand\u00e9 pour des r\u00e9sultats optimaux ;<\/p>","protected":false},"excerpt":{"rendered":"<p>Les Ampoules ANP\u00ae2+ d\u2019ECRINAL\u00ae stimulent la repousse des cheveux et att\u00e9nuent leur chute.<br \/>\nProduit concentr\u00e9 en A.N.P.2+ (Activateur Naturel de Phan\u00e8re, actif brevet\u00e9 exclusif des Laboratoires ASEPTA), l\u2019ampoule ne se limite pas \u00e0 son action principale : la chute de cheveux.<br \/>\nElle assure \u00e9galement une revitalisation des cheveux faibles et clairsem\u00e9s.<br \/>\nLe cheveu est ainsi sain, plus solide et vigoureux.<\/p>","protected":false},"featured_media":6967,"comment_status":"open","ping_status":"closed","template":"","meta":[],"product_brand":[],"product_cat":[2920,2919],"product_tag":[],"class_list":{"0":"post-6882","1":"product","2":"type-product","3":"status-publish","4":"has-post-thumbnail","6":"product_cat-huiles-et-spray","7":"product_cat-serum-et-soins","9":"first","10":"instock","11":"shipping-taxable","12":"purchasable","13":"product-type-simple"},"_links":{"self":[{"href":"https:\/\/parashopnarimel.com\/ar\/wp-json\/wp\/v2\/product\/6882","targetHints":{"allow":["GET"]}}],"collection":[{"href":"https:\/\/parashopnarimel.com\/ar\/wp-json\/wp\/v2\/product"}],"about":[{"href":"https:\/\/parashopnarimel.com\/ar\/wp-json\/wp\/v2\/types\/product"}],"replies":[{"embeddable":true,"href":"https:\/\/parashopnarimel.com\/ar\/wp-json\/wp\/v2\/comments?post=6882"}],"version-history":[{"count":3,"href":"https:\/\/parashopnarimel.com\/ar\/wp-json\/wp\/v2\/product\/6882\/revisions"}],"predecessor-version":[{"id":8277,"href":"https:\/\/parashopnarimel.com\/ar\/wp-json\/wp\/v2\/product\/6882\/revisions\/8277"}],"wp:featuredmedia":[{"embeddable":true,"href":"https:\/\/parashopnarimel.com\/ar\/wp-json\/wp\/v2\/media\/6967"}],"wp:attachment":[{"href":"https:\/\/parashopnarimel.com\/ar\/wp-json\/wp\/v2\/media?parent=6882"}],"wp:term":[{"taxonomy":"product_brand","embeddable":true,"href":"https:\/\/parashopnarimel.com\/ar\/wp-json\/wp\/v2\/product_brand?post=6882"},{"taxonomy":"product_cat","embeddable":true,"href":"https:\/\/parashopnarimel.com\/ar\/wp-json\/wp\/v2\/product_cat?post=6882"},{"taxonomy":"product_tag","embeddable":true,"href":"https:\/\/parashopnarimel.com\/ar\/wp-json\/wp\/v2\/product_tag?post=6882"}],"curies":[{"name":"wp","href":"https:\/\/api.w.org\/{rel}","templated":true}]}}