{"id":6899,"date":"2024-12-29T08:07:48","date_gmt":"2024-12-29T08:07:48","guid":{"rendered":"https:\/\/parashopnarimel.com\/?post_type=product&#038;p=6899"},"modified":"2025-01-19T10:23:29","modified_gmt":"2025-01-19T10:23:29","slug":"ecrinal-anp-2-lotion-homme-spray-200ml","status":"publish","type":"product","link":"https:\/\/parashopnarimel.com\/ar\/product\/ecrinal-anp-2-lotion-homme-spray-200ml\/","title":{"rendered":"Ecrinal Anp 2+ Lotion Homme Spray 200Ml"},"content":{"rendered":"<p>La Lotion Fortifiante ECRINAL \u00e0 l\u2019A.N.P\u00ae2+ fortifie la fibre capillaire et stimule le cuir chevelu.<br \/>\nLes cheveux retrouvent ainsi douceur et brillance. Tr\u00e8s rapidement, ils redeviennent sains sur toute leur longueur. D\u2019un parfum frais, doux et raffin\u00e9 son utilisation est tr\u00e8s agr\u00e9able.<br \/>\nIndication:<br \/>\nCuirs chevelus clairsem\u00e9s, cheveux d\u00e9vitalis\u00e9s.<br \/>\nS\u2019utilise en relais apr\u00e8s un traitement anti-chute avec les Ampoules \u00e0 l\u2019A.N.P\u00ae2+<\/p>","protected":false},"excerpt":{"rendered":"<p>La Lotion Fortifiante ECRINAL\u00ae \u00e0 l\u2019A.N.P\u00ae2+ fortifie la fibre capillaire et stimule le cuir chevelu. Les cheveux retrouvent ainsi douceur et brillance. Tr\u00e8s rapidement, ils redeviennent sains sur toute leur longueur. D\u2019un parfum frais, doux et raffin\u00e9 son utilisation est tr\u00e8s agr\u00e9able.<\/p>","protected":false},"featured_media":6971,"comment_status":"open","ping_status":"closed","template":"","meta":[],"product_brand":[],"product_cat":[2920,2919],"product_tag":[],"class_list":{"0":"post-6899","1":"product","2":"type-product","3":"status-publish","4":"has-post-thumbnail","6":"product_cat-huiles-et-spray","7":"product_cat-serum-et-soins","9":"first","10":"instock","11":"shipping-taxable","12":"purchasable","13":"product-type-simple"},"_links":{"self":[{"href":"https:\/\/parashopnarimel.com\/ar\/wp-json\/wp\/v2\/product\/6899","targetHints":{"allow":["GET"]}}],"collection":[{"href":"https:\/\/parashopnarimel.com\/ar\/wp-json\/wp\/v2\/product"}],"about":[{"href":"https:\/\/parashopnarimel.com\/ar\/wp-json\/wp\/v2\/types\/product"}],"replies":[{"embeddable":true,"href":"https:\/\/parashopnarimel.com\/ar\/wp-json\/wp\/v2\/comments?post=6899"}],"version-history":[{"count":1,"href":"https:\/\/parashopnarimel.com\/ar\/wp-json\/wp\/v2\/product\/6899\/revisions"}],"predecessor-version":[{"id":6972,"href":"https:\/\/parashopnarimel.com\/ar\/wp-json\/wp\/v2\/product\/6899\/revisions\/6972"}],"wp:featuredmedia":[{"embeddable":true,"href":"https:\/\/parashopnarimel.com\/ar\/wp-json\/wp\/v2\/media\/6971"}],"wp:attachment":[{"href":"https:\/\/parashopnarimel.com\/ar\/wp-json\/wp\/v2\/media?parent=6899"}],"wp:term":[{"taxonomy":"product_brand","embeddable":true,"href":"https:\/\/parashopnarimel.com\/ar\/wp-json\/wp\/v2\/product_brand?post=6899"},{"taxonomy":"product_cat","embeddable":true,"href":"https:\/\/parashopnarimel.com\/ar\/wp-json\/wp\/v2\/product_cat?post=6899"},{"taxonomy":"product_tag","embeddable":true,"href":"https:\/\/parashopnarimel.com\/ar\/wp-json\/wp\/v2\/product_tag?post=6899"}],"curies":[{"name":"wp","href":"https:\/\/api.w.org\/{rel}","templated":true}]}}