{"id":6900,"date":"2024-12-29T08:07:48","date_gmt":"2024-12-29T08:07:48","guid":{"rendered":"https:\/\/parashopnarimel.com\/?post_type=product&#038;p=6900"},"modified":"2025-01-19T10:21:03","modified_gmt":"2025-01-19T10:21:03","slug":"ecrinal-anp-2-lotion-femme-soin-intensif-des-cheveux-spray-200ml","status":"publish","type":"product","link":"https:\/\/parashopnarimel.com\/ar\/product\/ecrinal-anp-2-lotion-femme-soin-intensif-des-cheveux-spray-200ml\/","title":{"rendered":"Ecrinal Anp 2+ Lotion Femme Soin Intensif Des Cheveux Spray 200Ml"},"content":{"rendered":"<p>La Lotion Fortifiante Ecrinal \u00e0 l\u2019ANP2+ fortifie la fibre capillaire et stimule le cuir chevelu. Les cheveux retrouvent ainsi douceur et brillance. Tr\u00e8s rapidement, ils redeviennent sains sur toute leur longueur. D\u2019un parfum frais, doux et raffin\u00e9 son utilisation est tr\u00e8s agr\u00e9able.<br \/>\nIndications :<br \/>\nCuirs chevelus clairsem\u00e9s, cheveux d\u00e9vitalis\u00e9s.<br \/>\nS\u2019utilise en relais apr\u00e8s un traitement pour la perte de cheveux avec les Ampoules \u00e0 l\u2019ANP2+<br \/>\nLotion Ecrinal ANP Tricholipides Femme Fortifie le cheveu \u00e0 base de chignon de cheval 200 ml<br \/>\nLa lotion Ecrinal ANP femme est un soin qui va agir intens\u00e9ment sur la vitalit\u00e9 du cuir chevelu afin de lib\u00e9rer des cheveux forts et tonifi\u00e9s ce produit contient :<br \/>\nTricholipides ANP<br \/>\nCes agents sont des principes extr\u00eamement actifs qui vont agir sur la stimulation du cuir chevelu en lui apportant les \u00e9l\u00e9ments nutritifs dont il a besoin, afin de renforcer le bulbe pilaire et de favoriser la pousse d\u2019un cheveu v\u00e9ritablement fortifi\u00e9 et magnifi\u00e9.<br \/>\nLes cheveux sont sains, forts et revitalis\u00e9s de la racine jusqu\u2019\u00e0 la pointe.<br \/>\nLa chevelure retrouve sa brillance et sa douceur originelle.<br \/>\nLe parfum de la lotion est doux et tr\u00e8s raffin\u00e9, afin de neutraliser les odeurs tout au long de la journ\u00e9e et de laisser sur votre passage des effluves envo\u00fbtants.<\/p>","protected":false},"excerpt":{"rendered":"<p>Ecrinal Lotion ANP Anti-chute Special Femmes \u2013 Entretien de la Chevelure fortifie et stimule les cheveux. Elle est d\u2019un emploi facile gr\u00e2ce au vaporisateur. Pour un emploi quotidien. Action anti-chute et revitalisante prouv\u00e9e !<\/p>","protected":false},"featured_media":6973,"comment_status":"open","ping_status":"closed","template":"","meta":[],"product_brand":[],"product_cat":[2920,2919],"product_tag":[],"class_list":{"0":"post-6900","1":"product","2":"type-product","3":"status-publish","4":"has-post-thumbnail","6":"product_cat-huiles-et-spray","7":"product_cat-serum-et-soins","9":"first","10":"instock","11":"shipping-taxable","12":"purchasable","13":"product-type-simple"},"_links":{"self":[{"href":"https:\/\/parashopnarimel.com\/ar\/wp-json\/wp\/v2\/product\/6900","targetHints":{"allow":["GET"]}}],"collection":[{"href":"https:\/\/parashopnarimel.com\/ar\/wp-json\/wp\/v2\/product"}],"about":[{"href":"https:\/\/parashopnarimel.com\/ar\/wp-json\/wp\/v2\/types\/product"}],"replies":[{"embeddable":true,"href":"https:\/\/parashopnarimel.com\/ar\/wp-json\/wp\/v2\/comments?post=6900"}],"version-history":[{"count":2,"href":"https:\/\/parashopnarimel.com\/ar\/wp-json\/wp\/v2\/product\/6900\/revisions"}],"predecessor-version":[{"id":8270,"href":"https:\/\/parashopnarimel.com\/ar\/wp-json\/wp\/v2\/product\/6900\/revisions\/8270"}],"wp:featuredmedia":[{"embeddable":true,"href":"https:\/\/parashopnarimel.com\/ar\/wp-json\/wp\/v2\/media\/6973"}],"wp:attachment":[{"href":"https:\/\/parashopnarimel.com\/ar\/wp-json\/wp\/v2\/media?parent=6900"}],"wp:term":[{"taxonomy":"product_brand","embeddable":true,"href":"https:\/\/parashopnarimel.com\/ar\/wp-json\/wp\/v2\/product_brand?post=6900"},{"taxonomy":"product_cat","embeddable":true,"href":"https:\/\/parashopnarimel.com\/ar\/wp-json\/wp\/v2\/product_cat?post=6900"},{"taxonomy":"product_tag","embeddable":true,"href":"https:\/\/parashopnarimel.com\/ar\/wp-json\/wp\/v2\/product_tag?post=6900"}],"curies":[{"name":"wp","href":"https:\/\/api.w.org\/{rel}","templated":true}]}}