{"id":6925,"date":"2024-12-29T08:08:12","date_gmt":"2024-12-29T08:08:12","guid":{"rendered":"https:\/\/parashopnarimel.com\/?post_type=product&#038;p=6925"},"modified":"2025-01-20T14:52:40","modified_gmt":"2025-01-20T14:52:40","slug":"gel-contour-des-yeux-15ml-depiwhite-acm","status":"publish","type":"product","link":"https:\/\/parashopnarimel.com\/ar\/product\/gel-contour-des-yeux-15ml-depiwhite-acm\/","title":{"rendered":"Gel Contour DES YEUX 15Ml Depiwhite Acm"},"content":{"rendered":"<p>Depiwhite gel contour de l\u2019\u0153il<br \/>\naction d\u00e9fatiguante<br \/>\nanti-poche &amp; anti-cernes<br \/>\nDepiwhite gel contour de l\u2019\u0153il a \u00e9t\u00e9 con\u00e7u pour une prise en charge de la coloration des cernes.<br \/>\nLa chrysine et le N-hydroxysuccinimide vont favoriser l\u2019\u00e9limination des pigments issus des fuites sanguines tandis qu\u2019une association d\u2019actifs v\u00e9g\u00e9taux va freiner la production de m\u00e9lanine.<br \/>\nLes cernes \u00e9tant parfois associ\u00e9es \u00e0 des poches, Depiwhite gel contour de l\u2019\u0153il poss\u00e8de \u00e9galement une action sur le volume des poches.<br \/>\nL\u2019Hesp\u00e9ridine methyl chalcone apporte une action veinotonique tandis que 2 peptides assurent un meilleur drainage lymphatique et renforcent la structure cutan\u00e9e.<br \/>\nACL : 4704324<br \/>\nIndications<br \/>\nHyperpigmentation \u00e9pidermique<br \/>\nCernes et poches du contour de l\u2019\u0153il.<\/p>","protected":false},"excerpt":{"rendered":"<p>Le gel contour de l\u2019\u0153il D\u00e9piwhite est con\u00e7u pour limiter les taches pigmentaires du contour de l\u2019\u0153il .<\/p>","protected":false},"featured_media":7009,"comment_status":"open","ping_status":"closed","template":"","meta":[],"product_brand":[],"product_cat":[96,30],"product_tag":[],"class_list":{"0":"post-6925","1":"product","2":"type-product","3":"status-publish","4":"has-post-thumbnail","6":"product_cat-non-classe","7":"product_cat-soins-des-yeux","9":"first","10":"instock","11":"shipping-taxable","12":"purchasable","13":"product-type-simple"},"_links":{"self":[{"href":"https:\/\/parashopnarimel.com\/ar\/wp-json\/wp\/v2\/product\/6925","targetHints":{"allow":["GET"]}}],"collection":[{"href":"https:\/\/parashopnarimel.com\/ar\/wp-json\/wp\/v2\/product"}],"about":[{"href":"https:\/\/parashopnarimel.com\/ar\/wp-json\/wp\/v2\/types\/product"}],"replies":[{"embeddable":true,"href":"https:\/\/parashopnarimel.com\/ar\/wp-json\/wp\/v2\/comments?post=6925"}],"version-history":[{"count":2,"href":"https:\/\/parashopnarimel.com\/ar\/wp-json\/wp\/v2\/product\/6925\/revisions"}],"predecessor-version":[{"id":8232,"href":"https:\/\/parashopnarimel.com\/ar\/wp-json\/wp\/v2\/product\/6925\/revisions\/8232"}],"wp:featuredmedia":[{"embeddable":true,"href":"https:\/\/parashopnarimel.com\/ar\/wp-json\/wp\/v2\/media\/7009"}],"wp:attachment":[{"href":"https:\/\/parashopnarimel.com\/ar\/wp-json\/wp\/v2\/media?parent=6925"}],"wp:term":[{"taxonomy":"product_brand","embeddable":true,"href":"https:\/\/parashopnarimel.com\/ar\/wp-json\/wp\/v2\/product_brand?post=6925"},{"taxonomy":"product_cat","embeddable":true,"href":"https:\/\/parashopnarimel.com\/ar\/wp-json\/wp\/v2\/product_cat?post=6925"},{"taxonomy":"product_tag","embeddable":true,"href":"https:\/\/parashopnarimel.com\/ar\/wp-json\/wp\/v2\/product_tag?post=6925"}],"curies":[{"name":"wp","href":"https:\/\/api.w.org\/{rel}","templated":true}]}}