{"id":6940,"date":"2024-12-29T08:08:36","date_gmt":"2024-12-29T08:08:36","guid":{"rendered":"https:\/\/parashopnarimel.com\/?post_type=product&#038;p=6940"},"modified":"2025-02-02T21:20:44","modified_gmt":"2025-02-02T21:20:44","slug":"laboratoire-acm-sebionex-gel-solaire-matifiant-spf-50-40-ml","status":"publish","type":"product","link":"https:\/\/parashopnarimel.com\/ar\/product\/laboratoire-acm-sebionex-gel-solaire-matifiant-spf-50-40-ml\/","title":{"rendered":"Laboratoire Acm S\u00e9bionex Gel Solaire Matifiant Spf 50+ 40 Ml"},"content":{"rendered":"<p>Laboratoire ACM S\u00e9bionex Gel Solaire Matifiant SPF 50+ 40 ml est un gel qui s\u2019adresse aux peaux mixtes \u00e0 grasses, y compris sous traitements anti-acn\u00e9iques.<br \/>\nCe gel offre une tr\u00e8s haute protection solaire optimale contre les UVB et les UVA gr\u00e2ce \u00e0 son association de filtres organiques et de filtres solaires min\u00e9raux et procure un effet anti-brillance longue dur\u00e9e.<br \/>\nSa texture fluide et l\u00e9g\u00e8re, adapt\u00e9e aux peaux grasses, hydrate et matifie tout au long de la journ\u00e9e. Elle est invisible \u00e0 l\u2019application, non com\u00e9dog\u00e8ne et r\u00e9sistante \u00e0 l\u2019eau.<br \/>\nR\u00e9sultats : La peau est prot\u00e9g\u00e9e et hydrat\u00e9e, la peau ne brille plus, elle est matifi\u00e9e tout au long de la journ\u00e9e.<br \/>\nSans parfum. Photostable. R\u00e9sistant \u00e0 l\u2019eau. Sans paraben. Non com\u00e9dog\u00e8ne. Made in France<\/p>","protected":false},"excerpt":{"rendered":"<p>Laboratoire ACM S\u00e9bionex Gel Solaire Matifiant SPF 50+ 40 ml est un gel qui s\u2019adresse aux peaux mixtes \u00e0 grasses,<\/p>","protected":false},"featured_media":7015,"comment_status":"open","ping_status":"closed","template":"","meta":[],"product_brand":[],"product_cat":[96,147],"product_tag":[],"class_list":{"0":"post-6940","1":"product","2":"type-product","3":"status-publish","4":"has-post-thumbnail","6":"product_cat-non-classe","7":"product_cat-protection-solaire-visage","9":"first","10":"instock","11":"shipping-taxable","12":"purchasable","13":"product-type-simple"},"_links":{"self":[{"href":"https:\/\/parashopnarimel.com\/ar\/wp-json\/wp\/v2\/product\/6940","targetHints":{"allow":["GET"]}}],"collection":[{"href":"https:\/\/parashopnarimel.com\/ar\/wp-json\/wp\/v2\/product"}],"about":[{"href":"https:\/\/parashopnarimel.com\/ar\/wp-json\/wp\/v2\/types\/product"}],"replies":[{"embeddable":true,"href":"https:\/\/parashopnarimel.com\/ar\/wp-json\/wp\/v2\/comments?post=6940"}],"version-history":[{"count":2,"href":"https:\/\/parashopnarimel.com\/ar\/wp-json\/wp\/v2\/product\/6940\/revisions"}],"predecessor-version":[{"id":8233,"href":"https:\/\/parashopnarimel.com\/ar\/wp-json\/wp\/v2\/product\/6940\/revisions\/8233"}],"wp:featuredmedia":[{"embeddable":true,"href":"https:\/\/parashopnarimel.com\/ar\/wp-json\/wp\/v2\/media\/7015"}],"wp:attachment":[{"href":"https:\/\/parashopnarimel.com\/ar\/wp-json\/wp\/v2\/media?parent=6940"}],"wp:term":[{"taxonomy":"product_brand","embeddable":true,"href":"https:\/\/parashopnarimel.com\/ar\/wp-json\/wp\/v2\/product_brand?post=6940"},{"taxonomy":"product_cat","embeddable":true,"href":"https:\/\/parashopnarimel.com\/ar\/wp-json\/wp\/v2\/product_cat?post=6940"},{"taxonomy":"product_tag","embeddable":true,"href":"https:\/\/parashopnarimel.com\/ar\/wp-json\/wp\/v2\/product_tag?post=6940"}],"curies":[{"name":"wp","href":"https:\/\/api.w.org\/{rel}","templated":true}]}}