{"id":6942,"date":"2024-12-29T08:08:36","date_gmt":"2024-12-29T08:08:36","guid":{"rendered":"https:\/\/parashopnarimel.com\/?post_type=product&#038;p=6942"},"modified":"2025-01-20T14:47:59","modified_gmt":"2025-01-20T14:47:59","slug":"laboratoire-acm-depiwhite-s-soin-photo-protecteur-eclaircissant-spf-50-50-ml","status":"publish","type":"product","link":"https:\/\/parashopnarimel.com\/ar\/product\/laboratoire-acm-depiwhite-s-soin-photo-protecteur-eclaircissant-spf-50-50-ml\/","title":{"rendered":"Laboratoire Acm D\u00e9piwhite.S Soin Photo-Protecteur Eclaircissant Spf 50 50 Ml"},"content":{"rendered":"<p>SOIN PHOTOPROTECTEUR \u00c9CLAIRCISSANT<br \/>\nCETTE CR\u00c8ME PROT\u00c8GE DES UVA ET DES UVB LES PEAUX PR\u00c9SENTANT DES TACHES BRUNES LOCALIS\u00c9ES OU \u00c9TENDUES<br \/>\nCr\u00e8me solaire de tr\u00e8s haute protection pour le visage, le d\u00e9collet\u00e9 et les mains, elle s\u2019utilise aussi avant et apr\u00e8s les soins dermatologiques pour prot\u00e9ger la peau fragilis\u00e9e.<br \/>\nGr\u00e2ce \u00e0 son association de filtres organiques et de filtres min\u00e9raux, le soin D\u00c9PIWHITE S SPF 50+ permet une protection solaire maximale sur l\u2019ensemble du spectre UVA\/UVB.<br \/>\nCe soin poss\u00e8de aussi une action d\u00e9pigmentante compl\u00e9mentaire gr\u00e2ce \u00e0 une association d\u2019actifs v\u00e9g\u00e9taux qui permet de freiner la surproduction de m\u00e9lanine et d\u2019att\u00e9nuer les taches pigmentaires ou de limiter leur r\u00e9apparition.<br \/>\nSa texture fluide et l\u00e9g\u00e8re, sans parfum, invisible \u00e0 l\u2019application, r\u00e9siste \u00e0 l\u2019eau pour une protection optimale.<\/p>","protected":false},"excerpt":{"rendered":"<p>Laboratoire ACM D\u00e9piwhite.S Soin Photo-Protecteur Eclaircissant SPF 50 50 ml est un soin qui permet d\u2019att\u00e9nuer les taches pigmentaires li\u00e9es au soleil gr\u00e2ce \u00e0 son indice de protection tr\u00e8s \u00e9lev\u00e9 et \u00e0 son association d\u2019actifs v\u00e9g\u00e9taux d\u00e9pigmentants. Elle limite \u00e9galement leur r\u00e9apparition. Elle est photostable et r\u00e9sistante \u00e0 l\u2019eau sans laisser de traces blanches.<\/p>","protected":false},"featured_media":7026,"comment_status":"open","ping_status":"closed","template":"","meta":[],"product_brand":[],"product_cat":[96,1110,147],"product_tag":[],"class_list":{"0":"post-6942","1":"product","2":"type-product","3":"status-publish","4":"has-post-thumbnail","6":"product_cat-non-classe","7":"product_cat-anti-taches","8":"product_cat-protection-solaire-visage","10":"first","11":"instock","12":"shipping-taxable","13":"purchasable","14":"product-type-simple"},"_links":{"self":[{"href":"https:\/\/parashopnarimel.com\/ar\/wp-json\/wp\/v2\/product\/6942","targetHints":{"allow":["GET"]}}],"collection":[{"href":"https:\/\/parashopnarimel.com\/ar\/wp-json\/wp\/v2\/product"}],"about":[{"href":"https:\/\/parashopnarimel.com\/ar\/wp-json\/wp\/v2\/types\/product"}],"replies":[{"embeddable":true,"href":"https:\/\/parashopnarimel.com\/ar\/wp-json\/wp\/v2\/comments?post=6942"}],"version-history":[{"count":2,"href":"https:\/\/parashopnarimel.com\/ar\/wp-json\/wp\/v2\/product\/6942\/revisions"}],"predecessor-version":[{"id":8228,"href":"https:\/\/parashopnarimel.com\/ar\/wp-json\/wp\/v2\/product\/6942\/revisions\/8228"}],"wp:featuredmedia":[{"embeddable":true,"href":"https:\/\/parashopnarimel.com\/ar\/wp-json\/wp\/v2\/media\/7026"}],"wp:attachment":[{"href":"https:\/\/parashopnarimel.com\/ar\/wp-json\/wp\/v2\/media?parent=6942"}],"wp:term":[{"taxonomy":"product_brand","embeddable":true,"href":"https:\/\/parashopnarimel.com\/ar\/wp-json\/wp\/v2\/product_brand?post=6942"},{"taxonomy":"product_cat","embeddable":true,"href":"https:\/\/parashopnarimel.com\/ar\/wp-json\/wp\/v2\/product_cat?post=6942"},{"taxonomy":"product_tag","embeddable":true,"href":"https:\/\/parashopnarimel.com\/ar\/wp-json\/wp\/v2\/product_tag?post=6942"}],"curies":[{"name":"wp","href":"https:\/\/api.w.org\/{rel}","templated":true}]}}