{"id":6983,"date":"2024-12-29T08:09:26","date_gmt":"2024-12-29T08:09:26","guid":{"rendered":"https:\/\/parashopnarimel.com\/?post_type=product&#038;p=6983"},"modified":"2025-01-03T16:49:37","modified_gmt":"2025-01-03T16:49:37","slug":"laboratoire-acm-sensitelial-soin-emollient-200-ml","status":"publish","type":"product","link":"https:\/\/parashopnarimel.com\/ar\/product\/laboratoire-acm-sensitelial-soin-emollient-200-ml\/","title":{"rendered":"Laboratoire Acm Sensit\u00e9lial Soin \u00c9mollient 200 Ml"},"content":{"rendered":"<p>Laboratoire ACM Sensit\u00e9lial Soin \u00c9mollient 200 ml est un soin hydratant pour les peaux s\u00e8ches ou \u00e0 tendance atopique, pour le visage et le corps.<br \/>\nSon effet hydratant intensif est de tr\u00e8s longue dur\u00e9e, tout en apportant un confort cutan\u00e9 imm\u00e9diat. Tous les actifs pr\u00e9sents dans sa formule ont \u00e9t\u00e9 s\u00e9lectionn\u00e9s pour leur parfaite tol\u00e9rance. Gr\u00e2ce \u00e0 ses actifs relipidants, hydratants et apaisants, il permet de restaurer le film hydrolipidique et il apaise les sensations de d\u00e9mangeaisons et de tiraillements.<br \/>\nLe confort cutan\u00e9 est restaur\u00e9. La peau est nourrie et apais\u00e9e.<\/p>","protected":false},"excerpt":{"rendered":"<p>Pour une hydratation longue dur\u00e9e des peaux s\u00e8ches et atopiques<\/p>","protected":false},"featured_media":7017,"comment_status":"open","ping_status":"closed","template":"","meta":[],"product_brand":[],"product_cat":[96],"product_tag":[],"class_list":{"0":"post-6983","1":"product","2":"type-product","3":"status-publish","4":"has-post-thumbnail","6":"product_cat-non-classe","8":"first","9":"instock","10":"shipping-taxable","11":"purchasable","12":"product-type-simple"},"_links":{"self":[{"href":"https:\/\/parashopnarimel.com\/ar\/wp-json\/wp\/v2\/product\/6983","targetHints":{"allow":["GET"]}}],"collection":[{"href":"https:\/\/parashopnarimel.com\/ar\/wp-json\/wp\/v2\/product"}],"about":[{"href":"https:\/\/parashopnarimel.com\/ar\/wp-json\/wp\/v2\/types\/product"}],"replies":[{"embeddable":true,"href":"https:\/\/parashopnarimel.com\/ar\/wp-json\/wp\/v2\/comments?post=6983"}],"version-history":[{"count":1,"href":"https:\/\/parashopnarimel.com\/ar\/wp-json\/wp\/v2\/product\/6983\/revisions"}],"predecessor-version":[{"id":7070,"href":"https:\/\/parashopnarimel.com\/ar\/wp-json\/wp\/v2\/product\/6983\/revisions\/7070"}],"wp:featuredmedia":[{"embeddable":true,"href":"https:\/\/parashopnarimel.com\/ar\/wp-json\/wp\/v2\/media\/7017"}],"wp:attachment":[{"href":"https:\/\/parashopnarimel.com\/ar\/wp-json\/wp\/v2\/media?parent=6983"}],"wp:term":[{"taxonomy":"product_brand","embeddable":true,"href":"https:\/\/parashopnarimel.com\/ar\/wp-json\/wp\/v2\/product_brand?post=6983"},{"taxonomy":"product_cat","embeddable":true,"href":"https:\/\/parashopnarimel.com\/ar\/wp-json\/wp\/v2\/product_cat?post=6983"},{"taxonomy":"product_tag","embeddable":true,"href":"https:\/\/parashopnarimel.com\/ar\/wp-json\/wp\/v2\/product_tag?post=6983"}],"curies":[{"name":"wp","href":"https:\/\/api.w.org\/{rel}","templated":true}]}}