{"id":7001,"date":"2024-12-29T08:09:49","date_gmt":"2024-12-29T08:09:49","guid":{"rendered":"https:\/\/parashopnarimel.com\/?post_type=product&#038;p=7001"},"modified":"2025-01-20T14:47:32","modified_gmt":"2025-01-20T14:47:32","slug":"sebionex-gel-moussant-200-ml","status":"publish","type":"product","link":"https:\/\/parashopnarimel.com\/ar\/product\/sebionex-gel-moussant-200-ml\/","title":{"rendered":"S\u00e9bionex Gel Moussant \u2013 200 Ml"},"content":{"rendered":"<p>Laboratoire ACM S\u00e9bionex Gel Nettoyant 200 ml est un gel nettoyant et purifiant \u00e9labor\u00e9 pour les peaux grasses \u00e0 imperfections, pour le visage et pour le corps.<br \/>\nCe gel nettoie en profondeur le visage sans dess\u00e9cher tout en \u00e9liminant l\u2019exc\u00e8s de s\u00e9bum. Il respecte le film hydrolipidique de la peau gr\u00e2ce \u00e0 une association de bases lavantes douces sans savon et exfolie en douceur.<br \/>\nR\u00e9sultats : Le teint retrouve sa nettet\u00e9. La peau est nette et pure.<\/p>","protected":false},"excerpt":{"rendered":"<p>Le gel moussant Sebionex, des Laboratoires ACM, a \u00e9t\u00e9 con\u00e7u pour nettoyer les peaux grasses ou \u00e0 tendance acn\u00e9ique sans les dess\u00e9cher ni les agresser.<\/p>","protected":false},"featured_media":7077,"comment_status":"open","ping_status":"closed","template":"","meta":[],"product_brand":[],"product_cat":[96,22],"product_tag":[],"class_list":{"0":"post-7001","1":"product","2":"type-product","3":"status-publish","4":"has-post-thumbnail","6":"product_cat-non-classe","7":"product_cat-nettoyant","9":"first","10":"outofstock","11":"shipping-taxable","12":"purchasable","13":"product-type-simple"},"_links":{"self":[{"href":"https:\/\/parashopnarimel.com\/ar\/wp-json\/wp\/v2\/product\/7001","targetHints":{"allow":["GET"]}}],"collection":[{"href":"https:\/\/parashopnarimel.com\/ar\/wp-json\/wp\/v2\/product"}],"about":[{"href":"https:\/\/parashopnarimel.com\/ar\/wp-json\/wp\/v2\/types\/product"}],"replies":[{"embeddable":true,"href":"https:\/\/parashopnarimel.com\/ar\/wp-json\/wp\/v2\/comments?post=7001"}],"version-history":[{"count":2,"href":"https:\/\/parashopnarimel.com\/ar\/wp-json\/wp\/v2\/product\/7001\/revisions"}],"predecessor-version":[{"id":8273,"href":"https:\/\/parashopnarimel.com\/ar\/wp-json\/wp\/v2\/product\/7001\/revisions\/8273"}],"wp:featuredmedia":[{"embeddable":true,"href":"https:\/\/parashopnarimel.com\/ar\/wp-json\/wp\/v2\/media\/7077"}],"wp:attachment":[{"href":"https:\/\/parashopnarimel.com\/ar\/wp-json\/wp\/v2\/media?parent=7001"}],"wp:term":[{"taxonomy":"product_brand","embeddable":true,"href":"https:\/\/parashopnarimel.com\/ar\/wp-json\/wp\/v2\/product_brand?post=7001"},{"taxonomy":"product_cat","embeddable":true,"href":"https:\/\/parashopnarimel.com\/ar\/wp-json\/wp\/v2\/product_cat?post=7001"},{"taxonomy":"product_tag","embeddable":true,"href":"https:\/\/parashopnarimel.com\/ar\/wp-json\/wp\/v2\/product_tag?post=7001"}],"curies":[{"name":"wp","href":"https:\/\/api.w.org\/{rel}","templated":true}]}}