{"id":7019,"date":"2024-12-29T08:10:12","date_gmt":"2024-12-29T08:10:12","guid":{"rendered":"https:\/\/parashopnarimel.com\/?post_type=product&#038;p=7019"},"modified":"2025-01-20T14:47:18","modified_gmt":"2025-01-20T14:47:18","slug":"creme-ongles-15ml-novophane-acm","status":"publish","type":"product","link":"https:\/\/parashopnarimel.com\/ar\/product\/creme-ongles-15ml-novophane-acm\/","title":{"rendered":"Creme Ongles 15Ml Novophane Acm"},"content":{"rendered":"<p>La cr\u00e8me des ongles Novophane hydrate et nourrit l\u2019ongle en profondeur. Ses actifs puissants apportent souplesse et r\u00e9sistance \u00e0 vos ongles. Elle s\u2019applique facilement et p\u00e9n\u00e8tre rapidement, tout en laissant \u00e0 la surface de l\u2019ongle un film protecteur hydratant. Son petit format est pratique, pour l\u2019emporter partout avec vous.<\/p>","protected":false},"excerpt":{"rendered":"<p>Cr\u00e8me de soin \u00e0 l\u2019huile d\u2019amande douce pour les ongles ab\u00eem\u00e9s et cassants.<\/p>","protected":false},"featured_media":7093,"comment_status":"open","ping_status":"closed","template":"","meta":[],"product_brand":[],"product_cat":[2886,2914],"product_tag":[],"class_list":{"0":"post-7019","1":"product","2":"type-product","3":"status-publish","4":"has-post-thumbnail","6":"product_cat-soins-corps","7":"product_cat-soins-mains-et-pieds","9":"first","10":"instock","11":"shipping-taxable","12":"purchasable","13":"product-type-simple"},"_links":{"self":[{"href":"https:\/\/parashopnarimel.com\/ar\/wp-json\/wp\/v2\/product\/7019","targetHints":{"allow":["GET"]}}],"collection":[{"href":"https:\/\/parashopnarimel.com\/ar\/wp-json\/wp\/v2\/product"}],"about":[{"href":"https:\/\/parashopnarimel.com\/ar\/wp-json\/wp\/v2\/types\/product"}],"replies":[{"embeddable":true,"href":"https:\/\/parashopnarimel.com\/ar\/wp-json\/wp\/v2\/comments?post=7019"}],"version-history":[{"count":2,"href":"https:\/\/parashopnarimel.com\/ar\/wp-json\/wp\/v2\/product\/7019\/revisions"}],"predecessor-version":[{"id":8272,"href":"https:\/\/parashopnarimel.com\/ar\/wp-json\/wp\/v2\/product\/7019\/revisions\/8272"}],"wp:featuredmedia":[{"embeddable":true,"href":"https:\/\/parashopnarimel.com\/ar\/wp-json\/wp\/v2\/media\/7093"}],"wp:attachment":[{"href":"https:\/\/parashopnarimel.com\/ar\/wp-json\/wp\/v2\/media?parent=7019"}],"wp:term":[{"taxonomy":"product_brand","embeddable":true,"href":"https:\/\/parashopnarimel.com\/ar\/wp-json\/wp\/v2\/product_brand?post=7019"},{"taxonomy":"product_cat","embeddable":true,"href":"https:\/\/parashopnarimel.com\/ar\/wp-json\/wp\/v2\/product_cat?post=7019"},{"taxonomy":"product_tag","embeddable":true,"href":"https:\/\/parashopnarimel.com\/ar\/wp-json\/wp\/v2\/product_tag?post=7019"}],"curies":[{"name":"wp","href":"https:\/\/api.w.org\/{rel}","templated":true}]}}