{"id":7020,"date":"2024-12-29T08:10:12","date_gmt":"2024-12-29T08:10:12","guid":{"rendered":"https:\/\/parashopnarimel.com\/?post_type=product&#038;p=7020"},"modified":"2025-03-05T15:45:42","modified_gmt":"2025-03-05T15:45:42","slug":"lait-corporel-eclaircissant-anti-taches-200ml-depiwhite-acm","status":"publish","type":"product","link":"https:\/\/parashopnarimel.com\/ar\/product\/lait-corporel-eclaircissant-anti-taches-200ml-depiwhite-acm\/","title":{"rendered":"Lait Corporel Eclaircissant Anti Taches 200Ml Depiwhite Acm"},"content":{"rendered":"<p>Le lait corporel \u00e9claircissant va hydrater et nourrir le corps, tout en apportant une action efficace sur les taches brunes.<br \/>\nIl va apaiser les sensations de tiraillements et rendre la peau plus douce et agr\u00e9able.<br \/>\nA tout \u00e2ge, la peau retrouve souplesse et douceur.<br \/>\nFormul\u00e9 avec des actifs v\u00e9g\u00e9taux, le lait pour le corps va stopper la surproduction de m\u00e9lanine<\/p>","protected":false},"excerpt":{"rendered":"<p>Laboratoire ACM D\u00e9piwhite Lait Corporel Eclaircissant 200 ml est un lait qui hydrate les peaux s\u00e8ches et \u00e9claircit le teint. Riche en agents hydratants et en actifs v\u00e9g\u00e9taux \u00e9claircissants, il a \u00e9t\u00e9 con\u00e7u pour hydrater la peau, \u00e9claircir et homog\u00e9n\u00e9iser le teint.<\/p>","protected":false},"featured_media":7095,"comment_status":"open","ping_status":"closed","template":"","meta":[],"product_brand":[],"product_cat":[96],"product_tag":[],"class_list":{"0":"post-7020","1":"product","2":"type-product","3":"status-publish","4":"has-post-thumbnail","6":"product_cat-non-classe","8":"first","9":"instock","10":"shipping-taxable","11":"purchasable","12":"product-type-simple"},"_links":{"self":[{"href":"https:\/\/parashopnarimel.com\/ar\/wp-json\/wp\/v2\/product\/7020","targetHints":{"allow":["GET"]}}],"collection":[{"href":"https:\/\/parashopnarimel.com\/ar\/wp-json\/wp\/v2\/product"}],"about":[{"href":"https:\/\/parashopnarimel.com\/ar\/wp-json\/wp\/v2\/types\/product"}],"replies":[{"embeddable":true,"href":"https:\/\/parashopnarimel.com\/ar\/wp-json\/wp\/v2\/comments?post=7020"}],"version-history":[{"count":1,"href":"https:\/\/parashopnarimel.com\/ar\/wp-json\/wp\/v2\/product\/7020\/revisions"}],"predecessor-version":[{"id":7096,"href":"https:\/\/parashopnarimel.com\/ar\/wp-json\/wp\/v2\/product\/7020\/revisions\/7096"}],"wp:featuredmedia":[{"embeddable":true,"href":"https:\/\/parashopnarimel.com\/ar\/wp-json\/wp\/v2\/media\/7095"}],"wp:attachment":[{"href":"https:\/\/parashopnarimel.com\/ar\/wp-json\/wp\/v2\/media?parent=7020"}],"wp:term":[{"taxonomy":"product_brand","embeddable":true,"href":"https:\/\/parashopnarimel.com\/ar\/wp-json\/wp\/v2\/product_brand?post=7020"},{"taxonomy":"product_cat","embeddable":true,"href":"https:\/\/parashopnarimel.com\/ar\/wp-json\/wp\/v2\/product_cat?post=7020"},{"taxonomy":"product_tag","embeddable":true,"href":"https:\/\/parashopnarimel.com\/ar\/wp-json\/wp\/v2\/product_tag?post=7020"}],"curies":[{"name":"wp","href":"https:\/\/api.w.org\/{rel}","templated":true}]}}