{"id":7105,"date":"2024-12-29T08:11:50","date_gmt":"2024-12-29T08:11:50","guid":{"rendered":"https:\/\/parashopnarimel.com\/?post_type=product&#038;p=7105"},"modified":"2025-03-20T15:27:43","modified_gmt":"2025-03-20T15:27:43","slug":"laboratoire-acm-depiwhite-advanced-creme-intensive-anti-taches-40-ml","status":"publish","type":"product","link":"https:\/\/parashopnarimel.com\/ar\/product\/laboratoire-acm-depiwhite-advanced-creme-intensive-anti-taches-40-ml\/","title":{"rendered":"Laboratoire Acm D\u00e9piwhite Advanced Cr\u00e8me Intensive Anti-Taches 40 Ml"},"content":{"rendered":"<p>Laboratoire ACM D\u00e9piwhite Advanced Cr\u00e8me Intensive Anti-Taches 40 ml est une cr\u00e8me \u00e9labor\u00e9e pour favoriser la disparition des taches brunes type masque de grossesse et vieillissement, au niveau du visage, du d\u00e9collet\u00e9, des mains.<br \/>\nGr\u00e2ce \u00e0 son association d\u2019actifs sp\u00e9cifiques, D\u00e9piwhite Advanced att\u00e9nue ou \u00e9limine les taches brunes, limite leur r\u00e9apparition et unifie la couleur du teint en r\u00e9gulant la production de m\u00e9lanine, responsable des taches, par 3 actions synergiques :<br \/>\n\u2013 Ralentissement de la production de m\u00e9lanine<br \/>\n\u2013 \u00c9limination de la m\u00e9lanine \u00e9pidermique existante<br \/>\n\u2013 Stimulation de la biod\u00e9gradation de la m\u00e9lanine<\/p>","protected":false},"excerpt":{"rendered":"<p>La cr\u00e8me intensive anti-tache D\u00e9piwhite Advanced est un soin efficace pour se d\u00e9barrasser des taches pigmentaires et unifier le teint. Les quatre actifs d\u00e9pigmentant de D\u00e9piwhite agissent sur les taches brunes.<\/p>","protected":false},"featured_media":7178,"comment_status":"open","ping_status":"closed","template":"","meta":[],"product_brand":[],"product_cat":[96,1110,29,2912,2914],"product_tag":[],"class_list":{"0":"post-7105","1":"product","2":"type-product","3":"status-publish","4":"has-post-thumbnail","6":"product_cat-non-classe","7":"product_cat-anti-taches","8":"product_cat-creme","9":"product_cat-nettoyant-corps","10":"product_cat-soins-mains-et-pieds","12":"first","13":"instock","14":"shipping-taxable","15":"purchasable","16":"product-type-simple"},"_links":{"self":[{"href":"https:\/\/parashopnarimel.com\/ar\/wp-json\/wp\/v2\/product\/7105","targetHints":{"allow":["GET"]}}],"collection":[{"href":"https:\/\/parashopnarimel.com\/ar\/wp-json\/wp\/v2\/product"}],"about":[{"href":"https:\/\/parashopnarimel.com\/ar\/wp-json\/wp\/v2\/types\/product"}],"replies":[{"embeddable":true,"href":"https:\/\/parashopnarimel.com\/ar\/wp-json\/wp\/v2\/comments?post=7105"}],"version-history":[{"count":2,"href":"https:\/\/parashopnarimel.com\/ar\/wp-json\/wp\/v2\/product\/7105\/revisions"}],"predecessor-version":[{"id":8227,"href":"https:\/\/parashopnarimel.com\/ar\/wp-json\/wp\/v2\/product\/7105\/revisions\/8227"}],"wp:featuredmedia":[{"embeddable":true,"href":"https:\/\/parashopnarimel.com\/ar\/wp-json\/wp\/v2\/media\/7178"}],"wp:attachment":[{"href":"https:\/\/parashopnarimel.com\/ar\/wp-json\/wp\/v2\/media?parent=7105"}],"wp:term":[{"taxonomy":"product_brand","embeddable":true,"href":"https:\/\/parashopnarimel.com\/ar\/wp-json\/wp\/v2\/product_brand?post=7105"},{"taxonomy":"product_cat","embeddable":true,"href":"https:\/\/parashopnarimel.com\/ar\/wp-json\/wp\/v2\/product_cat?post=7105"},{"taxonomy":"product_tag","embeddable":true,"href":"https:\/\/parashopnarimel.com\/ar\/wp-json\/wp\/v2\/product_tag?post=7105"}],"curies":[{"name":"wp","href":"https:\/\/api.w.org\/{rel}","templated":true}]}}