{"id":7107,"date":"2024-12-29T08:11:50","date_gmt":"2024-12-29T08:11:50","guid":{"rendered":"https:\/\/parashopnarimel.com\/?post_type=product&#038;p=7107"},"modified":"2025-01-05T17:33:45","modified_gmt":"2025-01-05T17:33:45","slug":"creme-protectrice-teintee-protection-spf50-40ml-depiwhite-m-acm","status":"publish","type":"product","link":"https:\/\/parashopnarimel.com\/ar\/product\/creme-protectrice-teintee-protection-spf50-40ml-depiwhite-m-acm\/","title":{"rendered":"Creme Protectrice Teintee Protection Spf50+ 40Ml Depiwhite.M Acm"},"content":{"rendered":"<p>Grace \u00e0 son association innovante et brevet\u00e9e de filtres solaires, de pigments et d\u2019actifs, la cr\u00e8me protectrice teint\u00e9e D\u00e9piwhite.M permet une tr\u00e8s haute protection sur l\u2019ensemble du spectre UVA\/UVB ainsi qu\u2019un protection compl\u00e9mentaire contre la lumi\u00e8re visible de haute \u00e9nergie (violette-bleue) permettant une meilleure pr\u00e9vention des troubles de la pigmentation de type masque de grossesse.<br \/>\nSa teinte dor\u00e9e masque les imperfections.<\/p>","protected":false},"excerpt":{"rendered":"<p>Cr\u00e8me protectrice quotidienne pour toutes les femmes sujettes aux taches pigmentaires de type masque de grossesse.<\/p>","protected":false},"featured_media":7182,"comment_status":"open","ping_status":"closed","template":"","meta":[],"product_brand":[],"product_cat":[96],"product_tag":[],"class_list":{"0":"post-7107","1":"product","2":"type-product","3":"status-publish","4":"has-post-thumbnail","6":"product_cat-non-classe","8":"first","9":"instock","10":"shipping-taxable","11":"purchasable","12":"product-type-simple"},"_links":{"self":[{"href":"https:\/\/parashopnarimel.com\/ar\/wp-json\/wp\/v2\/product\/7107","targetHints":{"allow":["GET"]}}],"collection":[{"href":"https:\/\/parashopnarimel.com\/ar\/wp-json\/wp\/v2\/product"}],"about":[{"href":"https:\/\/parashopnarimel.com\/ar\/wp-json\/wp\/v2\/types\/product"}],"replies":[{"embeddable":true,"href":"https:\/\/parashopnarimel.com\/ar\/wp-json\/wp\/v2\/comments?post=7107"}],"version-history":[{"count":2,"href":"https:\/\/parashopnarimel.com\/ar\/wp-json\/wp\/v2\/product\/7107\/revisions"}],"predecessor-version":[{"id":8284,"href":"https:\/\/parashopnarimel.com\/ar\/wp-json\/wp\/v2\/product\/7107\/revisions\/8284"}],"wp:featuredmedia":[{"embeddable":true,"href":"https:\/\/parashopnarimel.com\/ar\/wp-json\/wp\/v2\/media\/7182"}],"wp:attachment":[{"href":"https:\/\/parashopnarimel.com\/ar\/wp-json\/wp\/v2\/media?parent=7107"}],"wp:term":[{"taxonomy":"product_brand","embeddable":true,"href":"https:\/\/parashopnarimel.com\/ar\/wp-json\/wp\/v2\/product_brand?post=7107"},{"taxonomy":"product_cat","embeddable":true,"href":"https:\/\/parashopnarimel.com\/ar\/wp-json\/wp\/v2\/product_cat?post=7107"},{"taxonomy":"product_tag","embeddable":true,"href":"https:\/\/parashopnarimel.com\/ar\/wp-json\/wp\/v2\/product_tag?post=7107"}],"curies":[{"name":"wp","href":"https:\/\/api.w.org\/{rel}","templated":true}]}}