{"id":7125,"date":"2024-12-29T08:12:12","date_gmt":"2024-12-29T08:12:12","guid":{"rendered":"https:\/\/parashopnarimel.com\/?post_type=product&#038;p=7125"},"modified":"2025-01-19T10:18:25","modified_gmt":"2025-01-19T10:18:25","slug":"lca-lait-hydratant-200ml","status":"publish","type":"product","link":"https:\/\/parashopnarimel.com\/ar\/product\/lca-lait-hydratant-200ml\/","title":{"rendered":"Lca Lait Hydratant 200Ml"},"content":{"rendered":"<p>Le lait hydratant apaise, prot\u00e8ge et hydrate les peaux sensibles et tr\u00e8s s\u00e8ches ainsi que les zones r\u00eaches ou rugueuses du corps (bras, coudes, jambes).<br \/>\nAdultes et enfants de plus de 3 ans.<br \/>\nHuiles v\u00e9g\u00e9tales : hydratent et restaurent le film hydrolipidique<br \/>\nGlyc\u00e9rine : hydrate intens\u00e9ment la peau<br \/>\nAllanto\u00efne : apaisant<br \/>\nVitamine E : anti-radicalaire<\/p>","protected":false},"excerpt":{"rendered":"<p>Le lait hydratant apaise, prot\u00e8ge et hydrate les peaux sensibles et tr\u00e8s s\u00e8ches ainsi que les zones r\u00eaches ou rugueuses du corps (bras, coudes, jambes).<br \/>\nAdultes et enfants de plus de 3 ans.<\/p>","protected":false},"featured_media":7200,"comment_status":"open","ping_status":"closed","template":"","meta":[],"product_brand":[],"product_cat":[2911],"product_tag":[],"class_list":{"0":"post-7125","1":"product","2":"type-product","3":"status-publish","4":"has-post-thumbnail","6":"product_cat-creme-corps","8":"first","9":"instock","10":"shipping-taxable","11":"purchasable","12":"product-type-simple"},"_links":{"self":[{"href":"https:\/\/parashopnarimel.com\/ar\/wp-json\/wp\/v2\/product\/7125","targetHints":{"allow":["GET"]}}],"collection":[{"href":"https:\/\/parashopnarimel.com\/ar\/wp-json\/wp\/v2\/product"}],"about":[{"href":"https:\/\/parashopnarimel.com\/ar\/wp-json\/wp\/v2\/types\/product"}],"replies":[{"embeddable":true,"href":"https:\/\/parashopnarimel.com\/ar\/wp-json\/wp\/v2\/comments?post=7125"}],"version-history":[{"count":1,"href":"https:\/\/parashopnarimel.com\/ar\/wp-json\/wp\/v2\/product\/7125\/revisions"}],"predecessor-version":[{"id":7201,"href":"https:\/\/parashopnarimel.com\/ar\/wp-json\/wp\/v2\/product\/7125\/revisions\/7201"}],"wp:featuredmedia":[{"embeddable":true,"href":"https:\/\/parashopnarimel.com\/ar\/wp-json\/wp\/v2\/media\/7200"}],"wp:attachment":[{"href":"https:\/\/parashopnarimel.com\/ar\/wp-json\/wp\/v2\/media?parent=7125"}],"wp:term":[{"taxonomy":"product_brand","embeddable":true,"href":"https:\/\/parashopnarimel.com\/ar\/wp-json\/wp\/v2\/product_brand?post=7125"},{"taxonomy":"product_cat","embeddable":true,"href":"https:\/\/parashopnarimel.com\/ar\/wp-json\/wp\/v2\/product_cat?post=7125"},{"taxonomy":"product_tag","embeddable":true,"href":"https:\/\/parashopnarimel.com\/ar\/wp-json\/wp\/v2\/product_tag?post=7125"}],"curies":[{"name":"wp","href":"https:\/\/api.w.org\/{rel}","templated":true}]}}