{"id":7126,"date":"2024-12-29T08:12:12","date_gmt":"2024-12-29T08:12:12","guid":{"rendered":"https:\/\/parashopnarimel.com\/?post_type=product&#038;p=7126"},"modified":"2025-01-19T10:18:42","modified_gmt":"2025-01-19T10:18:42","slug":"lca-gel-lavant-surgras-200ml","status":"publish","type":"product","link":"https:\/\/parashopnarimel.com\/ar\/product\/lca-gel-lavant-surgras-200ml\/","title":{"rendered":"Lca Gel Lavant Surgras 200Ml"},"content":{"rendered":"<p>Le gel lavant surgras nettoie la peau sensible et tr\u00e8s s\u00e8che, respecte le film hydrolipidique et am\u00e9liore le confort cutan\u00e9. La peau est ainsi parfaitement nettoy\u00e9e et reste hydrat\u00e9e.<br \/>\nAdultes et Enfants. Visage et corps.<br \/>\nHuiles v\u00e9g\u00e9tales : hydratent et restaurent le film hydrolipidique<br \/>\nBases lavantes douces<br \/>\nGlyc\u00e9rine : humectant<\/p>","protected":false},"excerpt":{"rendered":"<p>Nettoie en douceur et pr\u00e9serve du dess\u00e8chement.<br \/>\nAdultes et Enfants. Visage et corps.<\/p>","protected":false},"featured_media":7202,"comment_status":"open","ping_status":"closed","template":"","meta":[],"product_brand":[],"product_cat":[96,22,2912],"product_tag":[],"class_list":{"0":"post-7126","1":"product","2":"type-product","3":"status-publish","4":"has-post-thumbnail","6":"product_cat-non-classe","7":"product_cat-nettoyant","8":"product_cat-nettoyant-corps","10":"first","11":"instock","12":"shipping-taxable","13":"purchasable","14":"product-type-simple"},"_links":{"self":[{"href":"https:\/\/parashopnarimel.com\/ar\/wp-json\/wp\/v2\/product\/7126","targetHints":{"allow":["GET"]}}],"collection":[{"href":"https:\/\/parashopnarimel.com\/ar\/wp-json\/wp\/v2\/product"}],"about":[{"href":"https:\/\/parashopnarimel.com\/ar\/wp-json\/wp\/v2\/types\/product"}],"replies":[{"embeddable":true,"href":"https:\/\/parashopnarimel.com\/ar\/wp-json\/wp\/v2\/comments?post=7126"}],"version-history":[{"count":1,"href":"https:\/\/parashopnarimel.com\/ar\/wp-json\/wp\/v2\/product\/7126\/revisions"}],"predecessor-version":[{"id":7203,"href":"https:\/\/parashopnarimel.com\/ar\/wp-json\/wp\/v2\/product\/7126\/revisions\/7203"}],"wp:featuredmedia":[{"embeddable":true,"href":"https:\/\/parashopnarimel.com\/ar\/wp-json\/wp\/v2\/media\/7202"}],"wp:attachment":[{"href":"https:\/\/parashopnarimel.com\/ar\/wp-json\/wp\/v2\/media?parent=7126"}],"wp:term":[{"taxonomy":"product_brand","embeddable":true,"href":"https:\/\/parashopnarimel.com\/ar\/wp-json\/wp\/v2\/product_brand?post=7126"},{"taxonomy":"product_cat","embeddable":true,"href":"https:\/\/parashopnarimel.com\/ar\/wp-json\/wp\/v2\/product_cat?post=7126"},{"taxonomy":"product_tag","embeddable":true,"href":"https:\/\/parashopnarimel.com\/ar\/wp-json\/wp\/v2\/product_tag?post=7126"}],"curies":[{"name":"wp","href":"https:\/\/api.w.org\/{rel}","templated":true}]}}