{"id":7145,"date":"2024-12-29T08:12:37","date_gmt":"2024-12-29T08:12:37","guid":{"rendered":"https:\/\/parashopnarimel.com\/?post_type=product&#038;p=7145"},"modified":"2025-01-30T19:33:04","modified_gmt":"2025-01-30T19:33:04","slug":"lca-creme-reparatrice-50ml","status":"publish","type":"product","link":"https:\/\/parashopnarimel.com\/ar\/product\/lca-creme-reparatrice-50ml\/","title":{"rendered":"Lca Cr\u00e8me R\u00e9paratrice 50Ml"},"content":{"rendered":"<p>La cr\u00e8me r\u00e9paratrice a \u00e9t\u00e9 formul\u00e9e pour apaiser les rougeurs et les irritations superficielles de l\u2019\u00e9piderme, telles que les coups de soleil et les \u00e9chauffements cutan\u00e9s li\u00e9s aux frottements.<br \/>\nLa cr\u00e8me r\u00e9paratrice stimule la reconstruction de la barri\u00e8re cutan\u00e9e en favorisant le renouvellement cellulaire. Gr\u00e2ce \u00e0 son effet filmog\u00e8ne, la peau est durablement hydrat\u00e9e et prot\u00e9g\u00e9e.<br \/>\nHuile d\u2019avocat : hydratant, restructurant, apaisant<br \/>\nPanth\u00e9nol : hydratant, cicatrisant, apaisant<br \/>\nHydroxyproline : hydratant, raffermissant, restructurant<br \/>\nSqualane v\u00e9g\u00e9tal : hydratant, r\u00e9parateur<br \/>\nBeurre de karit\u00e9 : hydratant, r\u00e9parateur, protecteur, cicatrisant, apaisant<\/p>","protected":false},"excerpt":{"rendered":"<p>Favorise la r\u00e9paration de la barri\u00e8re cutan\u00e9e<br \/>\nApaise et calme les irritations<\/p>","protected":false},"featured_media":7220,"comment_status":"open","ping_status":"closed","template":"","meta":[],"product_brand":[],"product_cat":[96,29],"product_tag":[],"class_list":{"0":"post-7145","1":"product","2":"type-product","3":"status-publish","4":"has-post-thumbnail","6":"product_cat-non-classe","7":"product_cat-creme","9":"first","10":"instock","11":"shipping-taxable","12":"purchasable","13":"product-type-simple"},"_links":{"self":[{"href":"https:\/\/parashopnarimel.com\/ar\/wp-json\/wp\/v2\/product\/7145","targetHints":{"allow":["GET"]}}],"collection":[{"href":"https:\/\/parashopnarimel.com\/ar\/wp-json\/wp\/v2\/product"}],"about":[{"href":"https:\/\/parashopnarimel.com\/ar\/wp-json\/wp\/v2\/types\/product"}],"replies":[{"embeddable":true,"href":"https:\/\/parashopnarimel.com\/ar\/wp-json\/wp\/v2\/comments?post=7145"}],"version-history":[{"count":1,"href":"https:\/\/parashopnarimel.com\/ar\/wp-json\/wp\/v2\/product\/7145\/revisions"}],"predecessor-version":[{"id":7221,"href":"https:\/\/parashopnarimel.com\/ar\/wp-json\/wp\/v2\/product\/7145\/revisions\/7221"}],"wp:featuredmedia":[{"embeddable":true,"href":"https:\/\/parashopnarimel.com\/ar\/wp-json\/wp\/v2\/media\/7220"}],"wp:attachment":[{"href":"https:\/\/parashopnarimel.com\/ar\/wp-json\/wp\/v2\/media?parent=7145"}],"wp:term":[{"taxonomy":"product_brand","embeddable":true,"href":"https:\/\/parashopnarimel.com\/ar\/wp-json\/wp\/v2\/product_brand?post=7145"},{"taxonomy":"product_cat","embeddable":true,"href":"https:\/\/parashopnarimel.com\/ar\/wp-json\/wp\/v2\/product_cat?post=7145"},{"taxonomy":"product_tag","embeddable":true,"href":"https:\/\/parashopnarimel.com\/ar\/wp-json\/wp\/v2\/product_tag?post=7145"}],"curies":[{"name":"wp","href":"https:\/\/api.w.org\/{rel}","templated":true}]}}