{"id":7147,"date":"2024-12-29T08:12:37","date_gmt":"2024-12-29T08:12:37","guid":{"rendered":"https:\/\/parashopnarimel.com\/?post_type=product&#038;p=7147"},"modified":"2025-04-10T15:26:35","modified_gmt":"2025-04-10T15:26:35","slug":"lca-creme-depigmentante-40ml","status":"publish","type":"product","link":"https:\/\/parashopnarimel.com\/ar\/product\/lca-creme-depigmentante-40ml\/","title":{"rendered":"Lca Cr\u00e8me D\u00e9pigmentante 40Ml"},"content":{"rendered":"<p>La Cr\u00e8me d\u00e9pigmentante est un soin quotidien qui permet une prise en charge efficace des t\u00e2ches pigmentaires. Elle agit de fa\u00e7on rapide et visible sur les t\u00e2ches brunes. Le teint s\u2019\u00e9claircit et devient homog\u00e8ne.<br \/>\nAcide ascorbique : freine la synth\u00e8se de la m\u00e9lanine, anti-oxydant<br \/>\nAcide lactique : stimule le renouvellement cellulaire, favorise l\u2019\u00e9limination de la pigmentation existante<br \/>\nAcide kojique : freine la synth\u00e8se de la m\u00e9lanine<\/p>","protected":false},"excerpt":{"rendered":"<p>La Cr\u00e8me d\u00e9pigmentante est un soin quotidien qui permet une prise en charge efficace des t\u00e2ches pigmentaires. Elle agit de fa\u00e7on rapide et visible sur les t\u00e2ches brunes. Le teint s\u2019\u00e9claircit et devient homog\u00e8ne.<\/p>","protected":false},"featured_media":7224,"comment_status":"open","ping_status":"closed","template":"","meta":[],"product_brand":[],"product_cat":[96,1110,29],"product_tag":[],"class_list":{"0":"post-7147","1":"product","2":"type-product","3":"status-publish","4":"has-post-thumbnail","6":"product_cat-non-classe","7":"product_cat-anti-taches","8":"product_cat-creme","10":"first","11":"instock","12":"shipping-taxable","13":"purchasable","14":"product-type-simple"},"_links":{"self":[{"href":"https:\/\/parashopnarimel.com\/ar\/wp-json\/wp\/v2\/product\/7147","targetHints":{"allow":["GET"]}}],"collection":[{"href":"https:\/\/parashopnarimel.com\/ar\/wp-json\/wp\/v2\/product"}],"about":[{"href":"https:\/\/parashopnarimel.com\/ar\/wp-json\/wp\/v2\/types\/product"}],"replies":[{"embeddable":true,"href":"https:\/\/parashopnarimel.com\/ar\/wp-json\/wp\/v2\/comments?post=7147"}],"version-history":[{"count":2,"href":"https:\/\/parashopnarimel.com\/ar\/wp-json\/wp\/v2\/product\/7147\/revisions"}],"predecessor-version":[{"id":8282,"href":"https:\/\/parashopnarimel.com\/ar\/wp-json\/wp\/v2\/product\/7147\/revisions\/8282"}],"wp:featuredmedia":[{"embeddable":true,"href":"https:\/\/parashopnarimel.com\/ar\/wp-json\/wp\/v2\/media\/7224"}],"wp:attachment":[{"href":"https:\/\/parashopnarimel.com\/ar\/wp-json\/wp\/v2\/media?parent=7147"}],"wp:term":[{"taxonomy":"product_brand","embeddable":true,"href":"https:\/\/parashopnarimel.com\/ar\/wp-json\/wp\/v2\/product_brand?post=7147"},{"taxonomy":"product_cat","embeddable":true,"href":"https:\/\/parashopnarimel.com\/ar\/wp-json\/wp\/v2\/product_cat?post=7147"},{"taxonomy":"product_tag","embeddable":true,"href":"https:\/\/parashopnarimel.com\/ar\/wp-json\/wp\/v2\/product_tag?post=7147"}],"curies":[{"name":"wp","href":"https:\/\/api.w.org\/{rel}","templated":true}]}}