{"id":7235,"date":"2024-12-29T08:14:11","date_gmt":"2024-12-29T08:14:11","guid":{"rendered":"https:\/\/parashopnarimel.com\/?post_type=product&#038;p=7235"},"modified":"2025-01-19T10:17:33","modified_gmt":"2025-01-19T10:17:33","slug":"klorane-bebe-shampooing-doux-demelant-200-ml","status":"publish","type":"product","link":"https:\/\/parashopnarimel.com\/ar\/product\/klorane-bebe-shampooing-doux-demelant-200-ml\/","title":{"rendered":"Klorane B\u00e9b\u00e9 Shampooing Doux Demelant 200 ml"},"content":{"rendered":"<p>Klorane B\u00e9b\u00e9 Shampoing D\u00e9m\u00ealant 200 ml est un shampoing pour b\u00e9b\u00e9, id\u00e9al d\u00e8s la naissance, pour cheveux d\u00e9licats.<br \/>\nLa formule biod\u00e9gradable de ce shampoing est au calendula apaisant de fleurs issues de culture bio. Enrichie en agents d\u00e9m\u00ealants, sa formule au parfum tendre et relaxant nettoie en douceur et facilite le d\u00e9m\u00ealage, laissant les cheveux de b\u00e9b\u00e9 soyeux.<br \/>\nTest\u00e9 cliniquement sous contr\u00f4le p\u00e9diatrique.<br \/>\nFabriqu\u00e9 en France.<\/p>","protected":false},"excerpt":{"rendered":"<p>Klorane B\u00e9b\u00e9 Shampooing D\u00e9m\u00ealant 200 ml est un shampooing pour b\u00e9b\u00e9, id\u00e9al d\u00e8s la naissance, pour cheveux d\u00e9licats.<\/p>","protected":false},"featured_media":7315,"comment_status":"open","ping_status":"closed","template":"","meta":[],"product_brand":[],"product_cat":[76],"product_tag":[920],"class_list":{"0":"post-7235","1":"product","2":"type-product","3":"status-publish","4":"has-post-thumbnail","6":"product_cat-bebe-et-maman","7":"product_tag-bio","9":"first","10":"instock","11":"shipping-taxable","12":"purchasable","13":"product-type-simple"},"_links":{"self":[{"href":"https:\/\/parashopnarimel.com\/ar\/wp-json\/wp\/v2\/product\/7235","targetHints":{"allow":["GET"]}}],"collection":[{"href":"https:\/\/parashopnarimel.com\/ar\/wp-json\/wp\/v2\/product"}],"about":[{"href":"https:\/\/parashopnarimel.com\/ar\/wp-json\/wp\/v2\/types\/product"}],"replies":[{"embeddable":true,"href":"https:\/\/parashopnarimel.com\/ar\/wp-json\/wp\/v2\/comments?post=7235"}],"version-history":[{"count":1,"href":"https:\/\/parashopnarimel.com\/ar\/wp-json\/wp\/v2\/product\/7235\/revisions"}],"predecessor-version":[{"id":7316,"href":"https:\/\/parashopnarimel.com\/ar\/wp-json\/wp\/v2\/product\/7235\/revisions\/7316"}],"wp:featuredmedia":[{"embeddable":true,"href":"https:\/\/parashopnarimel.com\/ar\/wp-json\/wp\/v2\/media\/7315"}],"wp:attachment":[{"href":"https:\/\/parashopnarimel.com\/ar\/wp-json\/wp\/v2\/media?parent=7235"}],"wp:term":[{"taxonomy":"product_brand","embeddable":true,"href":"https:\/\/parashopnarimel.com\/ar\/wp-json\/wp\/v2\/product_brand?post=7235"},{"taxonomy":"product_cat","embeddable":true,"href":"https:\/\/parashopnarimel.com\/ar\/wp-json\/wp\/v2\/product_cat?post=7235"},{"taxonomy":"product_tag","embeddable":true,"href":"https:\/\/parashopnarimel.com\/ar\/wp-json\/wp\/v2\/product_tag?post=7235"}],"curies":[{"name":"wp","href":"https:\/\/api.w.org\/{rel}","templated":true}]}}