{"id":7249,"date":"2024-12-29T08:14:32","date_gmt":"2024-12-29T08:14:32","guid":{"rendered":"https:\/\/parashopnarimel.com\/?post_type=product&#038;p=7249"},"modified":"2025-06-17T16:15:38","modified_gmt":"2025-06-17T16:15:38","slug":"klorane-bebe-savon-surgras-doux-250-g","status":"publish","type":"product","link":"https:\/\/parashopnarimel.com\/ar\/product\/klorane-bebe-savon-surgras-doux-250-g\/","title":{"rendered":"Klorane B\u00e9b\u00e9 Savon Surgras Doux 250 g"},"content":{"rendered":"<p>La formule naturelle de ce savon surgras est au calendula apaisant de fleurs issues de culture Bio.<br \/>\nEnrichie en agents nettoyants, sa formule au parfum tendre et relaxant nettoie en douceur.<br \/>\nTest\u00e9 cliniquement sous contr\u00f4le p\u00e9diatrique.<br \/>\n97% des ingr\u00e9dients sont d\u2019origine naturelle.<br \/>\nFabriqu\u00e9 en France.<\/p>","protected":false},"excerpt":{"rendered":"<p>Klorane B\u00e9b\u00e9 Savon Surgras Doux 250 g est un savon surgras id\u00e9al pour nettoyer le visage et le corps de b\u00e9b\u00e9 d\u00e8s la naissance.<\/p>","protected":false},"featured_media":7322,"comment_status":"open","ping_status":"closed","template":"","meta":[],"product_brand":[],"product_cat":[76],"product_tag":[],"class_list":{"0":"post-7249","1":"product","2":"type-product","3":"status-publish","4":"has-post-thumbnail","6":"product_cat-bebe-et-maman","8":"first","9":"instock","10":"shipping-taxable","11":"purchasable","12":"product-type-simple"},"_links":{"self":[{"href":"https:\/\/parashopnarimel.com\/ar\/wp-json\/wp\/v2\/product\/7249","targetHints":{"allow":["GET"]}}],"collection":[{"href":"https:\/\/parashopnarimel.com\/ar\/wp-json\/wp\/v2\/product"}],"about":[{"href":"https:\/\/parashopnarimel.com\/ar\/wp-json\/wp\/v2\/types\/product"}],"replies":[{"embeddable":true,"href":"https:\/\/parashopnarimel.com\/ar\/wp-json\/wp\/v2\/comments?post=7249"}],"version-history":[{"count":2,"href":"https:\/\/parashopnarimel.com\/ar\/wp-json\/wp\/v2\/product\/7249\/revisions"}],"predecessor-version":[{"id":7456,"href":"https:\/\/parashopnarimel.com\/ar\/wp-json\/wp\/v2\/product\/7249\/revisions\/7456"}],"wp:featuredmedia":[{"embeddable":true,"href":"https:\/\/parashopnarimel.com\/ar\/wp-json\/wp\/v2\/media\/7322"}],"wp:attachment":[{"href":"https:\/\/parashopnarimel.com\/ar\/wp-json\/wp\/v2\/media?parent=7249"}],"wp:term":[{"taxonomy":"product_brand","embeddable":true,"href":"https:\/\/parashopnarimel.com\/ar\/wp-json\/wp\/v2\/product_brand?post=7249"},{"taxonomy":"product_cat","embeddable":true,"href":"https:\/\/parashopnarimel.com\/ar\/wp-json\/wp\/v2\/product_cat?post=7249"},{"taxonomy":"product_tag","embeddable":true,"href":"https:\/\/parashopnarimel.com\/ar\/wp-json\/wp\/v2\/product_tag?post=7249"}],"curies":[{"name":"wp","href":"https:\/\/api.w.org\/{rel}","templated":true}]}}