{"id":7250,"date":"2024-12-29T08:14:32","date_gmt":"2024-12-29T08:14:32","guid":{"rendered":"https:\/\/parashopnarimel.com\/?post_type=product&#038;p=7250"},"modified":"2025-01-19T10:14:50","modified_gmt":"2025-01-19T10:14:50","slug":"klorane-bebe-lait-de-toilette-sans-rincage-500-ml","status":"publish","type":"product","link":"https:\/\/parashopnarimel.com\/ar\/product\/klorane-bebe-lait-de-toilette-sans-rincage-500-ml\/","title":{"rendered":"Klorane B\u00e9b\u00e9 Lait De Toilette Sans Rincage 500 ml"},"content":{"rendered":"<p>Klorane B\u00e9b\u00e9 Lait de Toilette sans Rin\u00e7age 750 ml est un lait de toilette id\u00e9al pour nettoyer le visage, les mains et le si\u00e8ge de b\u00e9b\u00e9 d\u00e8s la naissance.<br \/>\nLa formule naturelle de ce lait de toilette est au calendula apaisant de fleurs issues de culture bio. Enrichie en agents nettoyants, sa formule au parfum tendre et relaxant nettoie en douceur.<br \/>\nTest\u00e9 cliniquement sous contr\u00f4le p\u00e9diatrique. Formule non collante. 97% des ingr\u00e9dients sont d\u2019origine naturelle.<\/p>","protected":false},"excerpt":{"rendered":"<p>Riche en extrait de Calendula KLORANE, le lait protecteur sans rin\u00e7age est recommand\u00e9 pour une toilette haute tol\u00e9rance.<\/p>","protected":false},"featured_media":7324,"comment_status":"open","ping_status":"closed","template":"","meta":[],"product_brand":[],"product_cat":[76],"product_tag":[920],"class_list":{"0":"post-7250","1":"product","2":"type-product","3":"status-publish","4":"has-post-thumbnail","6":"product_cat-bebe-et-maman","7":"product_tag-bio","9":"first","10":"instock","11":"shipping-taxable","12":"purchasable","13":"product-type-simple"},"_links":{"self":[{"href":"https:\/\/parashopnarimel.com\/ar\/wp-json\/wp\/v2\/product\/7250","targetHints":{"allow":["GET"]}}],"collection":[{"href":"https:\/\/parashopnarimel.com\/ar\/wp-json\/wp\/v2\/product"}],"about":[{"href":"https:\/\/parashopnarimel.com\/ar\/wp-json\/wp\/v2\/types\/product"}],"replies":[{"embeddable":true,"href":"https:\/\/parashopnarimel.com\/ar\/wp-json\/wp\/v2\/comments?post=7250"}],"version-history":[{"count":2,"href":"https:\/\/parashopnarimel.com\/ar\/wp-json\/wp\/v2\/product\/7250\/revisions"}],"predecessor-version":[{"id":8192,"href":"https:\/\/parashopnarimel.com\/ar\/wp-json\/wp\/v2\/product\/7250\/revisions\/8192"}],"wp:featuredmedia":[{"embeddable":true,"href":"https:\/\/parashopnarimel.com\/ar\/wp-json\/wp\/v2\/media\/7324"}],"wp:attachment":[{"href":"https:\/\/parashopnarimel.com\/ar\/wp-json\/wp\/v2\/media?parent=7250"}],"wp:term":[{"taxonomy":"product_brand","embeddable":true,"href":"https:\/\/parashopnarimel.com\/ar\/wp-json\/wp\/v2\/product_brand?post=7250"},{"taxonomy":"product_cat","embeddable":true,"href":"https:\/\/parashopnarimel.com\/ar\/wp-json\/wp\/v2\/product_cat?post=7250"},{"taxonomy":"product_tag","embeddable":true,"href":"https:\/\/parashopnarimel.com\/ar\/wp-json\/wp\/v2\/product_tag?post=7250"}],"curies":[{"name":"wp","href":"https:\/\/api.w.org\/{rel}","templated":true}]}}