{"id":7253,"date":"2024-12-29T08:14:33","date_gmt":"2024-12-29T08:14:33","guid":{"rendered":"https:\/\/parashopnarimel.com\/?post_type=product&#038;p=7253"},"modified":"2025-01-19T10:13:31","modified_gmt":"2025-01-19T10:13:31","slug":"klorane-bebe-eau-nettoyante-sans-rincage-500-ml","status":"publish","type":"product","link":"https:\/\/parashopnarimel.com\/ar\/product\/klorane-bebe-eau-nettoyante-sans-rincage-500-ml\/","title":{"rendered":"Klorane B\u00e9b\u00e9 Eau Nettoyante sans Rin\u00e7age 500 ml"},"content":{"rendered":"<p>La formule naturelle de cette eau nettoyante est au calendula apaisant de fleurs issues de culture bio. Enrichie en agents nettoyants, sa formule au parfum tendre et relaxant nettoie en douceur.<br \/>\nTest\u00e9e cliniquement sous contr\u00f4le p\u00e9diatrique. Formule non collante. 98% des ingr\u00e9dients sont d\u2019origine naturelle.<\/p>","protected":false},"excerpt":{"rendered":"<p>Klorane B\u00e9b\u00e9 Eau Nettoyante sans Rin\u00e7age 500 ml est une eau sans rin\u00e7age id\u00e9ale pour nettoyer le visage, les mains et le si\u00e8ge de b\u00e9b\u00e9 d\u00e8s la naissance.<\/p>","protected":false},"featured_media":7335,"comment_status":"open","ping_status":"closed","template":"","meta":[],"product_brand":[],"product_cat":[76],"product_tag":[920],"class_list":{"0":"post-7253","1":"product","2":"type-product","3":"status-publish","4":"has-post-thumbnail","6":"product_cat-bebe-et-maman","7":"product_tag-bio","9":"first","10":"outofstock","11":"shipping-taxable","12":"purchasable","13":"product-type-simple"},"_links":{"self":[{"href":"https:\/\/parashopnarimel.com\/ar\/wp-json\/wp\/v2\/product\/7253","targetHints":{"allow":["GET"]}}],"collection":[{"href":"https:\/\/parashopnarimel.com\/ar\/wp-json\/wp\/v2\/product"}],"about":[{"href":"https:\/\/parashopnarimel.com\/ar\/wp-json\/wp\/v2\/types\/product"}],"replies":[{"embeddable":true,"href":"https:\/\/parashopnarimel.com\/ar\/wp-json\/wp\/v2\/comments?post=7253"}],"version-history":[{"count":2,"href":"https:\/\/parashopnarimel.com\/ar\/wp-json\/wp\/v2\/product\/7253\/revisions"}],"predecessor-version":[{"id":8199,"href":"https:\/\/parashopnarimel.com\/ar\/wp-json\/wp\/v2\/product\/7253\/revisions\/8199"}],"wp:featuredmedia":[{"embeddable":true,"href":"https:\/\/parashopnarimel.com\/ar\/wp-json\/wp\/v2\/media\/7335"}],"wp:attachment":[{"href":"https:\/\/parashopnarimel.com\/ar\/wp-json\/wp\/v2\/media?parent=7253"}],"wp:term":[{"taxonomy":"product_brand","embeddable":true,"href":"https:\/\/parashopnarimel.com\/ar\/wp-json\/wp\/v2\/product_brand?post=7253"},{"taxonomy":"product_cat","embeddable":true,"href":"https:\/\/parashopnarimel.com\/ar\/wp-json\/wp\/v2\/product_cat?post=7253"},{"taxonomy":"product_tag","embeddable":true,"href":"https:\/\/parashopnarimel.com\/ar\/wp-json\/wp\/v2\/product_tag?post=7253"}],"curies":[{"name":"wp","href":"https:\/\/api.w.org\/{rel}","templated":true}]}}