{"id":7254,"date":"2024-12-29T08:14:33","date_gmt":"2024-12-29T08:14:33","guid":{"rendered":"https:\/\/parashopnarimel.com\/?post_type=product&#038;p=7254"},"modified":"2024-12-29T10:00:06","modified_gmt":"2024-12-29T10:00:06","slug":"klorane-bebe-eau-fraiche-parfumee-500-ml","status":"publish","type":"product","link":"https:\/\/parashopnarimel.com\/ar\/product\/klorane-bebe-eau-fraiche-parfumee-500-ml\/","title":{"rendered":"Klorane B\u00e9b\u00e9 Eau Fra\u00eeche Parfum\u00e9e 500 ml"},"content":{"rendered":"<p>La formule de cette eau fra\u00eeche parfum\u00e9e sans rin\u00e7age est au calendula apaisant de fleurs issues de culture bio. Sa formule au parfum tendre et relaxant laisse la peau de b\u00e9b\u00e9 d\u00e9licatement parfum\u00e9e.<br \/>\nTest\u00e9e cliniquement sous contr\u00f4le p\u00e9diatrique. 97% des ingr\u00e9dients sont d\u2019origine naturelle.<\/p>","protected":false},"excerpt":{"rendered":"<p>Klorane B\u00e9b\u00e9 Eau Fra\u00eeche Parfum\u00e9e 500 ml est une eau parfum\u00e9e pour b\u00e9b\u00e9, id\u00e9ale d\u00e8s la naissance, pour la peau normale.<\/p>","protected":false},"featured_media":7337,"comment_status":"open","ping_status":"closed","template":"","meta":[],"product_brand":[],"product_cat":[96],"product_tag":[920],"class_list":{"0":"post-7254","1":"product","2":"type-product","3":"status-publish","4":"has-post-thumbnail","6":"product_cat-non-classe","7":"product_tag-bio","9":"first","10":"outofstock","11":"shipping-taxable","12":"purchasable","13":"product-type-simple"},"_links":{"self":[{"href":"https:\/\/parashopnarimel.com\/ar\/wp-json\/wp\/v2\/product\/7254","targetHints":{"allow":["GET"]}}],"collection":[{"href":"https:\/\/parashopnarimel.com\/ar\/wp-json\/wp\/v2\/product"}],"about":[{"href":"https:\/\/parashopnarimel.com\/ar\/wp-json\/wp\/v2\/types\/product"}],"replies":[{"embeddable":true,"href":"https:\/\/parashopnarimel.com\/ar\/wp-json\/wp\/v2\/comments?post=7254"}],"version-history":[{"count":2,"href":"https:\/\/parashopnarimel.com\/ar\/wp-json\/wp\/v2\/product\/7254\/revisions"}],"predecessor-version":[{"id":8200,"href":"https:\/\/parashopnarimel.com\/ar\/wp-json\/wp\/v2\/product\/7254\/revisions\/8200"}],"wp:featuredmedia":[{"embeddable":true,"href":"https:\/\/parashopnarimel.com\/ar\/wp-json\/wp\/v2\/media\/7337"}],"wp:attachment":[{"href":"https:\/\/parashopnarimel.com\/ar\/wp-json\/wp\/v2\/media?parent=7254"}],"wp:term":[{"taxonomy":"product_brand","embeddable":true,"href":"https:\/\/parashopnarimel.com\/ar\/wp-json\/wp\/v2\/product_brand?post=7254"},{"taxonomy":"product_cat","embeddable":true,"href":"https:\/\/parashopnarimel.com\/ar\/wp-json\/wp\/v2\/product_cat?post=7254"},{"taxonomy":"product_tag","embeddable":true,"href":"https:\/\/parashopnarimel.com\/ar\/wp-json\/wp\/v2\/product_tag?post=7254"}],"curies":[{"name":"wp","href":"https:\/\/api.w.org\/{rel}","templated":true}]}}