{"id":7684,"date":"2024-12-29T08:24:52","date_gmt":"2024-12-29T08:24:52","guid":{"rendered":"https:\/\/parashopnarimel.com\/?post_type=product&#038;p=7684"},"modified":"2024-12-29T10:51:04","modified_gmt":"2024-12-29T10:51:04","slug":"effaclar-k-soin-renovation-peaux-grasses-40-ml","status":"publish","type":"product","link":"https:\/\/parashopnarimel.com\/ar\/product\/effaclar-k-soin-renovation-peaux-grasses-40-ml\/","title":{"rendered":"Effaclar K (+) \u2013 Soin R\u00e9novation Peaux Grasses \u2013 40 Ml"},"content":{"rendered":"<p>D\u00e8s la 1\u00e8re application de ce soin, la peau est d\u00e9toxifi\u00e9e et assainie pour une sensation peau saine et fra\u00eeche toute la journ\u00e9e. En seulement 1 mois, la peau est transform\u00e9e : grain de peau liss\u00e9, pores d\u00e9sincrust\u00e9s, brillances contr\u00f4l\u00e9es. Cette nouvelle texture aquagel ultra-fra\u00eeche et non grasse garantit une absorption rapide pour une hydratation et un confort optimal au quotidien.<\/p>","protected":false},"excerpt":{"rendered":"<p>Effaclar K + est un soin de r\u00e9novation pour peaux grasses. Ce traitement est dot\u00e9 d\u2019un complexe anti-oxydation et anti-s\u00e9bum pendant 8h.<\/p>","protected":false},"featured_media":7760,"comment_status":"open","ping_status":"closed","template":"","meta":[],"product_brand":[],"product_cat":[96],"product_tag":[],"class_list":{"0":"post-7684","1":"product","2":"type-product","3":"status-publish","4":"has-post-thumbnail","6":"product_cat-non-classe","8":"first","9":"instock","10":"shipping-taxable","11":"purchasable","12":"product-type-simple"},"_links":{"self":[{"href":"https:\/\/parashopnarimel.com\/ar\/wp-json\/wp\/v2\/product\/7684","targetHints":{"allow":["GET"]}}],"collection":[{"href":"https:\/\/parashopnarimel.com\/ar\/wp-json\/wp\/v2\/product"}],"about":[{"href":"https:\/\/parashopnarimel.com\/ar\/wp-json\/wp\/v2\/types\/product"}],"replies":[{"embeddable":true,"href":"https:\/\/parashopnarimel.com\/ar\/wp-json\/wp\/v2\/comments?post=7684"}],"version-history":[{"count":2,"href":"https:\/\/parashopnarimel.com\/ar\/wp-json\/wp\/v2\/product\/7684\/revisions"}],"predecessor-version":[{"id":8211,"href":"https:\/\/parashopnarimel.com\/ar\/wp-json\/wp\/v2\/product\/7684\/revisions\/8211"}],"wp:featuredmedia":[{"embeddable":true,"href":"https:\/\/parashopnarimel.com\/ar\/wp-json\/wp\/v2\/media\/7760"}],"wp:attachment":[{"href":"https:\/\/parashopnarimel.com\/ar\/wp-json\/wp\/v2\/media?parent=7684"}],"wp:term":[{"taxonomy":"product_brand","embeddable":true,"href":"https:\/\/parashopnarimel.com\/ar\/wp-json\/wp\/v2\/product_brand?post=7684"},{"taxonomy":"product_cat","embeddable":true,"href":"https:\/\/parashopnarimel.com\/ar\/wp-json\/wp\/v2\/product_cat?post=7684"},{"taxonomy":"product_tag","embeddable":true,"href":"https:\/\/parashopnarimel.com\/ar\/wp-json\/wp\/v2\/product_tag?post=7684"}],"curies":[{"name":"wp","href":"https:\/\/api.w.org\/{rel}","templated":true}]}}