{"id":7686,"date":"2024-12-29T08:24:52","date_gmt":"2024-12-29T08:24:52","guid":{"rendered":"https:\/\/parashopnarimel.com\/?post_type=product&#038;p=7686"},"modified":"2025-01-20T14:45:49","modified_gmt":"2025-01-20T14:45:49","slug":"effaclar-h-hydratant-apaisant-multi-compensateur-40-ml","status":"publish","type":"product","link":"https:\/\/parashopnarimel.com\/ar\/product\/effaclar-h-hydratant-apaisant-multi-compensateur-40-ml\/","title":{"rendered":"Effaclar H \u2013 Hydratant Apaisant Multi-Compensateur \u2013 40 Ml"},"content":{"rendered":"<p>Pour peaux grasses fragilis\u00e9es par les traitements dess\u00e9chants.<br \/>\nEffaclar H hydrate les peaux grasses fragilis\u00e9es par les traitements dess\u00e9chants.<br \/>\nNouvelle texture surfine,\u00a0au fini non gras et non collant, qui compense les effets secondaires, visibles et ressentis, des traitements dess\u00e9chants.<br \/>\nInnovation MP-Lipides : nouvelle g\u00e9n\u00e9ration de lipides pour aider \u00e0 reconstruire la barri\u00e8re cutan\u00e9e dans son ensemble, associ\u00e9s au Niacinamide apaisant.<br \/>\nNon com\u00e9dog\u00e8ne<\/p>","protected":false},"excerpt":{"rendered":"<p>Effaclar H Hydratant compensateur, de\u00a0La Roche Posay, hydrate les\u00a0peaux grassesfragilis\u00e9es par les traitements dess\u00e9chants.<\/p>","protected":false},"featured_media":7764,"comment_status":"open","ping_status":"closed","template":"","meta":[],"product_brand":[],"product_cat":[96,29],"product_tag":[],"class_list":{"0":"post-7686","1":"product","2":"type-product","3":"status-publish","4":"has-post-thumbnail","6":"product_cat-non-classe","7":"product_cat-creme","9":"first","10":"outofstock","11":"shipping-taxable","12":"purchasable","13":"product-type-simple"},"_links":{"self":[{"href":"https:\/\/parashopnarimel.com\/ar\/wp-json\/wp\/v2\/product\/7686","targetHints":{"allow":["GET"]}}],"collection":[{"href":"https:\/\/parashopnarimel.com\/ar\/wp-json\/wp\/v2\/product"}],"about":[{"href":"https:\/\/parashopnarimel.com\/ar\/wp-json\/wp\/v2\/types\/product"}],"replies":[{"embeddable":true,"href":"https:\/\/parashopnarimel.com\/ar\/wp-json\/wp\/v2\/comments?post=7686"}],"version-history":[{"count":2,"href":"https:\/\/parashopnarimel.com\/ar\/wp-json\/wp\/v2\/product\/7686\/revisions"}],"predecessor-version":[{"id":8212,"href":"https:\/\/parashopnarimel.com\/ar\/wp-json\/wp\/v2\/product\/7686\/revisions\/8212"}],"wp:featuredmedia":[{"embeddable":true,"href":"https:\/\/parashopnarimel.com\/ar\/wp-json\/wp\/v2\/media\/7764"}],"wp:attachment":[{"href":"https:\/\/parashopnarimel.com\/ar\/wp-json\/wp\/v2\/media?parent=7686"}],"wp:term":[{"taxonomy":"product_brand","embeddable":true,"href":"https:\/\/parashopnarimel.com\/ar\/wp-json\/wp\/v2\/product_brand?post=7686"},{"taxonomy":"product_cat","embeddable":true,"href":"https:\/\/parashopnarimel.com\/ar\/wp-json\/wp\/v2\/product_cat?post=7686"},{"taxonomy":"product_tag","embeddable":true,"href":"https:\/\/parashopnarimel.com\/ar\/wp-json\/wp\/v2\/product_tag?post=7686"}],"curies":[{"name":"wp","href":"https:\/\/api.w.org\/{rel}","templated":true}]}}