{"id":7688,"date":"2024-12-29T08:24:52","date_gmt":"2024-12-29T08:24:52","guid":{"rendered":"https:\/\/parashopnarimel.com\/?post_type=product&#038;p=7688"},"modified":"2025-01-20T14:45:34","modified_gmt":"2025-01-20T14:45:34","slug":"solution-micellaire-physiologique-la-roche-posay","status":"publish","type":"product","link":"https:\/\/parashopnarimel.com\/ar\/product\/solution-micellaire-physiologique-la-roche-posay\/","title":{"rendered":"Solution Micellaire Physiologique \u2013  La Roche Posay"},"content":{"rendered":"<p>D\u00e9maquille en douceur visage, yeux, l\u00e8vres.<br \/>\nFormulation physiologique : haut pouvoir d\u00e9maquillant.<br \/>\npH physiologique.<br \/>\nAgents nettoyants s\u00e9lectionn\u00e9s pour une tol\u00e9rance optimale.<br \/>\nSans Savon.<br \/>\nSans alcool.<br \/>\nSans colorant.<br \/>\nNon com\u00e9dog\u00e8ne.<br \/>\nExiste en flacon de 200 ml et flacon pompe de 400 ml.<\/p>","protected":false},"excerpt":{"rendered":"<p>Eau micellaire nettoyante et d\u00e9maquillante. Parfum<\/p>","protected":false},"featured_media":7768,"comment_status":"open","ping_status":"closed","template":"","meta":[],"product_brand":[],"product_cat":[96,2905],"product_tag":[],"class_list":{"0":"post-7688","1":"product","2":"type-product","3":"status-publish","4":"has-post-thumbnail","6":"product_cat-non-classe","7":"product_cat-lotion","9":"first","10":"outofstock","11":"shipping-taxable","12":"purchasable","13":"product-type-simple"},"_links":{"self":[{"href":"https:\/\/parashopnarimel.com\/ar\/wp-json\/wp\/v2\/product\/7688","targetHints":{"allow":["GET"]}}],"collection":[{"href":"https:\/\/parashopnarimel.com\/ar\/wp-json\/wp\/v2\/product"}],"about":[{"href":"https:\/\/parashopnarimel.com\/ar\/wp-json\/wp\/v2\/types\/product"}],"replies":[{"embeddable":true,"href":"https:\/\/parashopnarimel.com\/ar\/wp-json\/wp\/v2\/comments?post=7688"}],"version-history":[{"count":2,"href":"https:\/\/parashopnarimel.com\/ar\/wp-json\/wp\/v2\/product\/7688\/revisions"}],"predecessor-version":[{"id":8189,"href":"https:\/\/parashopnarimel.com\/ar\/wp-json\/wp\/v2\/product\/7688\/revisions\/8189"}],"wp:featuredmedia":[{"embeddable":true,"href":"https:\/\/parashopnarimel.com\/ar\/wp-json\/wp\/v2\/media\/7768"}],"wp:attachment":[{"href":"https:\/\/parashopnarimel.com\/ar\/wp-json\/wp\/v2\/media?parent=7688"}],"wp:term":[{"taxonomy":"product_brand","embeddable":true,"href":"https:\/\/parashopnarimel.com\/ar\/wp-json\/wp\/v2\/product_brand?post=7688"},{"taxonomy":"product_cat","embeddable":true,"href":"https:\/\/parashopnarimel.com\/ar\/wp-json\/wp\/v2\/product_cat?post=7688"},{"taxonomy":"product_tag","embeddable":true,"href":"https:\/\/parashopnarimel.com\/ar\/wp-json\/wp\/v2\/product_tag?post=7688"}],"curies":[{"name":"wp","href":"https:\/\/api.w.org\/{rel}","templated":true}]}}