{"id":7750,"date":"2024-12-29T08:26:02","date_gmt":"2024-12-29T08:26:02","guid":{"rendered":"https:\/\/parashopnarimel.com\/?post_type=product&#038;p=7750"},"modified":"2025-01-19T10:11:29","modified_gmt":"2025-01-19T10:11:29","slug":"mustela-creme-prevention-vergetures-sans-parfum-150-ml","status":"publish","type":"product","link":"https:\/\/parashopnarimel.com\/ar\/product\/mustela-creme-prevention-vergetures-sans-parfum-150-ml\/","title":{"rendered":"Mustela Cr\u00e8me Prevention Vergetures Sans Parfum 150 Ml"},"content":{"rendered":"<p>Cette cr\u00e8me contient une formule unique qui privil\u00e9gie les ingr\u00e9dients d\u2019origine naturelle (97% d\u2019ingr\u00e9dients d\u2019origine naturelle) tels que :<br \/>\n\u2013 le Beurre de Karit\u00e9,<br \/>\n\u2013 l\u2019Huile d\u2019Avocat,<br \/>\n\u2013 la Glyc\u00e9rine, la Coco et le Jojoba,<br \/>\n\u2013 les Polyph\u00e9nols de Maracuja,<br \/>\n\u2013 l\u2019extrait d\u2019Hamam\u00e9lis.<br \/>\nSa formule \u00e0 l\u2019action 3 en 1 a \u00e9t\u00e9 sp\u00e9cifiquement d\u00e9velopp\u00e9e afin de pr\u00e9venir l\u2019apparition des vergetures durant la maternit\u00e9. Elle hydrate durablement, renforce l\u2019\u00e9lasticit\u00e9 de la peau et apaise les sensations de tiraillements.<br \/>\nD\u00e8s son application, cette cr\u00e8me laisse la peau souple et douce.<br \/>\nEfficacit\u00e9 cliniquement test\u00e9e par 64 femmes enceintes.<\/p>","protected":false},"excerpt":{"rendered":"<p>Mustela Maternit\u00e9 Cr\u00e8me Vergetures Sans Parfum 150 ml est une cr\u00e8me sans parfum \u00e0 l\u2019action 3 en 1 qui permet d\u2019agir contre l\u2019apparition des vergetures durant la grossesse.<\/p>","protected":false},"featured_media":7826,"comment_status":"open","ping_status":"closed","template":"","meta":[],"product_brand":[],"product_cat":[76,2911],"product_tag":[920],"class_list":{"0":"post-7750","1":"product","2":"type-product","3":"status-publish","4":"has-post-thumbnail","6":"product_cat-bebe-et-maman","7":"product_cat-creme-corps","8":"product_tag-bio","10":"first","11":"outofstock","12":"shipping-taxable","13":"purchasable","14":"product-type-simple"},"_links":{"self":[{"href":"https:\/\/parashopnarimel.com\/ar\/wp-json\/wp\/v2\/product\/7750","targetHints":{"allow":["GET"]}}],"collection":[{"href":"https:\/\/parashopnarimel.com\/ar\/wp-json\/wp\/v2\/product"}],"about":[{"href":"https:\/\/parashopnarimel.com\/ar\/wp-json\/wp\/v2\/types\/product"}],"replies":[{"embeddable":true,"href":"https:\/\/parashopnarimel.com\/ar\/wp-json\/wp\/v2\/comments?post=7750"}],"version-history":[{"count":2,"href":"https:\/\/parashopnarimel.com\/ar\/wp-json\/wp\/v2\/product\/7750\/revisions"}],"predecessor-version":[{"id":8275,"href":"https:\/\/parashopnarimel.com\/ar\/wp-json\/wp\/v2\/product\/7750\/revisions\/8275"}],"wp:featuredmedia":[{"embeddable":true,"href":"https:\/\/parashopnarimel.com\/ar\/wp-json\/wp\/v2\/media\/7826"}],"wp:attachment":[{"href":"https:\/\/parashopnarimel.com\/ar\/wp-json\/wp\/v2\/media?parent=7750"}],"wp:term":[{"taxonomy":"product_brand","embeddable":true,"href":"https:\/\/parashopnarimel.com\/ar\/wp-json\/wp\/v2\/product_brand?post=7750"},{"taxonomy":"product_cat","embeddable":true,"href":"https:\/\/parashopnarimel.com\/ar\/wp-json\/wp\/v2\/product_cat?post=7750"},{"taxonomy":"product_tag","embeddable":true,"href":"https:\/\/parashopnarimel.com\/ar\/wp-json\/wp\/v2\/product_tag?post=7750"}],"curies":[{"name":"wp","href":"https:\/\/api.w.org\/{rel}","templated":true}]}}