{"id":7776,"date":"2024-12-29T08:26:26","date_gmt":"2024-12-29T08:26:26","guid":{"rendered":"https:\/\/parashopnarimel.com\/?post_type=product&#038;p=7776"},"modified":"2025-01-19T10:09:40","modified_gmt":"2025-01-19T10:09:40","slug":"la-roche-posay-effaclar-duo-unifiant","status":"publish","type":"product","link":"https:\/\/parashopnarimel.com\/ar\/product\/la-roche-posay-effaclar-duo-unifiant\/","title":{"rendered":"La Roche-Posay Effaclar Duo+ Unifiant"},"content":{"rendered":"<p>Cette cr\u00e8me r\u00e9duit les imperfections s\u00e9v\u00e8res d\u00e8s\u00a024h.<br \/>\nElle pr\u00e9vient l\u2019apparition des marques et unifie le teint.<br \/>\nCe soin corrige,\u00a0d\u00e9sincruste\u00a0et\u00a0matifie\u00a0le teint des peaux \u00e0 imperfections s\u00e9v\u00e8res et les marques.<br \/>\nToute l\u2019efficacit\u00e9 anti-imperfections et anti-marques du soin\u00a0Effaclar\u00a0Duo(+)\u00a0renforc\u00e9e par un effet unifiant instantan\u00e9.<br \/>\nEfficacit\u00e9 imm\u00e9diate, les imperfections et les marques\u00a0rouges\u00a0et\u00a0brunes\u00a0sont att\u00e9nu\u00e9es.<br \/>\nLe teint est naturellement unifi\u00e9, sans effet masque.<br \/>\nCe soin teint\u00e9 convient parfaitement aux peaux grasses \u00e0 tendance acn\u00e9ique.<\/p>","protected":false},"excerpt":{"rendered":"<p>Soin teint\u00e9 anti-imperfections<br \/>\nCorrecteur, d\u00e9sincrustant, anti-marques<br \/>\nTest\u00e9 sur peaux grasses \u00e0 tendances acn\u00e9iques<br \/>\nSans paraben<\/p>","protected":false},"featured_media":7861,"comment_status":"open","ping_status":"closed","template":"","meta":[],"product_brand":[],"product_cat":[96,29,2896],"product_tag":[],"class_list":{"0":"post-7776","1":"product","2":"type-product","3":"status-publish","4":"has-post-thumbnail","6":"product_cat-non-classe","7":"product_cat-creme","8":"product_cat-teint","10":"first","11":"instock","12":"shipping-taxable","13":"purchasable","14":"product-type-simple"},"_links":{"self":[{"href":"https:\/\/parashopnarimel.com\/ar\/wp-json\/wp\/v2\/product\/7776","targetHints":{"allow":["GET"]}}],"collection":[{"href":"https:\/\/parashopnarimel.com\/ar\/wp-json\/wp\/v2\/product"}],"about":[{"href":"https:\/\/parashopnarimel.com\/ar\/wp-json\/wp\/v2\/types\/product"}],"replies":[{"embeddable":true,"href":"https:\/\/parashopnarimel.com\/ar\/wp-json\/wp\/v2\/comments?post=7776"}],"version-history":[{"count":2,"href":"https:\/\/parashopnarimel.com\/ar\/wp-json\/wp\/v2\/product\/7776\/revisions"}],"predecessor-version":[{"id":8210,"href":"https:\/\/parashopnarimel.com\/ar\/wp-json\/wp\/v2\/product\/7776\/revisions\/8210"}],"wp:featuredmedia":[{"embeddable":true,"href":"https:\/\/parashopnarimel.com\/ar\/wp-json\/wp\/v2\/media\/7861"}],"wp:attachment":[{"href":"https:\/\/parashopnarimel.com\/ar\/wp-json\/wp\/v2\/media?parent=7776"}],"wp:term":[{"taxonomy":"product_brand","embeddable":true,"href":"https:\/\/parashopnarimel.com\/ar\/wp-json\/wp\/v2\/product_brand?post=7776"},{"taxonomy":"product_cat","embeddable":true,"href":"https:\/\/parashopnarimel.com\/ar\/wp-json\/wp\/v2\/product_cat?post=7776"},{"taxonomy":"product_tag","embeddable":true,"href":"https:\/\/parashopnarimel.com\/ar\/wp-json\/wp\/v2\/product_tag?post=7776"}],"curies":[{"name":"wp","href":"https:\/\/api.w.org\/{rel}","templated":true}]}}