{"id":7777,"date":"2024-12-29T08:26:26","date_gmt":"2024-12-29T08:26:26","guid":{"rendered":"https:\/\/parashopnarimel.com\/?post_type=product&#038;p=7777"},"modified":"2025-01-19T10:08:56","modified_gmt":"2025-01-19T10:08:56","slug":"la-roche-posay-effaclar-duo","status":"publish","type":"product","link":"https:\/\/parashopnarimel.com\/ar\/product\/la-roche-posay-effaclar-duo\/","title":{"rendered":"La Roche-Posay Effaclar Duo+"},"content":{"rendered":"<p>MENU<br \/>\nCOMPTE<br \/>\nPANIER0<\/p>\n<p>Nous continuons de tout mettre en oeuvre pour assurer la pr\u00e9paration et l\u2019exp\u00e9dition de vos commandes.<br \/>\nCependant, les d\u00e9lais de livraison pourront \u00eatre rallong\u00e9s.<br \/>\nPlus d\u2019infos ici<\/p>\n<p>Soins du corps et beaut\u00e9<\/p>\n<p>Visage<\/p>\n<p>Acn\u00e9 et imperfections<br \/>\nCosm\u00e9tiques \u00e9thniques<br \/>\nMasques et gommages<br \/>\nHydratants visage<br \/>\nYeux<br \/>\nInjectables esth\u00e9tiques<br \/>\nSoins anti-\u00e2ge<br \/>\nNettoyants et d\u00e9maquillants<br \/>\nBarber Shop<br \/>\nL\u00e8vres<br \/>\nCompl\u00e9ments alimentaires beaut\u00e9 de la peau<br \/>\nAccessoires<\/p>\n<p>Corps<\/p>\n<p>Soins des mains<br \/>\nHydratants corps<br \/>\nVergetures<br \/>\nCellulite<br \/>\nMassages et soins d\u00e9tente<br \/>\nEpilation<br \/>\nSoins des pieds<br \/>\nParfumerie<br \/>\nCosm\u00e9tiques ethniques<br \/>\nAccessoires<\/p>\n<p>Cheveux<\/p>\n<p>Shampooing et soins cheveux<br \/>\nLe coiffage<br \/>\nLa coloration<br \/>\nMat\u00e9riel de coiffure<br \/>\nMon besoin<br \/>\nSoins anti-poux<br \/>\nCompl\u00e9ments alimentaires beaut\u00e9 des cheveux<\/p>\n<p>Maquillage<\/p>\n<p>Teint<br \/>\nYeux<br \/>\nL\u00e8vres<br \/>\nOngles<br \/>\nCorps<br \/>\nAccessoires<\/p>\n<p>Sant\u00e9 et nutrition<\/p>\n<p>Compl\u00e9ments alimentaires<\/p>\n<p>Acides amin\u00e9s<br \/>\nBeaut\u00e9 de la peau<br \/>\nCholest\u00e9rol<br \/>\nCirculation \/ Jambes l\u00e9g\u00e8res<br \/>\nDecontracturant<br \/>\nD\u00e9fenses de l\u2019organisme<br \/>\nD\u00e9toxification<br \/>\nDigestion<br \/>\nEnfants<br \/>\nEquilibre acido-basique<br \/>\nFonction cardiaque<br \/>\nForme et vitalit\u00e9<br \/>\nF\u00e9minit\u00e9<br \/>\nGlyc\u00e9mie<br \/>\nG\u00eanes articulaires<br \/>\nMinceur<br \/>\nMin\u00e9raux et oligo-\u00e9l\u00e9ments<br \/>\nM\u00e9moire<\/p>\n<p>M\u00e9nopause<br \/>\nNez et gorge<br \/>\nNutripuncture<br \/>\nOngles et cheveux<br \/>\nOssature<br \/>\nProduits de la ruche<br \/>\nPr\u00e9vention vieillissement cellulaire<br \/>\nSolaire<br \/>\nSommeil<br \/>\nSp\u00e9cifiques<br \/>\nStress<br \/>\nTh\u00e9s et infusions<br \/>\nTonus sexuel<br \/>\nTransit<br \/>\nUrinaire<br \/>\nVision<\/p>\n<p>Sant\u00e9<\/p>\n<p>Post-op\u00e9ratoire<br \/>\nSoins d\u2019urgence<br \/>\nDouleurs musculaires et articulaires<br \/>\nMaux du quotidien<br \/>\nPurificateurs d\u2019eau<br \/>\nOptique<br \/>\nBien-\u00eatre et confort<br \/>\nProth\u00e8se auditives (appareils et accessoires)<br \/>\nAnti-ronflements<br \/>\nConfort des jambes<br \/>\nAppareils de mesure<br \/>\nAccessoires de parapharmacie<br \/>\nAutotest<br \/>\nMasques de protection respiratoire<br \/>\nGants de protection<\/p>\n<p>Nature et plantes<\/p>\n<p>Apith\u00e9rapie<br \/>\nFleurs de Bach<br \/>\nAromath\u00e9rapie<br \/>\nGemmoth\u00e9rapie<\/p>\n<p>Alimentation<\/p>\n<p>Produits alimentaires<br \/>\nSans gluten<br \/>\nSucres\/sels de r\u00e9gime<br \/>\nCompl\u00e9ments alimentaires<br \/>\nTh\u00e9s et infusions<br \/>\nNutrition hypercalorique \/ hyperprot\u00e9in\u00e9e<\/p>\n<p>Sport et minceur<\/p>\n<p>Minceur<\/p>\n<p>R\u00e9gime<br \/>\nD\u00e9tox<br \/>\nBr\u00fbleur \/ Draineur<br \/>\nCapteurs de graisse<br \/>\nCoupe faim<br \/>\nVentre plat<br \/>\nStabilisation poids<br \/>\nHuiles et cr\u00e8mes de massage<br \/>\nElimination<\/p>\n<p>Sport<\/p>\n<p>Compl\u00e9ments alimentaires<br \/>\nBarres<br \/>\nGels et Boissons<br \/>\nProt\u00e9ines<br \/>\nProt\u00e9ines V\u00e9g\u00e9tales<br \/>\nConstruction musculaire<br \/>\nMince et tonique<br \/>\nEnergie et Performances<br \/>\nAccessoires<\/p>\n<p>Enfance et maternit\u00e9<\/p>\n<p>Pu\u00e9riculture<\/p>\n<p>Biberons et goupillons<br \/>\nT\u00e9tines<br \/>\nJouets &amp; Accessoires<br \/>\nSucettes et attaches-sucettes<br \/>\nApprentissage repas<br \/>\nApprentissage hygi\u00e8ne<br \/>\nPouss\u00e9es dentaires<\/p>\n<p>Hygi\u00e8ne<\/p>\n<p>Bain et toilette<br \/>\nEaux de toilette<br \/>\nSoins pour B\u00e9b\u00e9<br \/>\nNettoyants, Liniments et talcs<br \/>\nSoins du nez<br \/>\nChange<\/p>\n<p>Alimentation b\u00e9b\u00e9<\/p>\n<p>Cuiseur, chauffe-biberons et st\u00e9rilisateur<br \/>\nC\u00e9r\u00e9ales<br \/>\nRepas<br \/>\nCompotes<br \/>\nEn-cas<br \/>\nBoissons<\/p>\n<p>Maman &amp; grossesse<\/p>\n<p>Tests d\u2019ovulation et grossesse<br \/>\nCompl\u00e9ments alimentaires grossesse<br \/>\nSoins grossesse<br \/>\nSoins vergetures<br \/>\nAllaitement<\/p>\n<p>Laits<\/p>\n<p>1er \u00e2ge: 0-6 mois<br \/>\n2\u00e8me \u00e2ge: 6-12 mois<br \/>\nCroissance<\/p>\n<p>Hygi\u00e8ne et bien-\u00eatre<\/p>\n<p>Hygi\u00e8ne<\/p>\n<p>Oreilles et nez<br \/>\nD\u00e9odorants<br \/>\nDouche et bain<br \/>\nHygi\u00e8ne des mains<br \/>\nHygi\u00e8ne bucco-dentaire<br \/>\nHygi\u00e8ne intime<br \/>\nGels hydroalcooliques<\/p>\n<p>Plaisirs<\/p>\n<p>Gels et lubrifiants<br \/>\nSextoys<br \/>\nPr\u00e9servatifs<br \/>\nCosm\u00e9tiques \u00e9rotiques<br \/>\nSexo homme<\/p>\n<p>Maison<\/p>\n<p>Entretien de la maison<br \/>\nAnti-acariens et anti-insectes<br \/>\nAssainissants et d\u00e9sodorisants d\u2019ambiance<\/p>\n<p>Voyage<\/p>\n<p>Anti-moustiques<br \/>\nTrousses de secours<br \/>\nHygi\u00e8ne et soins<br \/>\nAccessoires de voyage<\/p>\n<p>V\u00e9t\u00e9rinaire<\/p>\n<p>Soins v\u00e9t\u00e9rinaires<\/p>\n<p>Dents<br \/>\nOreilles<br \/>\nPeaux et pelages<br \/>\nShampooings<br \/>\nYeux<br \/>\nArticulations<br \/>\nSoins sp\u00e9cifiques<br \/>\nComportement<\/p>\n<p>Antiparasitaires<\/p>\n<p>Colliers<br \/>\nComprim\u00e9s<br \/>\nPipettes<br \/>\nSprays<br \/>\nTire-Tique<\/p>\n<p>Alimentation<\/p>\n<p>Croquettes<br \/>\nBiscuits<br \/>\nGamelles<br \/>\nOs<br \/>\nLaits<\/p>\n<p>Bio<\/p>\n<p>Soins du corps et beaut\u00e9 Bio<\/p>\n<p>Visage Bio<br \/>\nCorps Bio<br \/>\nCheveux Bio<br \/>\nMaquillage Bio<br \/>\nSolaire Bio<\/p>\n<p>Sant\u00e9 et nutrition Bio<\/p>\n<p>Compl\u00e9ments alimentaires Bio<br \/>\nSant\u00e9 Bio<br \/>\nNature et plantes Bio<br \/>\nAlimentation Bio<\/p>\n<p>Sport et minceur Bio<\/p>\n<p>Minceur Bio<br \/>\nSport Bio<\/p>\n<p>Enfance et maternit\u00e9 Bio<\/p>\n<p>Pu\u00e9riculture Bio<br \/>\nHygi\u00e8ne Bio<br \/>\nAlimentation b\u00e9b\u00e9 Bio<br \/>\nMaman &amp; grossesse Bio<br \/>\nLaits Bio<\/p>\n<p>Hygi\u00e8ne et bien-\u00eatre Bio<\/p>\n<p>Hygi\u00e8ne Bio<br \/>\nPlaisirs Bio<br \/>\nMaison Bio<br \/>\nVoyage Bio<\/p>\n<p>V\u00e9t\u00e9rinaire Bio<\/p>\n<p>RetourTout voir<\/p>\n<p>Nos marques<\/p>\n<p>Produits Cheveux<\/p>\n<p>Covid-19<br \/>\nPromos de No\u00ebl<br \/>\nImmunit\u00e9<br \/>\nNouveaut\u00e9s<br \/>\nBons plans<br \/>\nPromotions<br \/>\nCoffrets No\u00ebl<br \/>\nBlog<\/p>\n<p>Accueil\u00a0&gt;<br \/>\nSOIN ANTI IMPERFECTIONS POINTS NOIRS 40ML EFFACLAR DUO+ PEAU TENDANCE ACNEIQUE Effaclar La Roche-Posay<\/p>\n<p>SOIN ANTI IMPERFECTIONS POINTS NOIRS 40ML EFFACLAR DUO+ PEAU TENDANCE ACNEIQUE EFFACLAR LA ROCHE-POSAY\u00a040ML\u00a0LA ROCHE-POSAY<\/p>\n<p>4.4<br \/>\n|<br \/>\n332 avis<\/p>\n<p>Ce produit est recommand\u00e9 par 243 commentateur(s) sur 252 (96%)<\/p>\n<p>1 question\u00a0et\u00a02 r\u00e9ponses\u00a0pour ce produit<\/p>\n<p>R\u00e9diger un avis<\/p>\n<p>EN STOCK<\/p>\n<p>11,20\u00a0\u20ac<br \/>\n280,00\u00a0\u20ac\u00a0\/l<\/p>\n<p>Quantit\u00e9<br \/>\n\u2013+<\/p>\n<p>Ajouter au panier<\/p>\n<p>R\u00c9F. :\u00a06040129\u00a0\/\u00a03337875750042<\/p>\n<p>Livraison \u00e0 partir de 3,99\u00a0\u20ac,<br \/>\nofferte en point relais d\u00e8s 49,00\u00a0\u20ac d\u2019achats et \u00e0 domicile d\u00e8s 59,00\u00a0\u20ac d\u2019achats.Voir les informations et d\u00e9lais de livraison<\/p>\n<p>Enregistrer dans ma liste d\u2019envies<\/p>\n<p>Description<\/p>\n<p>LA ROCHE-POSAY<br \/>\nEffaclar Duo+<br \/>\nSoin correcteur<br \/>\nAnti imperfections<br \/>\nAnti points noirs<br \/>\nTexture gel cr\u00e8me<br \/>\nPeaux grasses tendance acn\u00e9ique<br \/>\n40ml<br \/>\nLa Roche-Posay Effaclar Duo [+] 40 ml est un\u00a0soin complet\u00a0anti imperfections anti points noirs\u00a0pour peau grasse \u00e0 tendance\u00a0acn\u00e9ique\u00a0\u00e0 la texture\u00a0gel-cr\u00e8me\u00a0qui associe plusieurs actifs pour agir sur les 2 signes majeurs des peaux \u00e0 imperfections mixte \u00e0 grasse : les\u00a0imperfections\u00a0et les\u00a0points noirs.<br \/>\n\u2013 le PROCERAD : ceramide brevet\u00e9 anti-marques exclusif qui agit en amont pour \u00e9viter que les\u00a0boutons\u00a0ne laisse une marque rouge ou brune.<br \/>\n\u2013 le MANNOSE : favorise la correction des\u00a0imperfections\u00a0et des\u00a0points noirs.<br \/>\n\u2013 l\u2019APF : aide \u00e0 restaurer l\u2019\u00e9quilibre cutan\u00e9 des peaux mixtes \u00e0 grasses \u00e0 imperfections.<br \/>\nCes actifs sont associ\u00e9s \u00e0 l\u2019eau thermale de la Roche-Posay apaisante et anti-irritante pour\u00a0r\u00e9duire les rougeurs.<br \/>\nSoin texture gel\u00a0cr\u00e8me hydratante\u00a0pendant 24h*<br \/>\nR\u00e9sultats* :<br \/>\n\u2013 Imm\u00e9diatement la peau est hydrat\u00e9e et matifi\u00e9e et d\u00e8s 12 heures les imperfections sont r\u00e9sorb\u00e9es (rougeurs et relief).<br \/>\n\u2013 D\u00e8s 8 jours les imperfections sont r\u00e9duites, les marques estomp\u00e9es.<br \/>\n\u2013 Durablement la r\u00e9apparition des boutons est r\u00e9duite et les marques persistantes sont att\u00e9nu\u00e9es.<br \/>\n*Test instrumental, sur 24 femmes<br \/>\nTest\u00e9 sur peaux grasses \u00e0 tendance acn\u00e9ique, imperfections s\u00e9v\u00e8res, r\u00e9cidivantes et marques persistantes. Test\u00e9 sur plus de 6700 sujets, tous types de peaux mixtes ou grasses*<\/p>","protected":false},"excerpt":{"rendered":"<p>Soin correcteur<br \/>\nAnti imperfections<br \/>\nAnti points noirs<br \/>\nTexture gel cr\u00e8me<br \/>\nPeaux grasses tendance acn\u00e9ique<br \/>\n40ml<\/p>","protected":false},"featured_media":7863,"comment_status":"open","ping_status":"closed","template":"","meta":[],"product_brand":[],"product_cat":[96,29],"product_tag":[],"class_list":{"0":"post-7777","1":"product","2":"type-product","3":"status-publish","4":"has-post-thumbnail","6":"product_cat-non-classe","7":"product_cat-creme","9":"first","10":"instock","11":"sale","12":"shipping-taxable","13":"purchasable","14":"product-type-simple"},"_links":{"self":[{"href":"https:\/\/parashopnarimel.com\/ar\/wp-json\/wp\/v2\/product\/7777","targetHints":{"allow":["GET"]}}],"collection":[{"href":"https:\/\/parashopnarimel.com\/ar\/wp-json\/wp\/v2\/product"}],"about":[{"href":"https:\/\/parashopnarimel.com\/ar\/wp-json\/wp\/v2\/types\/product"}],"replies":[{"embeddable":true,"href":"https:\/\/parashopnarimel.com\/ar\/wp-json\/wp\/v2\/comments?post=7777"}],"version-history":[{"count":2,"href":"https:\/\/parashopnarimel.com\/ar\/wp-json\/wp\/v2\/product\/7777\/revisions"}],"predecessor-version":[{"id":8186,"href":"https:\/\/parashopnarimel.com\/ar\/wp-json\/wp\/v2\/product\/7777\/revisions\/8186"}],"wp:featuredmedia":[{"embeddable":true,"href":"https:\/\/parashopnarimel.com\/ar\/wp-json\/wp\/v2\/media\/7863"}],"wp:attachment":[{"href":"https:\/\/parashopnarimel.com\/ar\/wp-json\/wp\/v2\/media?parent=7777"}],"wp:term":[{"taxonomy":"product_brand","embeddable":true,"href":"https:\/\/parashopnarimel.com\/ar\/wp-json\/wp\/v2\/product_brand?post=7777"},{"taxonomy":"product_cat","embeddable":true,"href":"https:\/\/parashopnarimel.com\/ar\/wp-json\/wp\/v2\/product_cat?post=7777"},{"taxonomy":"product_tag","embeddable":true,"href":"https:\/\/parashopnarimel.com\/ar\/wp-json\/wp\/v2\/product_tag?post=7777"}],"curies":[{"name":"wp","href":"https:\/\/api.w.org\/{rel}","templated":true}]}}