{"id":7797,"date":"2024-12-29T08:26:49","date_gmt":"2024-12-29T08:26:49","guid":{"rendered":"https:\/\/parashopnarimel.com\/?post_type=product&#038;p=7797"},"modified":"2025-02-12T13:18:26","modified_gmt":"2025-02-12T13:18:26","slug":"la-roche-posay-cicaplast-baume-b5-baume-reparateur-40ml","status":"publish","type":"product","link":"https:\/\/parashopnarimel.com\/ar\/product\/la-roche-posay-cicaplast-baume-b5-baume-reparateur-40ml\/","title":{"rendered":"La Roche-Posay Cicaplast Baume B5 Baume R\u00e9parateur 40Ml"},"content":{"rendered":"<p>LA ROCHE-POSAY<br \/>\nCicaplast Baume B5<br \/>\nBaume r\u00e9parateur apaisant<br \/>\nPeaux sensibles<br \/>\n40ml<br \/>\nD\u00e9couvrez la gamme Cicaplast B5 de La Roche-Posay,\u00a0formul\u00e9e pour toute la famille\u00a0(nourrisson, enfants, adultes) et sans parfum, elle agit pour r\u00e9parer, nourrir et apaiser les\u00a0peaux fragilis\u00e9es\u00a0(rougeurs, \u00e9chauffements superficiels, \u00e9pilation, irritation, s\u00e9cheresse intense, ger\u00e7ures, actes esth\u00e9tiques\u2026)<br \/>\nCicaplast est formul\u00e9 \u00e0 base de diff\u00e9rents ingr\u00e9dients qui permettent une action compl\u00e8te<br \/>\n\u2013 Mad\u00e9cassoside, pour une action\u00a0r\u00e9paratrice<br \/>\n\u2013 Cuivre-Zinc, pour une action assainissante et\u00a0antibact\u00e9rienne<br \/>\n\u2013 Beurre de Karit\u00e9 + Glyc\u00e9rine, pour une action\u00a0hydratante<br \/>\n\u2013 Panth\u00e9nol 5%, pour\u00a0soulager intens\u00e9ment<br \/>\nLes r\u00e9sultats du baume CICAPLAST ?<br \/>\n\u2013 La peau est apais\u00e9e et soulag\u00e9e dans 88% des cas<br \/>\n\u2013 La formule ne colle pas et p\u00e9n\u00e8tre instantan\u00e9ment pour 96% des patients.<br \/>\nCicaplast est fabriqu\u00e9 en France, test\u00e9 sous contr\u00f4le dermatologique et p\u00e9diatrique.<br \/>\nExiste en 3 formats (15ml, 40ml, 100ml)<br \/>\nD\u00e9couvrez \u00e9galement Cicaplast Mains, Cicaplast L\u00e8vres ou le Gel Lavant Cicaplast pour compl\u00e9ter son action r\u00e9paratrice.<br \/>\n*protocole : 51 adultes (18-68 ans) pr\u00e9sentant des zones s\u00e8ches. Application sur corps, visage et l\u00e8vres, au moins 2 fois par jour pendant 4 semaines. Auto-\u00e9valuations \u00e0 T4 semaines.<\/p>","protected":false},"excerpt":{"rendered":"<p>R\u00e9parateur. Apaisant. Protecteur anti-marques.<\/p>","protected":false},"featured_media":7882,"comment_status":"open","ping_status":"closed","template":"","meta":[],"product_brand":[],"product_cat":[96,76,29,2911],"product_tag":[],"class_list":{"0":"post-7797","1":"product","2":"type-product","3":"status-publish","4":"has-post-thumbnail","6":"product_cat-non-classe","7":"product_cat-bebe-et-maman","8":"product_cat-creme","9":"product_cat-creme-corps","11":"first","12":"instock","13":"shipping-taxable","14":"purchasable","15":"product-type-simple"},"_links":{"self":[{"href":"https:\/\/parashopnarimel.com\/ar\/wp-json\/wp\/v2\/product\/7797","targetHints":{"allow":["GET"]}}],"collection":[{"href":"https:\/\/parashopnarimel.com\/ar\/wp-json\/wp\/v2\/product"}],"about":[{"href":"https:\/\/parashopnarimel.com\/ar\/wp-json\/wp\/v2\/types\/product"}],"replies":[{"embeddable":true,"href":"https:\/\/parashopnarimel.com\/ar\/wp-json\/wp\/v2\/comments?post=7797"}],"version-history":[{"count":3,"href":"https:\/\/parashopnarimel.com\/ar\/wp-json\/wp\/v2\/product\/7797\/revisions"}],"predecessor-version":[{"id":8065,"href":"https:\/\/parashopnarimel.com\/ar\/wp-json\/wp\/v2\/product\/7797\/revisions\/8065"}],"wp:featuredmedia":[{"embeddable":true,"href":"https:\/\/parashopnarimel.com\/ar\/wp-json\/wp\/v2\/media\/7882"}],"wp:attachment":[{"href":"https:\/\/parashopnarimel.com\/ar\/wp-json\/wp\/v2\/media?parent=7797"}],"wp:term":[{"taxonomy":"product_brand","embeddable":true,"href":"https:\/\/parashopnarimel.com\/ar\/wp-json\/wp\/v2\/product_brand?post=7797"},{"taxonomy":"product_cat","embeddable":true,"href":"https:\/\/parashopnarimel.com\/ar\/wp-json\/wp\/v2\/product_cat?post=7797"},{"taxonomy":"product_tag","embeddable":true,"href":"https:\/\/parashopnarimel.com\/ar\/wp-json\/wp\/v2\/product_tag?post=7797"}],"curies":[{"name":"wp","href":"https:\/\/api.w.org\/{rel}","templated":true}]}}