{"id":7818,"date":"2024-12-29T08:27:12","date_gmt":"2024-12-29T08:27:12","guid":{"rendered":"https:\/\/parashopnarimel.com\/?post_type=product&#038;p=7818"},"modified":"2025-01-19T10:05:40","modified_gmt":"2025-01-19T10:05:40","slug":"mustela-shampooing-mousse-nourrisson-150-ml","status":"publish","type":"product","link":"https:\/\/parashopnarimel.com\/ar\/product\/mustela-shampooing-mousse-nourrisson-150-ml\/","title":{"rendered":"Mustela Shampooing Mousse Nourrisson 150 Ml"},"content":{"rendered":"<p>Le Shampoing Mousse Nourrisson, compos\u00e9 \u00e0 99% d\u2019ingr\u00e9dients d\u2019origine naturelle, est id\u00e9al au quotidien pour \u00e9liminer les cro\u00fbtes de lait :<br \/>\n\u2013 Nettoie en douceur le cuir chevelu, d\u00e8s la naissance*.<br \/>\n\u2013 Favorise l\u2019\u00e9limination des cro\u00fbtes de lait.<br \/>\n\u2013 Aide \u00e0 limiter leur r\u00e9apparition lors de l\u2019utilisation du produit.<br \/>\n\u2013 Ne pique pas les yeux.<\/p>","protected":false},"excerpt":{"rendered":"<p>Shampooing mousse pour les cheveux d\u00e9licats du nourrisson.<br \/>\nId\u00e9al au quotidien pour la pr\u00e9vention des cro\u00fbtes de lait, d\u00e8s la naissance.<br \/>\nProt\u00e8ge le capital vie de la peau de votre b\u00e9b\u00e9 d\u00e8s aujourd\u2019hui et pour demain.<\/p>","protected":false},"featured_media":7903,"comment_status":"open","ping_status":"closed","template":"","meta":[],"product_brand":[],"product_cat":[76],"product_tag":[],"class_list":{"0":"post-7818","1":"product","2":"type-product","3":"status-publish","4":"has-post-thumbnail","6":"product_cat-bebe-et-maman","8":"first","9":"outofstock","10":"shipping-taxable","11":"purchasable","12":"product-type-simple"},"_links":{"self":[{"href":"https:\/\/parashopnarimel.com\/ar\/wp-json\/wp\/v2\/product\/7818","targetHints":{"allow":["GET"]}}],"collection":[{"href":"https:\/\/parashopnarimel.com\/ar\/wp-json\/wp\/v2\/product"}],"about":[{"href":"https:\/\/parashopnarimel.com\/ar\/wp-json\/wp\/v2\/types\/product"}],"replies":[{"embeddable":true,"href":"https:\/\/parashopnarimel.com\/ar\/wp-json\/wp\/v2\/comments?post=7818"}],"version-history":[{"count":2,"href":"https:\/\/parashopnarimel.com\/ar\/wp-json\/wp\/v2\/product\/7818\/revisions"}],"predecessor-version":[{"id":8206,"href":"https:\/\/parashopnarimel.com\/ar\/wp-json\/wp\/v2\/product\/7818\/revisions\/8206"}],"wp:featuredmedia":[{"embeddable":true,"href":"https:\/\/parashopnarimel.com\/ar\/wp-json\/wp\/v2\/media\/7903"}],"wp:attachment":[{"href":"https:\/\/parashopnarimel.com\/ar\/wp-json\/wp\/v2\/media?parent=7818"}],"wp:term":[{"taxonomy":"product_brand","embeddable":true,"href":"https:\/\/parashopnarimel.com\/ar\/wp-json\/wp\/v2\/product_brand?post=7818"},{"taxonomy":"product_cat","embeddable":true,"href":"https:\/\/parashopnarimel.com\/ar\/wp-json\/wp\/v2\/product_cat?post=7818"},{"taxonomy":"product_tag","embeddable":true,"href":"https:\/\/parashopnarimel.com\/ar\/wp-json\/wp\/v2\/product_tag?post=7818"}],"curies":[{"name":"wp","href":"https:\/\/api.w.org\/{rel}","templated":true}]}}