{"id":7819,"date":"2024-12-29T08:27:13","date_gmt":"2024-12-29T08:27:13","guid":{"rendered":"https:\/\/parashopnarimel.com\/?post_type=product&#038;p=7819"},"modified":"2025-08-31T04:45:13","modified_gmt":"2025-08-31T04:45:13","slug":"mustela-shampooing-bebe-doux-200-ml","status":"publish","type":"product","link":"https:\/\/parashopnarimel.com\/ar\/product\/mustela-shampooing-bebe-doux-200-ml\/","title":{"rendered":"Mustela Shampooing Bebe Doux 200 Ml"},"content":{"rendered":"<p>La formule de ce shampooing doux contient la pers\u00e9ose d\u2019avocat, un actif naturel brevet\u00e9 qui renforce la barri\u00e8re cutan\u00e9e et pr\u00e9serve la richesse cellulaire de la peau. Elle contient aussi d\u2019autres ingr\u00e9dients actifs qui compl\u00e8tent la formule \u00e0 merveille.<br \/>\nPlaisir d\u2019utilisation<br \/>\nLaisse une odeur unique sur les cheveux .Se rince facilement et ne pique pas les yeux<br \/>\n93% d\u2019ingr\u00e9dients sont d\u2019origine naturelle. Formul\u00e9 pour minimiser les risques d\u2019allergies.<br \/>\n0% de paraben, phtalate, phenoxyethanol. Hypoallerg\u00e9nique, test\u00e9 cliniquement. Biod\u00e9gradable.<\/p>","protected":false},"excerpt":{"rendered":"<p>Mustela Shampooing Doux 200 ml lave et d\u00e9m\u00eale efficacement les cheveux d\u00e9licats de b\u00e9b\u00e9 d\u00e8s la naissance.<\/p>","protected":false},"featured_media":7905,"comment_status":"open","ping_status":"closed","template":"","meta":[],"product_brand":[],"product_cat":[76],"product_tag":[],"class_list":{"0":"post-7819","1":"product","2":"type-product","3":"status-publish","4":"has-post-thumbnail","6":"product_cat-bebe-et-maman","8":"first","9":"instock","10":"shipping-taxable","11":"purchasable","12":"product-type-simple"},"_links":{"self":[{"href":"https:\/\/parashopnarimel.com\/ar\/wp-json\/wp\/v2\/product\/7819","targetHints":{"allow":["GET"]}}],"collection":[{"href":"https:\/\/parashopnarimel.com\/ar\/wp-json\/wp\/v2\/product"}],"about":[{"href":"https:\/\/parashopnarimel.com\/ar\/wp-json\/wp\/v2\/types\/product"}],"replies":[{"embeddable":true,"href":"https:\/\/parashopnarimel.com\/ar\/wp-json\/wp\/v2\/comments?post=7819"}],"version-history":[{"count":2,"href":"https:\/\/parashopnarimel.com\/ar\/wp-json\/wp\/v2\/product\/7819\/revisions"}],"predecessor-version":[{"id":8205,"href":"https:\/\/parashopnarimel.com\/ar\/wp-json\/wp\/v2\/product\/7819\/revisions\/8205"}],"wp:featuredmedia":[{"embeddable":true,"href":"https:\/\/parashopnarimel.com\/ar\/wp-json\/wp\/v2\/media\/7905"}],"wp:attachment":[{"href":"https:\/\/parashopnarimel.com\/ar\/wp-json\/wp\/v2\/media?parent=7819"}],"wp:term":[{"taxonomy":"product_brand","embeddable":true,"href":"https:\/\/parashopnarimel.com\/ar\/wp-json\/wp\/v2\/product_brand?post=7819"},{"taxonomy":"product_cat","embeddable":true,"href":"https:\/\/parashopnarimel.com\/ar\/wp-json\/wp\/v2\/product_cat?post=7819"},{"taxonomy":"product_tag","embeddable":true,"href":"https:\/\/parashopnarimel.com\/ar\/wp-json\/wp\/v2\/product_tag?post=7819"}],"curies":[{"name":"wp","href":"https:\/\/api.w.org\/{rel}","templated":true}]}}