{"id":7835,"date":"2024-12-29T08:27:37","date_gmt":"2024-12-29T08:27:37","guid":{"rendered":"https:\/\/parashopnarimel.com\/?post_type=product&#038;p=7835"},"modified":"2025-01-19T10:04:28","modified_gmt":"2025-01-19T10:04:28","slug":"mustela-musti-eau-de-soin-parfumee-50-ml","status":"publish","type":"product","link":"https:\/\/parashopnarimel.com\/ar\/product\/mustela-musti-eau-de-soin-parfumee-50-ml\/","title":{"rendered":"Mustela Musti Eau De Soin Parfum\u00e9e 50 Ml"},"content":{"rendered":"<p>Musti Eau de soin parfum\u00e9e de MUSTELA allie une note subtile d\u2019agrumes \u00e0 la douceur de la rose et du lilas sur un fond d\u00e9licatement ambr\u00e9, associ\u00e9e \u00e0 des extraits de miel et camomille, reconnus pour leurs vertus apaisantes et adoucissantes.<\/p>","protected":false},"excerpt":{"rendered":"<p>Musti Eau de soin parfum\u00e9e de MUSTELA est un parfum pour b\u00e9b\u00e9 contenu dans un flacon vaporisateur de 50 ml. Elle peut \u00eatre utilis\u00e9e pour parfumer les enfants d\u00e8s la naissance. De plus, elle participe \u00e0 l\u2019\u00e9veil sensoriel chez les nourrissons.<br \/>\nB\u00e9b\u00e9 se parfume<br \/>\nAfin de donner une senteur douce et relaxante \u00e0 l\u2019enfant, nous conseillons l\u2019utilisation de Musti Eau de soin parfum\u00e9e de la marque MUSTELA. Cette eau de parfum est cr\u00e9\u00e9e de fa\u00e7on \u00e0 \u00eatre vaporis\u00e9e sans danger d\u2019irritation ou de r\u00e9action allergique sur les nourrissons et ce, m\u00eame d\u00e8s la naissance. Passer son temps avec son enfant deviendra un moment deux fois plus tendre.<\/p>","protected":false},"featured_media":7909,"comment_status":"open","ping_status":"closed","template":"","meta":[],"product_brand":[],"product_cat":[2925,76],"product_tag":[],"class_list":{"0":"post-7835","1":"product","2":"type-product","3":"status-publish","4":"has-post-thumbnail","6":"product_cat-bebe","7":"product_cat-bebe-et-maman","9":"first","10":"outofstock","11":"shipping-taxable","12":"purchasable","13":"product-type-simple"},"_links":{"self":[{"href":"https:\/\/parashopnarimel.com\/ar\/wp-json\/wp\/v2\/product\/7835","targetHints":{"allow":["GET"]}}],"collection":[{"href":"https:\/\/parashopnarimel.com\/ar\/wp-json\/wp\/v2\/product"}],"about":[{"href":"https:\/\/parashopnarimel.com\/ar\/wp-json\/wp\/v2\/types\/product"}],"replies":[{"embeddable":true,"href":"https:\/\/parashopnarimel.com\/ar\/wp-json\/wp\/v2\/comments?post=7835"}],"version-history":[{"count":2,"href":"https:\/\/parashopnarimel.com\/ar\/wp-json\/wp\/v2\/product\/7835\/revisions"}],"predecessor-version":[{"id":8187,"href":"https:\/\/parashopnarimel.com\/ar\/wp-json\/wp\/v2\/product\/7835\/revisions\/8187"}],"wp:featuredmedia":[{"embeddable":true,"href":"https:\/\/parashopnarimel.com\/ar\/wp-json\/wp\/v2\/media\/7909"}],"wp:attachment":[{"href":"https:\/\/parashopnarimel.com\/ar\/wp-json\/wp\/v2\/media?parent=7835"}],"wp:term":[{"taxonomy":"product_brand","embeddable":true,"href":"https:\/\/parashopnarimel.com\/ar\/wp-json\/wp\/v2\/product_brand?post=7835"},{"taxonomy":"product_cat","embeddable":true,"href":"https:\/\/parashopnarimel.com\/ar\/wp-json\/wp\/v2\/product_cat?post=7835"},{"taxonomy":"product_tag","embeddable":true,"href":"https:\/\/parashopnarimel.com\/ar\/wp-json\/wp\/v2\/product_tag?post=7835"}],"curies":[{"name":"wp","href":"https:\/\/api.w.org\/{rel}","templated":true}]}}