{"id":7836,"date":"2024-12-29T08:27:37","date_gmt":"2024-12-29T08:27:37","guid":{"rendered":"https:\/\/parashopnarimel.com\/?post_type=product&#038;p=7836"},"modified":"2025-01-26T04:47:01","modified_gmt":"2025-01-26T04:47:01","slug":"mustela-eau-rafraichissante-et-coiffante-200-ml","status":"publish","type":"product","link":"https:\/\/parashopnarimel.com\/ar\/product\/mustela-eau-rafraichissante-et-coiffante-200-ml\/","title":{"rendered":"Mustela Eau Rafra\u00eechissante Et Coiffante 200 Ml"},"content":{"rendered":"<p>Mustela Eau Rafra\u00eechissante et Coiffante 200 ml rafra\u00eechit le corps et facilite le coiffage des cheveux de b\u00e9b\u00e9 d\u00e8s la naissance.<br \/>\nLa formule haute tol\u00e9rance de cette eau rafra\u00eechissante contient de la pers\u00e9ose d\u2019avocat, un actif naturel brevet\u00e9 qui renforce la barri\u00e8re cutan\u00e9e et pr\u00e9serve la richesse cellulaire de la peau. Id\u00e9ale au quotidien, elle parfume b\u00e9b\u00e9 en laissant la peau tr\u00e8s douce.<br \/>\n97% d\u2019ingr\u00e9dients sont d\u2019origine naturelle. Formul\u00e9e pour minimiser les risques d\u2019allergies.<br \/>\n0% de paraben, phtalate, phenoxyethanol. Hypoallerg\u00e9nique, test\u00e9e cliniquement<\/p>","protected":false},"excerpt":{"rendered":"<p>L\u2019eau rafra\u00eechissante et coiffante pour b\u00e9b\u00e9 et enfant est id\u00e9ale pour prendre soin de votre b\u00e9b\u00e9. Elle allie douceur et plaisir sensoriel, gr\u00e2ce \u00e0 sa senteur subtile.<\/p>","protected":false},"featured_media":7911,"comment_status":"open","ping_status":"closed","template":"","meta":[],"product_brand":[],"product_cat":[76],"product_tag":[],"class_list":{"0":"post-7836","1":"product","2":"type-product","3":"status-publish","4":"has-post-thumbnail","6":"product_cat-bebe-et-maman","8":"first","9":"instock","10":"shipping-taxable","11":"purchasable","12":"product-type-simple"},"_links":{"self":[{"href":"https:\/\/parashopnarimel.com\/ar\/wp-json\/wp\/v2\/product\/7836","targetHints":{"allow":["GET"]}}],"collection":[{"href":"https:\/\/parashopnarimel.com\/ar\/wp-json\/wp\/v2\/product"}],"about":[{"href":"https:\/\/parashopnarimel.com\/ar\/wp-json\/wp\/v2\/types\/product"}],"replies":[{"embeddable":true,"href":"https:\/\/parashopnarimel.com\/ar\/wp-json\/wp\/v2\/comments?post=7836"}],"version-history":[{"count":2,"href":"https:\/\/parashopnarimel.com\/ar\/wp-json\/wp\/v2\/product\/7836\/revisions"}],"predecessor-version":[{"id":8204,"href":"https:\/\/parashopnarimel.com\/ar\/wp-json\/wp\/v2\/product\/7836\/revisions\/8204"}],"wp:featuredmedia":[{"embeddable":true,"href":"https:\/\/parashopnarimel.com\/ar\/wp-json\/wp\/v2\/media\/7911"}],"wp:attachment":[{"href":"https:\/\/parashopnarimel.com\/ar\/wp-json\/wp\/v2\/media?parent=7836"}],"wp:term":[{"taxonomy":"product_brand","embeddable":true,"href":"https:\/\/parashopnarimel.com\/ar\/wp-json\/wp\/v2\/product_brand?post=7836"},{"taxonomy":"product_cat","embeddable":true,"href":"https:\/\/parashopnarimel.com\/ar\/wp-json\/wp\/v2\/product_cat?post=7836"},{"taxonomy":"product_tag","embeddable":true,"href":"https:\/\/parashopnarimel.com\/ar\/wp-json\/wp\/v2\/product_tag?post=7836"}],"curies":[{"name":"wp","href":"https:\/\/api.w.org\/{rel}","templated":true}]}}