{"id":7838,"date":"2024-12-29T08:27:37","date_gmt":"2024-12-29T08:27:37","guid":{"rendered":"https:\/\/parashopnarimel.com\/?post_type=product&#038;p=7838"},"modified":"2025-01-19T10:02:16","modified_gmt":"2025-01-19T10:02:16","slug":"mustela-eau-nettoyante-sans-rincage-500ml","status":"publish","type":"product","link":"https:\/\/parashopnarimel.com\/ar\/product\/mustela-eau-nettoyante-sans-rincage-500ml\/","title":{"rendered":"Mustela Eau Nettoyante Sans Rin\u00e7age  500Ml"},"content":{"rendered":"<p>Besoin de d\u00e9barbouiller b\u00e9b\u00e9 sans prendre de bain ?<br \/>\nL\u2019eau nettoyante sans rin\u00e7age \u00e0 l\u2019avocat bio nettoie efficacement le visage et le si\u00e8ge, d\u00e8s la naissance*. Bonus, elle adoucit la peau.<br \/>\nSon ingr\u00e9dient principal, le pers\u00e9ose d\u2019avocat\u00ae, renforce la barri\u00e8re cutan\u00e9e et prot\u00e8ge le capital cellulaire de la peau des b\u00e9b\u00e9s.<\/p>","protected":false},"excerpt":{"rendered":"<p>Nettoie et adoucit d\u00e8s la naissance*.<br \/>\nProt\u00e8ge le capital vie de la peau de votre b\u00e9b\u00e9 d\u00e8s aujourd\u2019hui et pour demain.<br \/>\n* Y compris b\u00e9b\u00e9s sortis de n\u00e9onatologie<\/p>","protected":false},"featured_media":7922,"comment_status":"open","ping_status":"closed","template":"","meta":[],"product_brand":[],"product_cat":[76],"product_tag":[],"class_list":{"0":"post-7838","1":"product","2":"type-product","3":"status-publish","4":"has-post-thumbnail","6":"product_cat-bebe-et-maman","8":"first","9":"instock","10":"shipping-taxable","11":"purchasable","12":"product-type-simple"},"_links":{"self":[{"href":"https:\/\/parashopnarimel.com\/ar\/wp-json\/wp\/v2\/product\/7838","targetHints":{"allow":["GET"]}}],"collection":[{"href":"https:\/\/parashopnarimel.com\/ar\/wp-json\/wp\/v2\/product"}],"about":[{"href":"https:\/\/parashopnarimel.com\/ar\/wp-json\/wp\/v2\/types\/product"}],"replies":[{"embeddable":true,"href":"https:\/\/parashopnarimel.com\/ar\/wp-json\/wp\/v2\/comments?post=7838"}],"version-history":[{"count":3,"href":"https:\/\/parashopnarimel.com\/ar\/wp-json\/wp\/v2\/product\/7838\/revisions"}],"predecessor-version":[{"id":8208,"href":"https:\/\/parashopnarimel.com\/ar\/wp-json\/wp\/v2\/product\/7838\/revisions\/8208"}],"wp:featuredmedia":[{"embeddable":true,"href":"https:\/\/parashopnarimel.com\/ar\/wp-json\/wp\/v2\/media\/7922"}],"wp:attachment":[{"href":"https:\/\/parashopnarimel.com\/ar\/wp-json\/wp\/v2\/media?parent=7838"}],"wp:term":[{"taxonomy":"product_brand","embeddable":true,"href":"https:\/\/parashopnarimel.com\/ar\/wp-json\/wp\/v2\/product_brand?post=7838"},{"taxonomy":"product_cat","embeddable":true,"href":"https:\/\/parashopnarimel.com\/ar\/wp-json\/wp\/v2\/product_cat?post=7838"},{"taxonomy":"product_tag","embeddable":true,"href":"https:\/\/parashopnarimel.com\/ar\/wp-json\/wp\/v2\/product_tag?post=7838"}],"curies":[{"name":"wp","href":"https:\/\/api.w.org\/{rel}","templated":true}]}}