{"id":7854,"date":"2024-12-29T08:28:00","date_gmt":"2024-12-29T08:28:00","guid":{"rendered":"https:\/\/parashopnarimel.com\/?post_type=product&#038;p=7854"},"modified":"2025-01-19T10:01:47","modified_gmt":"2025-01-19T10:01:47","slug":"mustela-liniment-flacon-pompe-400-ml","status":"publish","type":"product","link":"https:\/\/parashopnarimel.com\/ar\/product\/mustela-liniment-flacon-pompe-400-ml\/","title":{"rendered":"Mustela Liniment Flacon-Pompe 400 Ml"},"content":{"rendered":"<p>Le Liniment du Mustela est un des indispensables pour b\u00e9b\u00e9.<br \/>\nIl est con\u00e7u pour nettoyer, prot\u00e9ger et apaiser la peau sensible des b\u00e9b\u00e9s.<br \/>\nPr\u00e9sente dans la composition traditionnelle du Liniment, l\u2019huile d\u2019olive connue pour ses propri\u00e9t\u00e9s nourrissantes et apaisantes, laisse la peau douce et hydrat\u00e9e.<br \/>\nEfficacit\u00e9 :<br \/>\n\u2022 Nettoie en douceur la peau d\u00e9licate du si\u00e8ge : 98% de satisfaction(2).<br \/>\n\u2022 Laisse un fi lm protecteur sur la peau de b\u00e9b\u00e9 : 98% de satisfaction(2)<br \/>\n\u2022 100% des sages-femmes interrog\u00e9es sont satisfaites du Liniment Mustela(3).<br \/>\n(2) \u00c9tude clinique r\u00e9alis\u00e9e sous contr\u00f4le dermatologique et p\u00e9diatrique aupr\u00e8s de 58 b\u00e9b\u00e9s, incluant des b\u00e9b\u00e9s de moins de 3 mois, pendant 4 semaines (% de satisfaction, auto-\u00e9valuation).<br \/>\n(3)Test d\u2019usage r\u00e9alis\u00e9 aupr\u00e8s de sages-femmes chez 50 b\u00e9b\u00e9s.<br \/>\nIndications :<br \/>\nConvient d\u00e8s la naissance<br \/>\nHypoallerg\u00e9nique<\/p>","protected":false},"excerpt":{"rendered":"<p>Mustela Liniment Flacon-Pompe 400 ml avec 99% d\u2019ingr\u00e9dients d\u2019origine naturelle est une pr\u00e9paration naturelle \u00e0 l\u2019huile d\u2019olive extra-vierge riche en om\u00e9ga 6 et 9 et \u00e0 l\u2019hydroxide de calcium, utilis\u00e9e depuis des g\u00e9n\u00e9rations pour nettoyer, prot\u00e9ger et apaiser b\u00e9b\u00e9 d\u00e8s la naissance.<\/p>","protected":false},"featured_media":7931,"comment_status":"open","ping_status":"closed","template":"","meta":[],"product_brand":[],"product_cat":[76],"product_tag":[],"class_list":{"0":"post-7854","1":"product","2":"type-product","3":"status-publish","4":"has-post-thumbnail","6":"product_cat-bebe-et-maman","8":"first","9":"instock","10":"sale","11":"shipping-taxable","12":"purchasable","13":"product-type-simple"},"_links":{"self":[{"href":"https:\/\/parashopnarimel.com\/ar\/wp-json\/wp\/v2\/product\/7854","targetHints":{"allow":["GET"]}}],"collection":[{"href":"https:\/\/parashopnarimel.com\/ar\/wp-json\/wp\/v2\/product"}],"about":[{"href":"https:\/\/parashopnarimel.com\/ar\/wp-json\/wp\/v2\/types\/product"}],"replies":[{"embeddable":true,"href":"https:\/\/parashopnarimel.com\/ar\/wp-json\/wp\/v2\/comments?post=7854"}],"version-history":[{"count":2,"href":"https:\/\/parashopnarimel.com\/ar\/wp-json\/wp\/v2\/product\/7854\/revisions"}],"predecessor-version":[{"id":8193,"href":"https:\/\/parashopnarimel.com\/ar\/wp-json\/wp\/v2\/product\/7854\/revisions\/8193"}],"wp:featuredmedia":[{"embeddable":true,"href":"https:\/\/parashopnarimel.com\/ar\/wp-json\/wp\/v2\/media\/7931"}],"wp:attachment":[{"href":"https:\/\/parashopnarimel.com\/ar\/wp-json\/wp\/v2\/media?parent=7854"}],"wp:term":[{"taxonomy":"product_brand","embeddable":true,"href":"https:\/\/parashopnarimel.com\/ar\/wp-json\/wp\/v2\/product_brand?post=7854"},{"taxonomy":"product_cat","embeddable":true,"href":"https:\/\/parashopnarimel.com\/ar\/wp-json\/wp\/v2\/product_cat?post=7854"},{"taxonomy":"product_tag","embeddable":true,"href":"https:\/\/parashopnarimel.com\/ar\/wp-json\/wp\/v2\/product_tag?post=7854"}],"curies":[{"name":"wp","href":"https:\/\/api.w.org\/{rel}","templated":true}]}}