{"id":7856,"date":"2024-12-29T08:28:00","date_gmt":"2024-12-29T08:28:00","guid":{"rendered":"https:\/\/parashopnarimel.com\/?post_type=product&#038;p=7856"},"modified":"2025-01-19T10:00:26","modified_gmt":"2025-01-19T10:00:26","slug":"mustela-lait-de-toilette-200-ml","status":"publish","type":"product","link":"https:\/\/parashopnarimel.com\/ar\/product\/mustela-lait-de-toilette-200-ml\/","title":{"rendered":"Mustela Lait De Toilette 200 Ml"},"content":{"rendered":"<p>le lait de toilette sera votre fid\u00e8le compagnon. Utilisable sur le visage et le si\u00e8ge d\u00e8s la naissance*, il \u00e9limine efficacement et en douceur les salet\u00e9s, hydrate et laisse la peau douce.<br \/>\nGr\u00e2ce \u00e0 son ingr\u00e9dient phare, le Pers\u00e9ose d\u2019avocat\u00ae, il renforce la barri\u00e8re cutan\u00e9e et prot\u00e8ge le capital cellulaire de la peau des b\u00e9b\u00e9s.<br \/>\n98% d\u2019ingr\u00e9dients d\u2019origine naturelle.<br \/>\nTest\u00e9 dermatologiquement.\u00a0Sans ingr\u00e9dient d\u2019origine animale.<\/p>","protected":false},"excerpt":{"rendered":"<p>Mustela Lait de Toilette Sans Rin\u00e7age 200 ml est un lait \u00e0 haute tol\u00e9rance cutan\u00e9e qui s\u2019utilise d\u00e8s la naissance pour \u00e9liminer efficacement et en douceur les impuret\u00e9s du visage et des fesses. Formul\u00e9 avec de l\u2019avocat Bio, il \u00e9vite le dess\u00e8chement cutan\u00e9.<\/p>","protected":false},"featured_media":7935,"comment_status":"open","ping_status":"closed","template":"","meta":[],"product_brand":[],"product_cat":[76],"product_tag":[],"class_list":{"0":"post-7856","1":"product","2":"type-product","3":"status-publish","4":"has-post-thumbnail","6":"product_cat-bebe-et-maman","8":"first","9":"outofstock","10":"shipping-taxable","11":"purchasable","12":"product-type-simple"},"_links":{"self":[{"href":"https:\/\/parashopnarimel.com\/ar\/wp-json\/wp\/v2\/product\/7856","targetHints":{"allow":["GET"]}}],"collection":[{"href":"https:\/\/parashopnarimel.com\/ar\/wp-json\/wp\/v2\/product"}],"about":[{"href":"https:\/\/parashopnarimel.com\/ar\/wp-json\/wp\/v2\/types\/product"}],"replies":[{"embeddable":true,"href":"https:\/\/parashopnarimel.com\/ar\/wp-json\/wp\/v2\/comments?post=7856"}],"version-history":[{"count":2,"href":"https:\/\/parashopnarimel.com\/ar\/wp-json\/wp\/v2\/product\/7856\/revisions"}],"predecessor-version":[{"id":8201,"href":"https:\/\/parashopnarimel.com\/ar\/wp-json\/wp\/v2\/product\/7856\/revisions\/8201"}],"wp:featuredmedia":[{"embeddable":true,"href":"https:\/\/parashopnarimel.com\/ar\/wp-json\/wp\/v2\/media\/7935"}],"wp:attachment":[{"href":"https:\/\/parashopnarimel.com\/ar\/wp-json\/wp\/v2\/media?parent=7856"}],"wp:term":[{"taxonomy":"product_brand","embeddable":true,"href":"https:\/\/parashopnarimel.com\/ar\/wp-json\/wp\/v2\/product_brand?post=7856"},{"taxonomy":"product_cat","embeddable":true,"href":"https:\/\/parashopnarimel.com\/ar\/wp-json\/wp\/v2\/product_cat?post=7856"},{"taxonomy":"product_tag","embeddable":true,"href":"https:\/\/parashopnarimel.com\/ar\/wp-json\/wp\/v2\/product_tag?post=7856"}],"curies":[{"name":"wp","href":"https:\/\/api.w.org\/{rel}","templated":true}]}}