{"id":7857,"date":"2024-12-29T08:28:00","date_gmt":"2024-12-29T08:28:00","guid":{"rendered":"https:\/\/parashopnarimel.com\/?post_type=product&#038;p=7857"},"modified":"2025-01-19T10:00:47","modified_gmt":"2025-01-19T10:00:47","slug":"mustela-gel-nettoyant-2en1-200-ml","status":"publish","type":"product","link":"https:\/\/parashopnarimel.com\/ar\/product\/mustela-gel-nettoyant-2en1-200-ml\/","title":{"rendered":"Mustela Gel Nettoyant 2En1 200 Ml"},"content":{"rendered":"<p>Le gel nettoyant 2 en 1 corps et cheveux Mustela est destin\u00e9 aux enfants et nourrissons, et ce, d\u00e8s la naissance. Respectueux de la peau, il permet de laver le corps et le cuir chevelu tout en douceur.<br \/>\nSa composition est adapt\u00e9e \u00e0 la peau normale qui est par nature douce, souple et soyeuse. Sa formule sans savon et aux tensio-actifs doux \u00e9vite le dess\u00e8chement du cuir chevelu et de la peau. Par ailleurs, il ne pique pas les yeux.<br \/>\nLe pers\u00e9ose d\u2019avocat Bio est un actif naturel hydratant qui prot\u00e8ge et renforce la barri\u00e8re cutan\u00e9e mais aussi respecte et adoucit les cheveux des nourrissons.<br \/>\nLa glyc\u00e9rine v\u00e9g\u00e9tale hydrate et garde en surface le taux d\u2019hydratation afin d\u2019\u00e9viter l\u2019\u00e9vaporation de l\u2019eau gr\u00e2ce \u00e0 son action \u00e9molliente.<br \/>\nLe gel nettoyant 2 en 1 corps et cheveux de Mustela est id\u00e9al pour se d\u00e9placer gr\u00e2ce \u00e0 son format et son tube capsule service qui distribue la dose ad\u00e9quate.<br \/>\nMustela est la 1\u00e8re marque dermocosm\u00e9tique fran\u00e7aise \u00e0 \u00eatre certifi\u00e9e B corp. C\u2019est un label international pionnier et exigeant qui forme une communaut\u00e9 de 2000 entreprises \u00e0 travers le monde partageant une m\u00eame vision humaniste environnementale. Mustela priorise les ingr\u00e9dients d\u2019origine naturelle et veille \u00e0 minimiser son impact sur l\u2019environnement notamment avec ses formules lavantes et rinc\u00e9es biod\u00e9gradables.<\/p>","protected":false},"excerpt":{"rendered":"<p>Le gel nettoyant 2 en 1 corps et cheveux Mustela est destin\u00e9 aux enfants et nourrissons, et ce, d\u00e8s la naissance. Respectueux de la peau, il permet de laver le corps et le cuir chevelu tout en douceur.<\/p>","protected":false},"featured_media":7944,"comment_status":"open","ping_status":"closed","template":"","meta":[],"product_brand":[],"product_cat":[76],"product_tag":[],"class_list":{"0":"post-7857","1":"product","2":"type-product","3":"status-publish","4":"has-post-thumbnail","6":"product_cat-bebe-et-maman","8":"first","9":"instock","10":"shipping-taxable","11":"purchasable","12":"product-type-simple"},"_links":{"self":[{"href":"https:\/\/parashopnarimel.com\/ar\/wp-json\/wp\/v2\/product\/7857","targetHints":{"allow":["GET"]}}],"collection":[{"href":"https:\/\/parashopnarimel.com\/ar\/wp-json\/wp\/v2\/product"}],"about":[{"href":"https:\/\/parashopnarimel.com\/ar\/wp-json\/wp\/v2\/types\/product"}],"replies":[{"embeddable":true,"href":"https:\/\/parashopnarimel.com\/ar\/wp-json\/wp\/v2\/comments?post=7857"}],"version-history":[{"count":2,"href":"https:\/\/parashopnarimel.com\/ar\/wp-json\/wp\/v2\/product\/7857\/revisions"}],"predecessor-version":[{"id":8202,"href":"https:\/\/parashopnarimel.com\/ar\/wp-json\/wp\/v2\/product\/7857\/revisions\/8202"}],"wp:featuredmedia":[{"embeddable":true,"href":"https:\/\/parashopnarimel.com\/ar\/wp-json\/wp\/v2\/media\/7944"}],"wp:attachment":[{"href":"https:\/\/parashopnarimel.com\/ar\/wp-json\/wp\/v2\/media?parent=7857"}],"wp:term":[{"taxonomy":"product_brand","embeddable":true,"href":"https:\/\/parashopnarimel.com\/ar\/wp-json\/wp\/v2\/product_brand?post=7857"},{"taxonomy":"product_cat","embeddable":true,"href":"https:\/\/parashopnarimel.com\/ar\/wp-json\/wp\/v2\/product_cat?post=7857"},{"taxonomy":"product_tag","embeddable":true,"href":"https:\/\/parashopnarimel.com\/ar\/wp-json\/wp\/v2\/product_tag?post=7857"}],"curies":[{"name":"wp","href":"https:\/\/api.w.org\/{rel}","templated":true}]}}