{"id":7876,"date":"2024-12-29T08:28:23","date_gmt":"2024-12-29T08:28:23","guid":{"rendered":"https:\/\/parashopnarimel.com\/?post_type=product&#038;p=7876"},"modified":"2025-01-20T15:16:37","modified_gmt":"2025-01-20T15:16:37","slug":"mustela-hydra-bebe-lait-corps-peaux-normales-500ml","status":"publish","type":"product","link":"https:\/\/parashopnarimel.com\/ar\/product\/mustela-hydra-bebe-lait-corps-peaux-normales-500ml\/","title":{"rendered":"Mustela Hydra -Bebe Lait Corps Peaux Normales 500 Ml"},"content":{"rendered":"<p>Le\u00a0lait hydratant\u00a0pour le\u00a0corps Mustela\u00a0est sp\u00e9cialement formul\u00e9 pour\u00a0hydrater\u00a0et\u00a0prot\u00e9ger\u00a0la\u00a0peau\u00a0fragile des\u00a0b\u00e9b\u00e9s\u00a0et\u00a0nourrissons.<br \/>\nIl rend la\u00a0peau\u00a0soyeuse, souple, douce, tout en renfor\u00e7ant la\u00a0barri\u00e8re cutan\u00e9e. L\u2019extrait d\u2019avocat\u00a0permet de prendre soin du\u00a0capital cellulaire\u00a0des tout-petits. Le\u00a0lait corporel Mustela\u00a0est\u00a0hypoallerg\u00e9nique\u00a0et test\u00e9 sous contr\u00f4le\u00a0dermatologique.<\/p>","protected":false},"excerpt":{"rendered":"<p>Le Lait Hydratant Corps Hydra B\u00e9b\u00e9, hydrate imm\u00e9diatement et durablement la peau des enfants.<\/p>","protected":false},"featured_media":7954,"comment_status":"open","ping_status":"closed","template":"","meta":[],"product_brand":[],"product_cat":[76],"product_tag":[],"class_list":{"0":"post-7876","1":"product","2":"type-product","3":"status-publish","4":"has-post-thumbnail","6":"product_cat-bebe-et-maman","8":"first","9":"instock","10":"shipping-taxable","11":"purchasable","12":"product-type-simple"},"_links":{"self":[{"href":"https:\/\/parashopnarimel.com\/ar\/wp-json\/wp\/v2\/product\/7876","targetHints":{"allow":["GET"]}}],"collection":[{"href":"https:\/\/parashopnarimel.com\/ar\/wp-json\/wp\/v2\/product"}],"about":[{"href":"https:\/\/parashopnarimel.com\/ar\/wp-json\/wp\/v2\/types\/product"}],"replies":[{"embeddable":true,"href":"https:\/\/parashopnarimel.com\/ar\/wp-json\/wp\/v2\/comments?post=7876"}],"version-history":[{"count":3,"href":"https:\/\/parashopnarimel.com\/ar\/wp-json\/wp\/v2\/product\/7876\/revisions"}],"predecessor-version":[{"id":8207,"href":"https:\/\/parashopnarimel.com\/ar\/wp-json\/wp\/v2\/product\/7876\/revisions\/8207"}],"wp:featuredmedia":[{"embeddable":true,"href":"https:\/\/parashopnarimel.com\/ar\/wp-json\/wp\/v2\/media\/7954"}],"wp:attachment":[{"href":"https:\/\/parashopnarimel.com\/ar\/wp-json\/wp\/v2\/media?parent=7876"}],"wp:term":[{"taxonomy":"product_brand","embeddable":true,"href":"https:\/\/parashopnarimel.com\/ar\/wp-json\/wp\/v2\/product_brand?post=7876"},{"taxonomy":"product_cat","embeddable":true,"href":"https:\/\/parashopnarimel.com\/ar\/wp-json\/wp\/v2\/product_cat?post=7876"},{"taxonomy":"product_tag","embeddable":true,"href":"https:\/\/parashopnarimel.com\/ar\/wp-json\/wp\/v2\/product_tag?post=7876"}],"curies":[{"name":"wp","href":"https:\/\/api.w.org\/{rel}","templated":true}]}}