{"id":7877,"date":"2024-12-29T08:28:23","date_gmt":"2024-12-29T08:28:23","guid":{"rendered":"https:\/\/parashopnarimel.com\/?post_type=product&#038;p=7877"},"modified":"2025-01-19T09:59:26","modified_gmt":"2025-01-19T09:59:26","slug":"mustela-huile-de-massage-100-ml","status":"publish","type":"product","link":"https:\/\/parashopnarimel.com\/ar\/product\/mustela-huile-de-massage-100-ml\/","title":{"rendered":"Mustela Huile De Massage 100 Ml"},"content":{"rendered":"<p>Un moment de bonheur partag\u00e9 entre b\u00e9b\u00e9 et ses parents. C\u2019est ce qui vous attend avec l\u2019Huile de Massage B\u00e9b\u00e9 \u00e0 l\u2019huile d\u2019avocat. Utilisable d\u00e8s la naissance*, ce soin hydrate et apaise tout en douceur.<br \/>\nAu c\u0153ur de sa formule, l\u2019huile d\u2019avocat aide \u00e0 restaurer le film hydrolipidique. Bonus, sa formule est vegan** et sa bouteille est recyclable*<\/p>","protected":false},"excerpt":{"rendered":"<p>L\u2019Huile de Massage B\u00e9b\u00e9 \u00e0 l\u2019huile d\u2019avocat, procure d\u00e9tente et bien-\u00eatre tout en hydratant et apaisant. Elle p\u00e9n\u00e8tre facilement et laisse un film protecteur sur la peau. Elle est utilisable d\u00e8s la naissance.<\/p>","protected":false},"featured_media":7956,"comment_status":"open","ping_status":"closed","template":"","meta":[],"product_brand":[],"product_cat":[76],"product_tag":[],"class_list":{"0":"post-7877","1":"product","2":"type-product","3":"status-publish","4":"has-post-thumbnail","6":"product_cat-bebe-et-maman","8":"first","9":"outofstock","10":"shipping-taxable","11":"purchasable","12":"product-type-simple"},"_links":{"self":[{"href":"https:\/\/parashopnarimel.com\/ar\/wp-json\/wp\/v2\/product\/7877","targetHints":{"allow":["GET"]}}],"collection":[{"href":"https:\/\/parashopnarimel.com\/ar\/wp-json\/wp\/v2\/product"}],"about":[{"href":"https:\/\/parashopnarimel.com\/ar\/wp-json\/wp\/v2\/types\/product"}],"replies":[{"embeddable":true,"href":"https:\/\/parashopnarimel.com\/ar\/wp-json\/wp\/v2\/comments?post=7877"}],"version-history":[{"count":3,"href":"https:\/\/parashopnarimel.com\/ar\/wp-json\/wp\/v2\/product\/7877\/revisions"}],"predecessor-version":[{"id":8191,"href":"https:\/\/parashopnarimel.com\/ar\/wp-json\/wp\/v2\/product\/7877\/revisions\/8191"}],"wp:featuredmedia":[{"embeddable":true,"href":"https:\/\/parashopnarimel.com\/ar\/wp-json\/wp\/v2\/media\/7956"}],"wp:attachment":[{"href":"https:\/\/parashopnarimel.com\/ar\/wp-json\/wp\/v2\/media?parent=7877"}],"wp:term":[{"taxonomy":"product_brand","embeddable":true,"href":"https:\/\/parashopnarimel.com\/ar\/wp-json\/wp\/v2\/product_brand?post=7877"},{"taxonomy":"product_cat","embeddable":true,"href":"https:\/\/parashopnarimel.com\/ar\/wp-json\/wp\/v2\/product_cat?post=7877"},{"taxonomy":"product_tag","embeddable":true,"href":"https:\/\/parashopnarimel.com\/ar\/wp-json\/wp\/v2\/product_tag?post=7877"}],"curies":[{"name":"wp","href":"https:\/\/api.w.org\/{rel}","templated":true}]}}