{"id":7879,"date":"2024-12-29T08:28:23","date_gmt":"2024-12-29T08:28:23","guid":{"rendered":"https:\/\/parashopnarimel.com\/?post_type=product&#038;p=7879"},"modified":"2025-01-19T09:59:44","modified_gmt":"2025-01-19T09:59:44","slug":"gel-lavant-doux-500ml-peaux-normales-mustela","status":"publish","type":"product","link":"https:\/\/parashopnarimel.com\/ar\/product\/gel-lavant-doux-500ml-peaux-normales-mustela\/","title":{"rendered":"Gel Lavant Doux  500Ml Peaux Normales Mustela"},"content":{"rendered":"<p>Le\u00a0gel douche\u00a0doux pour\u00a0b\u00e9b\u00e9s\u00a0et\u00a0enfants\u00a0d\u00e8s la naissance de\u00a0Mustela, est id\u00e9al pour laver le\u00a0corps\u00a0et les\u00a0cheveux\u00a0de votre\u00a0enfant, tout en douceur.<br \/>\nIl nettoie,\u00a0apaise\u00a0et compense les effets dess\u00e9chants du\u00a0bain. Sp\u00e9cialement formul\u00e9 pour respecter le\u00a0cuir chevelu\u00a0d\u00e9licat des\u00a0nourrissons, des\u00a0b\u00e9b\u00e9s\u00a0et des\u00a0enfants. Test\u00e9 sous contr\u00f4le\u00a0dermatologique,\u00a0il ne pique pas les yeux.<\/p>","protected":false},"excerpt":{"rendered":"<p>MUSTELA Gel Lavant doux A l\u2019avocat issu de culture BIO Nettoie et prot\u00e8ge Corps et cheveux<br \/>\n93% ingr\u00e9dients d\u2019origine naturelle B\u00e9b\u00e9 et enfant d\u00e8s la naissance Peaux normales 500mL<\/p>","protected":false},"featured_media":7967,"comment_status":"open","ping_status":"closed","template":"","meta":[],"product_brand":[],"product_cat":[76],"product_tag":[],"class_list":{"0":"post-7879","1":"product","2":"type-product","3":"status-publish","4":"has-post-thumbnail","6":"product_cat-bebe-et-maman","8":"first","9":"outofstock","10":"shipping-taxable","11":"purchasable","12":"product-type-simple"},"_links":{"self":[{"href":"https:\/\/parashopnarimel.com\/ar\/wp-json\/wp\/v2\/product\/7879","targetHints":{"allow":["GET"]}}],"collection":[{"href":"https:\/\/parashopnarimel.com\/ar\/wp-json\/wp\/v2\/product"}],"about":[{"href":"https:\/\/parashopnarimel.com\/ar\/wp-json\/wp\/v2\/types\/product"}],"replies":[{"embeddable":true,"href":"https:\/\/parashopnarimel.com\/ar\/wp-json\/wp\/v2\/comments?post=7879"}],"version-history":[{"count":2,"href":"https:\/\/parashopnarimel.com\/ar\/wp-json\/wp\/v2\/product\/7879\/revisions"}],"predecessor-version":[{"id":8196,"href":"https:\/\/parashopnarimel.com\/ar\/wp-json\/wp\/v2\/product\/7879\/revisions\/8196"}],"wp:featuredmedia":[{"embeddable":true,"href":"https:\/\/parashopnarimel.com\/ar\/wp-json\/wp\/v2\/media\/7967"}],"wp:attachment":[{"href":"https:\/\/parashopnarimel.com\/ar\/wp-json\/wp\/v2\/media?parent=7879"}],"wp:term":[{"taxonomy":"product_brand","embeddable":true,"href":"https:\/\/parashopnarimel.com\/ar\/wp-json\/wp\/v2\/product_brand?post=7879"},{"taxonomy":"product_cat","embeddable":true,"href":"https:\/\/parashopnarimel.com\/ar\/wp-json\/wp\/v2\/product_cat?post=7879"},{"taxonomy":"product_tag","embeddable":true,"href":"https:\/\/parashopnarimel.com\/ar\/wp-json\/wp\/v2\/product_tag?post=7879"}],"curies":[{"name":"wp","href":"https:\/\/api.w.org\/{rel}","templated":true}]}}