{"id":7896,"date":"2024-12-29T08:28:47","date_gmt":"2024-12-29T08:28:47","guid":{"rendered":"https:\/\/parashopnarimel.com\/?post_type=product&#038;p=7896"},"modified":"2025-01-19T09:33:25","modified_gmt":"2025-01-19T09:33:25","slug":"mustela-soin-croutes-de-lait-40-ml","status":"publish","type":"product","link":"https:\/\/parashopnarimel.com\/ar\/product\/mustela-soin-croutes-de-lait-40-ml\/","title":{"rendered":"Mustela Soin Cro\u00fbtes De Lait 40 Ml"},"content":{"rendered":"<p>Ce soin \u00e0 base de 95% d\u2019ingr\u00e9dients d\u2019origine naturelle offre plusieurs actions :<br \/>\n\u2013 il apaise les sensations d\u2019inconfort gr\u00e2ce \u00e0 ses propri\u00e9t\u00e9s hydratantes,<br \/>\n\u2013 il favorise l\u2019\u00e9limination rapide des cro\u00fbtes de lait,<br \/>\n\u2013 il aide \u00e0 limiter leur r\u00e9apparition en att\u00e9nuant l\u2019exc\u00e8s de s\u00e9bum lors de l\u2019utilisation du produit,<br \/>\n\u2013 il offre une haute tol\u00e9rance d\u00e8s la naissance.<br \/>\nHypoallerg\u00e9nique. Test\u00e9 sous contr\u00f4le dermatologique et p\u00e9diatrique.<br \/>\nSans parfum.<\/p>","protected":false},"excerpt":{"rendered":"<p>Mustela Soin Cro\u00fbtes de Lait 40 ml est un soin qui \u00e9limine et aide \u00e0 limiter l\u2019apparition des cro\u00fbtes de lait. Son complexe d\u2019actifs brevet\u00e9s r\u00e9\u00e9quilibrant apaise le cuir chevelu gr\u00e2ce notamment aux polyph\u00e9nols d\u2019avocat.<\/p>","protected":false},"featured_media":7973,"comment_status":"open","ping_status":"closed","template":"","meta":[],"product_brand":[],"product_cat":[76],"product_tag":[],"class_list":{"0":"post-7896","1":"product","2":"type-product","3":"status-publish","4":"has-post-thumbnail","6":"product_cat-bebe-et-maman","8":"first","9":"outofstock","10":"shipping-taxable","11":"purchasable","12":"product-type-simple"},"_links":{"self":[{"href":"https:\/\/parashopnarimel.com\/ar\/wp-json\/wp\/v2\/product\/7896","targetHints":{"allow":["GET"]}}],"collection":[{"href":"https:\/\/parashopnarimel.com\/ar\/wp-json\/wp\/v2\/product"}],"about":[{"href":"https:\/\/parashopnarimel.com\/ar\/wp-json\/wp\/v2\/types\/product"}],"replies":[{"embeddable":true,"href":"https:\/\/parashopnarimel.com\/ar\/wp-json\/wp\/v2\/comments?post=7896"}],"version-history":[{"count":2,"href":"https:\/\/parashopnarimel.com\/ar\/wp-json\/wp\/v2\/product\/7896\/revisions"}],"predecessor-version":[{"id":8188,"href":"https:\/\/parashopnarimel.com\/ar\/wp-json\/wp\/v2\/product\/7896\/revisions\/8188"}],"wp:featuredmedia":[{"embeddable":true,"href":"https:\/\/parashopnarimel.com\/ar\/wp-json\/wp\/v2\/media\/7973"}],"wp:attachment":[{"href":"https:\/\/parashopnarimel.com\/ar\/wp-json\/wp\/v2\/media?parent=7896"}],"wp:term":[{"taxonomy":"product_brand","embeddable":true,"href":"https:\/\/parashopnarimel.com\/ar\/wp-json\/wp\/v2\/product_brand?post=7896"},{"taxonomy":"product_cat","embeddable":true,"href":"https:\/\/parashopnarimel.com\/ar\/wp-json\/wp\/v2\/product_cat?post=7896"},{"taxonomy":"product_tag","embeddable":true,"href":"https:\/\/parashopnarimel.com\/ar\/wp-json\/wp\/v2\/product_tag?post=7896"}],"curies":[{"name":"wp","href":"https:\/\/api.w.org\/{rel}","templated":true}]}}