{"id":7898,"date":"2024-12-29T08:28:47","date_gmt":"2024-12-29T08:28:47","guid":{"rendered":"https:\/\/parashopnarimel.com\/?post_type=product&#038;p=7898"},"modified":"2025-01-19T09:33:58","modified_gmt":"2025-01-19T09:33:58","slug":"mustela-creme-change-1-2-3-100-ml","status":"publish","type":"product","link":"https:\/\/parashopnarimel.com\/ar\/product\/mustela-creme-change-1-2-3-100-ml\/","title":{"rendered":"Mustela Cr\u00e8me Change 1 2 3 100 Ml"},"content":{"rendered":"<p>Sans parfum, sans paraben et sans conservateur, cette cr\u00e8me test\u00e9e cliniquement est formul\u00e9e pour minimiser les risques d\u2019allergies. Elle s\u2019utilise d\u00e8s la naissance et jusqu\u2019\u00e0 l\u2019arr\u00eat des couches.<br \/>\nSoin complet de l\u2019\u00e9piderme, elle pr\u00e9vient gr\u00e2ce \u00e0 la Pers\u00e9ose d\u2019Avocat, soulage d\u00e8s la premi\u00e8re application, gr\u00e2ce \u00e0 l\u2019Ox\u00e9oline d\u2019Alcac\u00e9a, et r\u00e9pare durablement gr\u00e2ce \u00e0 l\u2019Ol\u00e9odistillat de tournesol. De plus, l\u2019Oxyde de zinc ajoute des propri\u00e9t\u00e9s protectrices et anti-enzymatiques.<\/p>","protected":false},"excerpt":{"rendered":"<p>La cr\u00e8me de change 1 2 3 en tube de 100 ml du laboratoire Mustela est une cr\u00e8me qui pr\u00e9vient, soulage et r\u00e9pare les irritations et les rougeurs du si\u00e8ge chez le b\u00e9b\u00e9 et le nourrisson.<\/p>","protected":false},"featured_media":7977,"comment_status":"open","ping_status":"closed","template":"","meta":[],"product_brand":[],"product_cat":[76],"product_tag":[],"class_list":{"0":"post-7898","1":"product","2":"type-product","3":"status-publish","4":"has-post-thumbnail","6":"product_cat-bebe-et-maman","8":"first","9":"instock","10":"sale","11":"shipping-taxable","12":"purchasable","13":"product-type-simple"},"_links":{"self":[{"href":"https:\/\/parashopnarimel.com\/ar\/wp-json\/wp\/v2\/product\/7898","targetHints":{"allow":["GET"]}}],"collection":[{"href":"https:\/\/parashopnarimel.com\/ar\/wp-json\/wp\/v2\/product"}],"about":[{"href":"https:\/\/parashopnarimel.com\/ar\/wp-json\/wp\/v2\/types\/product"}],"replies":[{"embeddable":true,"href":"https:\/\/parashopnarimel.com\/ar\/wp-json\/wp\/v2\/comments?post=7898"}],"version-history":[{"count":2,"href":"https:\/\/parashopnarimel.com\/ar\/wp-json\/wp\/v2\/product\/7898\/revisions"}],"predecessor-version":[{"id":8184,"href":"https:\/\/parashopnarimel.com\/ar\/wp-json\/wp\/v2\/product\/7898\/revisions\/8184"}],"wp:featuredmedia":[{"embeddable":true,"href":"https:\/\/parashopnarimel.com\/ar\/wp-json\/wp\/v2\/media\/7977"}],"wp:attachment":[{"href":"https:\/\/parashopnarimel.com\/ar\/wp-json\/wp\/v2\/media?parent=7898"}],"wp:term":[{"taxonomy":"product_brand","embeddable":true,"href":"https:\/\/parashopnarimel.com\/ar\/wp-json\/wp\/v2\/product_brand?post=7898"},{"taxonomy":"product_cat","embeddable":true,"href":"https:\/\/parashopnarimel.com\/ar\/wp-json\/wp\/v2\/product_cat?post=7898"},{"taxonomy":"product_tag","embeddable":true,"href":"https:\/\/parashopnarimel.com\/ar\/wp-json\/wp\/v2\/product_tag?post=7898"}],"curies":[{"name":"wp","href":"https:\/\/api.w.org\/{rel}","templated":true}]}}