{"id":795,"date":"2024-12-08T02:28:14","date_gmt":"2024-12-08T02:28:14","guid":{"rendered":"https:\/\/parashopnarimel.com\/?post_type=product&#038;p=795"},"modified":"2025-01-19T10:57:38","modified_gmt":"2025-01-19T10:57:38","slug":"cicalfatcreme-reparatrice-protectrice","status":"publish","type":"product","link":"https:\/\/parashopnarimel.com\/ar\/product\/cicalfatcreme-reparatrice-protectrice\/","title":{"rendered":"CICALFAT+CR\u00c8ME R\u00c9PARATRICE PROTECTRICE"},"content":{"rendered":"<p>La cr\u00e8me r\u00e9paratrice protectrice pour apaiser, r\u00e9parer* et assainir les peaux irrit\u00e9es de toute la famille au quotidien.<br \/>\n*favorise la r\u00e9paration \u00e9pidermique<\/p>","protected":false},"excerpt":{"rendered":"<ul class=\"container-toggle container-toggle-small textes\" data-toggle=\"true\">\n<li class=\"subcontainer-toggle toggle-active\" data-title=\"bienfaits\">\n<div class=\"toggle-content\">\n<div class=\"toggle-content-caption\"><img fetchpriority=\"high\" decoding=\"async\" class=\"alignnone size-medium wp-image-799\" src=\"https:\/\/parashopnarimel.com\/wp-content\/uploads\/2024\/12\/av_cicalfate_repairing-protective-cream_outer-packaging_40ml_3282770204667_2-248x300.png\" alt=\"\" width=\"248\" height=\"300\" srcset=\"https:\/\/parashopnarimel.com\/wp-content\/uploads\/2024\/12\/av_cicalfate_repairing-protective-cream_outer-packaging_40ml_3282770204667_2-248x300.png 248w, https:\/\/parashopnarimel.com\/wp-content\/uploads\/2024\/12\/av_cicalfate_repairing-protective-cream_outer-packaging_40ml_3282770204667_2-150x182.png 150w, https:\/\/parashopnarimel.com\/wp-content\/uploads\/2024\/12\/av_cicalfate_repairing-protective-cream_outer-packaging_40ml_3282770204667_2-10x12.png 10w, https:\/\/parashopnarimel.com\/wp-content\/uploads\/2024\/12\/av_cicalfate_repairing-protective-cream_outer-packaging_40ml_3282770204667_2.png 380w\" sizes=\"(max-width: 248px) 100vw, 248px\" \/>Une formule \u00e0 la fois r\u00e9paratrice et protectrice, tr\u00e8s bien tol\u00e9r\u00e9e, Cicalfate+ est la cr\u00e8me pour les irritations de toute la famille. Encore plus efficace, imm\u00e9diatement apaisante, gr\u00e2ce \u00e0 une association unique d&rsquo;actifs : 1.R\u00c9PARATRICE [C+-Restore]TM, 1er actif r\u00e9parateur postbiotique, issu de l&rsquo;Eau thermale d&rsquo;Av\u00e8ne, favorise la r\u00e9paration de l&rsquo;\u00e9piderme. 2.ASSAINISSANTE L&rsquo;association sulfate de cuivre &#8211; sulfate de zinc limite le risque de prolif\u00e9ration bact\u00e9rienne. 3.APAISANTE Riche en Eau thermale d&rsquo;Av\u00e8ne, elle apaise les \u00e9pidermes fragilis\u00e9s.<\/div>\n<\/div>\n<\/li>\n<\/ul>","protected":false},"featured_media":796,"comment_status":"open","ping_status":"closed","template":"","meta":[],"product_brand":[],"product_cat":[76,2915,29,2911],"product_tag":[],"class_list":{"0":"post-795","1":"product","2":"type-product","3":"status-publish","4":"has-post-thumbnail","6":"product_cat-bebe-et-maman","7":"product_cat-bien-etre","8":"product_cat-creme","9":"product_cat-creme-corps","11":"first","12":"instock","13":"shipping-taxable","14":"purchasable","15":"product-type-simple"},"_links":{"self":[{"href":"https:\/\/parashopnarimel.com\/ar\/wp-json\/wp\/v2\/product\/795","targetHints":{"allow":["GET"]}}],"collection":[{"href":"https:\/\/parashopnarimel.com\/ar\/wp-json\/wp\/v2\/product"}],"about":[{"href":"https:\/\/parashopnarimel.com\/ar\/wp-json\/wp\/v2\/types\/product"}],"replies":[{"embeddable":true,"href":"https:\/\/parashopnarimel.com\/ar\/wp-json\/wp\/v2\/comments?post=795"}],"version-history":[{"count":2,"href":"https:\/\/parashopnarimel.com\/ar\/wp-json\/wp\/v2\/product\/795\/revisions"}],"predecessor-version":[{"id":800,"href":"https:\/\/parashopnarimel.com\/ar\/wp-json\/wp\/v2\/product\/795\/revisions\/800"}],"wp:featuredmedia":[{"embeddable":true,"href":"https:\/\/parashopnarimel.com\/ar\/wp-json\/wp\/v2\/media\/796"}],"wp:attachment":[{"href":"https:\/\/parashopnarimel.com\/ar\/wp-json\/wp\/v2\/media?parent=795"}],"wp:term":[{"taxonomy":"product_brand","embeddable":true,"href":"https:\/\/parashopnarimel.com\/ar\/wp-json\/wp\/v2\/product_brand?post=795"},{"taxonomy":"product_cat","embeddable":true,"href":"https:\/\/parashopnarimel.com\/ar\/wp-json\/wp\/v2\/product_cat?post=795"},{"taxonomy":"product_tag","embeddable":true,"href":"https:\/\/parashopnarimel.com\/ar\/wp-json\/wp\/v2\/product_tag?post=795"}],"curies":[{"name":"wp","href":"https:\/\/api.w.org\/{rel}","templated":true}]}}