{"id":7958,"date":"2024-12-29T08:30:00","date_gmt":"2024-12-29T08:30:00","guid":{"rendered":"https:\/\/parashopnarimel.com\/?post_type=product&#038;p=7958"},"modified":"2025-01-19T09:35:00","modified_gmt":"2025-01-19T09:35:00","slug":"lotion-anti-chute-100-ml-novophane-acm","status":"publish","type":"product","link":"https:\/\/parashopnarimel.com\/ar\/product\/lotion-anti-chute-100-ml-novophane-acm\/","title":{"rendered":"Lotion Anti Chute 100 Ml Novophane Acm"},"content":{"rendered":"<p>Gr\u00e2ce \u00e0 sa formule compl\u00e8te, la lotion anti-chute Novophane permet de ralentir visiblement la chute de cheveux r\u00e9actionnelle des hommes et des femmes d\u00e8s 6 semaines d\u2019application*.<br \/>\nElle stimule la repousse, nourrit et fortifie les cheveux gr\u00e2ce \u00e0 son association d\u2019actifs (vit. C, E, B5, B6, PP, H, huiles essentielles). La vitamine PP permet de stimuler la microcirculation du cuir chevelu. Tandis que la biotine, la Vitamine B6 et l\u2019Huile essentielle de pamplemousse et d\u2019orange r\u00e9gulent la production de s\u00e9bum. Vos cheveux retrouvent rapidement leur force, leur vigueur et leur \u00e9clat.<br \/>\nElle offre une excellente tol\u00e9rance cutan\u00e9e et n\u2019irrite pas le cuir chevelu.<br \/>\nSa texture l\u00e9g\u00e8re permet une p\u00e9n\u00e9tration optimale, ne graisse pas les cheveux et n\u2019ass\u00e8che pas les cheveux.<br \/>\nSous forme de flacon pompe, elle est pratique \u00e0 utiliser. Sa contenance de 100 ml permet une cure de 3 mois.<br \/>\n*\u00c9tude clinique r\u00e9alis\u00e9e sur 29 hommes et femmes pendant 12 semaines \u2013 2012<\/p>","protected":false},"excerpt":{"rendered":"<p>Gr\u00e2ce \u00e0 sa formule compl\u00e8te, la lotion anti-chute Novophane permet de ralentir visiblement la chute de cheveux r\u00e9actionnelle des hommes et des femmes d\u00e8s 6 semaines d\u2019application*.<\/p>","protected":false},"featured_media":8032,"comment_status":"open","ping_status":"closed","template":"","meta":[],"product_brand":[],"product_cat":[33,2920],"product_tag":[],"class_list":{"0":"post-7958","1":"product","2":"type-product","3":"status-publish","4":"has-post-thumbnail","6":"product_cat-cheveux","7":"product_cat-huiles-et-spray","9":"first","10":"instock","11":"shipping-taxable","12":"purchasable","13":"product-type-simple"},"_links":{"self":[{"href":"https:\/\/parashopnarimel.com\/ar\/wp-json\/wp\/v2\/product\/7958","targetHints":{"allow":["GET"]}}],"collection":[{"href":"https:\/\/parashopnarimel.com\/ar\/wp-json\/wp\/v2\/product"}],"about":[{"href":"https:\/\/parashopnarimel.com\/ar\/wp-json\/wp\/v2\/types\/product"}],"replies":[{"embeddable":true,"href":"https:\/\/parashopnarimel.com\/ar\/wp-json\/wp\/v2\/comments?post=7958"}],"version-history":[{"count":2,"href":"https:\/\/parashopnarimel.com\/ar\/wp-json\/wp\/v2\/product\/7958\/revisions"}],"predecessor-version":[{"id":8226,"href":"https:\/\/parashopnarimel.com\/ar\/wp-json\/wp\/v2\/product\/7958\/revisions\/8226"}],"wp:featuredmedia":[{"embeddable":true,"href":"https:\/\/parashopnarimel.com\/ar\/wp-json\/wp\/v2\/media\/8032"}],"wp:attachment":[{"href":"https:\/\/parashopnarimel.com\/ar\/wp-json\/wp\/v2\/media?parent=7958"}],"wp:term":[{"taxonomy":"product_brand","embeddable":true,"href":"https:\/\/parashopnarimel.com\/ar\/wp-json\/wp\/v2\/product_brand?post=7958"},{"taxonomy":"product_cat","embeddable":true,"href":"https:\/\/parashopnarimel.com\/ar\/wp-json\/wp\/v2\/product_cat?post=7958"},{"taxonomy":"product_tag","embeddable":true,"href":"https:\/\/parashopnarimel.com\/ar\/wp-json\/wp\/v2\/product_tag?post=7958"}],"curies":[{"name":"wp","href":"https:\/\/api.w.org\/{rel}","templated":true}]}}